{"id":336,"date":"2023-06-30T03:49:51","date_gmt":"2023-06-30T01:49:51","guid":{"rendered":"https:\/\/toupeewholesale.com\/de\/\/?page_id=336"},"modified":"2023-07-04T12:04:55","modified_gmt":"2023-07-04T10:04:55","slug":"toupet-manner-skin-haarsysteme","status":"publish","type":"page","link":"https:\/\/toupeewholesale.com\/de\/toupet-manner-skin-haarsysteme\/","title":{"rendered":"Skin Haarsysteme"},"content":{"rendered":"<div class=\"wp-block-columns alignwide is-layout-flex wp-container-core-columns-is-layout-28f84493 wp-block-columns-is-layout-flex\"><div class=\"wp-block-column is-layout-flow wp-block-column-is-layout-flow\"><div class=\"wp-block-columns is-layout-flex wp-container-core-columns-is-layout-28f84493 wp-block-columns-is-layout-flex\"><div class=\"wp-block-column is-layout-flow wp-block-column-is-layout-flow\"><div class=\"wp-block-group is-vertical is-content-justification-center is-layout-flex wp-container-core-group-is-layout-ce155fab wp-block-group-is-layout-flex\"><figure class=\"wp-block-image size-full\"><a href=\"https:\/\/toupeewholesale.com\/de\/\/produkt\/echthaar-toupet-fuer-maenner-0-03mm-duennes-haut-haarteil\/\"><img loading=\"lazy\" decoding=\"async\" width=\"999\" height=\"999\" src=\"https:\/\/toupeewholesale.com\/de\/\/wp-content\/uploads\/2023\/06\/02-041.jpg\" alt=\"\" class=\"wp-image-17\" srcset=\"https:\/\/toupeewholesale.com\/de\/wp-content\/uploads\/2023\/06\/02-041.jpg 999w, https:\/\/toupeewholesale.com\/de\/wp-content\/uploads\/2023\/06\/02-041-600x600.jpg 600w, https:\/\/toupeewholesale.com\/de\/wp-content\/uploads\/2023\/06\/02-041-100x100.jpg 100w, https:\/\/toupeewholesale.com\/de\/wp-content\/uploads\/2023\/06\/02-041-500x500.jpg 500w, https:\/\/toupeewholesale.com\/de\/wp-content\/uploads\/2023\/06\/02-041-768x768.jpg 768w\" sizes=\"auto, (max-width: 999px) 100vw, 999px\" \/><\/a><\/figure>\n\n<p class=\"has-text-align-center\"><a href=\"https:\/\/toupeewholesale.com\/de\/\/produkt\/echthaar-toupet-fuer-maenner-0-03mm-duennes-haut-haarteil\/\">Echthaar Toupet f\u00fcr M\u00e4nner, 0.03mm D\u00fcnnes Haut Haarteil<\/a><\/p>\n\n<p class=\"has-vivid-red-color has-text-color\" style=\"font-size:25px\"><strong>\u20ac219<\/strong><\/p><\/div><\/div>\n\n<div class=\"wp-block-column is-layout-flow wp-block-column-is-layout-flow\"><div class=\"wp-block-group is-vertical is-content-justification-center is-layout-flex wp-container-core-group-is-layout-ce155fab wp-block-group-is-layout-flex\"><figure class=\"wp-block-image size-full\"><a href=\"https:\/\/toupeewholesale.com\/de\/\/produkt\/echthaar-toupet-fuer-maenner-0-04-0-06mm-v-loop-pu-super-duenn-haut-haarsystem\/\"><img loading=\"lazy\" decoding=\"async\" width=\"999\" height=\"999\" src=\"https:\/\/toupeewholesale.com\/de\/\/wp-content\/uploads\/2023\/06\/04-06-2.jpg\" alt=\"\" class=\"wp-image-22\" srcset=\"https:\/\/toupeewholesale.com\/de\/wp-content\/uploads\/2023\/06\/04-06-2.jpg 999w, https:\/\/toupeewholesale.com\/de\/wp-content\/uploads\/2023\/06\/04-06-2-600x600.jpg 600w, https:\/\/toupeewholesale.com\/de\/wp-content\/uploads\/2023\/06\/04-06-2-100x100.jpg 100w, https:\/\/toupeewholesale.com\/de\/wp-content\/uploads\/2023\/06\/04-06-2-500x500.jpg 500w, https:\/\/toupeewholesale.com\/de\/wp-content\/uploads\/2023\/06\/04-06-2-768x768.jpg 768w\" sizes=\"auto, (max-width: 999px) 100vw, 999px\" \/><\/a><\/figure>\n\n<p class=\"has-text-align-center\"><a href=\"https:\/\/toupeewholesale.com\/de\/\/produkt\/echthaar-toupet-fuer-maenner-0-04-0-06mm-v-loop-pu-super-duenn-haut-haarsystem\/\">Echthaar Toupet f\u00fcr M\u00e4nner \u2013 0.04-0.06mm V-Loop PU Super D\u00fcnn Haut Haarsystem<\/a><\/p>\n\n<p class=\"has-vivid-red-color has-text-color\" style=\"font-size:25px\"><strong>\u20ac219<\/strong><\/p><\/div><\/div><\/div><\/div>\n\n<div class=\"wp-block-column is-layout-flow wp-block-column-is-layout-flow\"><div class=\"wp-block-columns is-layout-flex wp-container-core-columns-is-layout-28f84493 wp-block-columns-is-layout-flex\"><div class=\"wp-block-column is-layout-flow wp-block-column-is-layout-flow\"><div class=\"wp-block-group is-vertical is-content-justification-center is-layout-flex wp-container-core-group-is-layout-ce155fab wp-block-group-is-layout-flex\"><figure class=\"wp-block-image size-full\"><a href=\"https:\/\/toupeewholesale.com\/de\/\/produkt\/echthaar-toupet-fuer-maenner-0-08-mm-duennes-haut-haarteil\/\"><img loading=\"lazy\" decoding=\"async\" width=\"999\" height=\"999\" src=\"https:\/\/toupeewholesale.com\/de\/\/wp-content\/uploads\/2023\/06\/0608-1.jpg\" alt=\"\" class=\"wp-image-27\" srcset=\"https:\/\/toupeewholesale.com\/de\/wp-content\/uploads\/2023\/06\/0608-1.jpg 999w, https:\/\/toupeewholesale.com\/de\/wp-content\/uploads\/2023\/06\/0608-1-600x600.jpg 600w, https:\/\/toupeewholesale.com\/de\/wp-content\/uploads\/2023\/06\/0608-1-100x100.jpg 100w, https:\/\/toupeewholesale.com\/de\/wp-content\/uploads\/2023\/06\/0608-1-500x500.jpg 500w, https:\/\/toupeewholesale.com\/de\/wp-content\/uploads\/2023\/06\/0608-1-768x768.jpg 768w\" sizes=\"auto, (max-width: 999px) 100vw, 999px\" \/><\/a><\/figure>\n\n<p class=\"has-text-align-center\"><a href=\"https:\/\/toupeewholesale.com\/de\/\/produkt\/echthaar-toupet-fuer-maenner-0-08-mm-duennes-haut-haarteil\/\">Echthaar Toupet f\u00fcr M\u00e4nner, 0.08 mm D\u00fcnnes Haut Haarteil<\/a><\/p>\n\n<p class=\"has-vivid-red-color has-text-color\" style=\"font-size:25px\"><strong>\u20ac219<\/strong><\/p><\/div><\/div>\n\n<div class=\"wp-block-column is-layout-flow wp-block-column-is-layout-flow\"><div class=\"wp-block-group is-vertical is-content-justification-center is-layout-flex wp-container-core-group-is-layout-ce155fab wp-block-group-is-layout-flex\"><figure class=\"wp-block-image size-full\"><a href=\"https:\/\/toupeewholesale.com\/de\/\/produkt\/echthaar-toupet-fuer-maenner-0-10-mm-duennes-haut-haarteil\/\"><img loading=\"lazy\" decoding=\"async\" width=\"999\" height=\"999\" src=\"https:\/\/toupeewholesale.com\/de\/\/wp-content\/uploads\/2023\/06\/0810-2.jpg\" alt=\"\" class=\"wp-image-32\" srcset=\"https:\/\/toupeewholesale.com\/de\/wp-content\/uploads\/2023\/06\/0810-2.jpg 999w, https:\/\/toupeewholesale.com\/de\/wp-content\/uploads\/2023\/06\/0810-2-600x600.jpg 600w, https:\/\/toupeewholesale.com\/de\/wp-content\/uploads\/2023\/06\/0810-2-100x100.jpg 100w, https:\/\/toupeewholesale.com\/de\/wp-content\/uploads\/2023\/06\/0810-2-500x500.jpg 500w, https:\/\/toupeewholesale.com\/de\/wp-content\/uploads\/2023\/06\/0810-2-768x768.jpg 768w\" sizes=\"auto, (max-width: 999px) 100vw, 999px\" \/><\/a><\/figure>\n\n<p class=\"has-text-align-center\"><a href=\"https:\/\/toupeewholesale.com\/de\/\/produkt\/echthaar-toupet-fuer-maenner-0-10-mm-duennes-haut-haarteil\/\">Echthaar Toupet f\u00fcr M\u00e4nner, 0.10 mm D\u00fcnnes Haut Haarteil<\/a><\/p>\n\n<p class=\"has-vivid-red-color has-text-color\" style=\"font-size:25px\"><strong>\u20ac219<\/strong><\/p><\/div><\/div><\/div><\/div><\/div><div class=\"wp-block-columns alignwide is-layout-flex wp-container-core-columns-is-layout-28f84493 wp-block-columns-is-layout-flex\"><div class=\"wp-block-column is-layout-flow wp-block-column-is-layout-flow\"><div class=\"wp-block-columns is-layout-flex wp-container-core-columns-is-layout-28f84493 wp-block-columns-is-layout-flex\"><div class=\"wp-block-column is-layout-flow wp-block-column-is-layout-flow\"><div class=\"wp-block-group is-vertical is-content-justification-center is-layout-flex wp-container-core-group-is-layout-ce155fab wp-block-group-is-layout-flex\"><figure class=\"wp-block-image size-full\"><a href=\"https:\/\/toupeewholesale.com\/de\/\/produkt\/echthaar-toupet-fuer-maenner-0-12-mm-duennes-haut-haarteil\/\"><img loading=\"lazy\" decoding=\"async\" width=\"999\" height=\"999\" src=\"https:\/\/toupeewholesale.com\/de\/\/wp-content\/uploads\/2023\/06\/1012-2.jpg\" alt=\"\" class=\"wp-image-37\" srcset=\"https:\/\/toupeewholesale.com\/de\/wp-content\/uploads\/2023\/06\/1012-2.jpg 999w, https:\/\/toupeewholesale.com\/de\/wp-content\/uploads\/2023\/06\/1012-2-600x600.jpg 600w, https:\/\/toupeewholesale.com\/de\/wp-content\/uploads\/2023\/06\/1012-2-100x100.jpg 100w, https:\/\/toupeewholesale.com\/de\/wp-content\/uploads\/2023\/06\/1012-2-500x500.jpg 500w, https:\/\/toupeewholesale.com\/de\/wp-content\/uploads\/2023\/06\/1012-2-768x768.jpg 768w\" sizes=\"auto, (max-width: 999px) 100vw, 999px\" \/><\/a><\/figure>\n\n<p class=\"has-text-align-center\"><a href=\"https:\/\/toupeewholesale.com\/de\/\/produkt\/echthaar-toupet-fuer-maenner-0-12-mm-duennes-haut-haarteil\/\">Echthaar Toupet f\u00fcr M\u00e4nner, 0.12 mm D\u00fcnnes Haut Haarteil<\/a><\/p>\n\n<p class=\"has-vivid-red-color has-text-color\" style=\"font-size:25px\"><strong>\u20ac219<\/strong><\/p><\/div><\/div>\n\n<div class=\"wp-block-column is-layout-flow wp-block-column-is-layout-flow\"><div class=\"wp-block-group is-vertical is-content-justification-center is-layout-flex wp-container-core-group-is-layout-ce155fab wp-block-group-is-layout-flex\"><figure class=\"wp-block-image size-full\"><a href=\"https:\/\/toupeewholesale.com\/de\/\/produkt\/single-knot-super-thin-skin-hair-system-fuer-maenner\/\"><img loading=\"lazy\" decoding=\"async\" width=\"999\" height=\"999\" src=\"https:\/\/toupeewholesale.com\/de\/\/wp-content\/uploads\/2023\/06\/sk-3.jpg\" alt=\"\" class=\"wp-image-42\" srcset=\"https:\/\/toupeewholesale.com\/de\/wp-content\/uploads\/2023\/06\/sk-3.jpg 999w, https:\/\/toupeewholesale.com\/de\/wp-content\/uploads\/2023\/06\/sk-3-600x600.jpg 600w, https:\/\/toupeewholesale.com\/de\/wp-content\/uploads\/2023\/06\/sk-3-100x100.jpg 100w, https:\/\/toupeewholesale.com\/de\/wp-content\/uploads\/2023\/06\/sk-3-500x500.jpg 500w, https:\/\/toupeewholesale.com\/de\/wp-content\/uploads\/2023\/06\/sk-3-768x768.jpg 768w\" sizes=\"auto, (max-width: 999px) 100vw, 999px\" \/><\/a><\/figure>\n\n<p class=\"has-text-align-center\"><a href=\"https:\/\/toupeewholesale.com\/de\/\/produkt\/single-knot-super-thin-skin-hair-system-fuer-maenner\/\">Single Knot Super Thin Skin Hair System f\u00fcr M\u00e4nner<\/a><\/p>\n\n<p class=\"has-vivid-red-color has-text-color\" style=\"font-size:25px\"><strong>\u20ac239<\/strong><\/p><\/div><\/div><\/div><\/div>\n\n<div class=\"wp-block-column is-layout-flow wp-block-column-is-layout-flow\"><div class=\"wp-block-columns is-layout-flex wp-container-core-columns-is-layout-28f84493 wp-block-columns-is-layout-flex\"><div class=\"wp-block-column is-layout-flow wp-block-column-is-layout-flow\"><div class=\"wp-block-group is-vertical is-content-justification-center is-layout-flex wp-container-core-group-is-layout-ce155fab wp-block-group-is-layout-flex\"><figure class=\"wp-block-image size-full\"><a href=\"https:\/\/toupeewholesale.com\/de\/\/produkt\/flach-eingespritzte-vollhauttoupets-fuer-maenner\/\"><img loading=\"lazy\" decoding=\"async\" width=\"999\" height=\"999\" src=\"https:\/\/toupeewholesale.com\/de\/\/wp-content\/uploads\/2023\/06\/injection1.jpg\" alt=\"\" class=\"wp-image-47\" srcset=\"https:\/\/toupeewholesale.com\/de\/wp-content\/uploads\/2023\/06\/injection1.jpg 999w, https:\/\/toupeewholesale.com\/de\/wp-content\/uploads\/2023\/06\/injection1-600x600.jpg 600w, https:\/\/toupeewholesale.com\/de\/wp-content\/uploads\/2023\/06\/injection1-100x100.jpg 100w, https:\/\/toupeewholesale.com\/de\/wp-content\/uploads\/2023\/06\/injection1-500x500.jpg 500w, https:\/\/toupeewholesale.com\/de\/wp-content\/uploads\/2023\/06\/injection1-768x768.jpg 768w\" sizes=\"auto, (max-width: 999px) 100vw, 999px\" \/><\/a><\/figure>\n\n<p class=\"has-text-align-center\"><a href=\"https:\/\/toupeewholesale.com\/de\/\/produkt\/flach-eingespritzte-vollhauttoupets-fuer-maenner\/\">Flach eingespritzte Vollhauttoupets f\u00fcr M\u00e4nner<\/a><\/p>\n\n<p class=\"has-vivid-red-color has-text-color\" style=\"font-size:25px\"><strong>\u20ac239<\/strong><\/p><\/div><\/div>\n\n<div class=\"wp-block-column is-layout-flow wp-block-column-is-layout-flow\"><div class=\"wp-block-group is-vertical is-content-justification-center is-layout-flex wp-container-core-group-is-layout-ce155fab wp-block-group-is-layout-flex\"><figure class=\"wp-block-image size-full\"><a href=\"https:\/\/toupeewholesale.com\/de\/\/produkt\/herren-v-schleife-duennhaeutiges-haarsystem-mit-french-lace-front\/\"><img loading=\"lazy\" decoding=\"async\" width=\"999\" height=\"999\" src=\"https:\/\/toupeewholesale.com\/de\/\/wp-content\/uploads\/2023\/06\/bio-3.jpg\" alt=\"\" class=\"wp-image-52\" srcset=\"https:\/\/toupeewholesale.com\/de\/wp-content\/uploads\/2023\/06\/bio-3.jpg 999w, https:\/\/toupeewholesale.com\/de\/wp-content\/uploads\/2023\/06\/bio-3-600x600.jpg 600w, https:\/\/toupeewholesale.com\/de\/wp-content\/uploads\/2023\/06\/bio-3-100x100.jpg 100w, https:\/\/toupeewholesale.com\/de\/wp-content\/uploads\/2023\/06\/bio-3-500x500.jpg 500w, https:\/\/toupeewholesale.com\/de\/wp-content\/uploads\/2023\/06\/bio-3-768x768.jpg 768w\" sizes=\"auto, (max-width: 999px) 100vw, 999px\" \/><\/a><\/figure>\n\n<p class=\"has-text-align-center\"><a href=\"https:\/\/toupeewholesale.com\/de\/\/produkt\/herren-v-schleife-duennhaeutiges-haarsystem-mit-french-lace-front\/\">Herren V-Schleife D\u00fcnnh\u00e4utiges Haarsystem mit French Lace Front<\/a><\/p>\n\n<p class=\"has-vivid-red-color has-text-color\" style=\"font-size:25px\"><strong>\u20ac259<\/strong><\/p><\/div><\/div><\/div><\/div><\/div><p style=\"margin-top:var(--wp--preset--spacing--80)\">Haarsysteme f\u00fcr M\u00e4nner mit einer Basis aus d\u00fcnnem Skin\/Folie<\/p><p>wirken sehr nat\u00fcrlich. Jedes einzelne Echthaar wird naturgetreu auf der transparenten Folie des Haar Toupets injiziert, oder mit der knotenlosen Schlaufen-Technik (V-Loop) fixiert.<\/p><p>Auch bei geringem Haarvolumen ist der Haaransatz unsichtbar. Au\u00dfenstehende sehen keinen Unterschied, da sich die matte, glanzlose Skin Basis, in Form und Farbe der Kopfhaut anpasst. Mit Fl\u00fcssigkleber oder Tapes wird das Haarteil sicher fixiert.<\/p><p>Die Vorteile von Skin Haarsystemen<\/p><p>Die glatte Struktur der Folie ist hygienisch, angenehm zu tragen und l\u00e4sst sich leicht reinigen. Die Anbringung ist einfach und kann mit ein wenig \u00dcbung selbst gemacht werden.bei faszinierend nat\u00fcrlichem Aussehen.<\/p><p>Ideal f\u00fcr Haarteil-Einsteiger und Anf\u00e4nger die ihr volles Haar zur\u00fcckbekommen m\u00f6chten.<\/p><p>Skin Haarsysteme ist tats\u00e4chlich die neue Generation von Haarersatz. Aufgrund der extrem d\u00fcnnen durchsichtigen Folie, schimmert die Kopfhaut realistisch durch das Material und erlaubt aus jeder Entfernung eine beispiellos nat\u00fcrliches Aussehen.<br>Unerreicht, sobald die Montur auf dem Kopf befestigt ist, kann man weder erkennen oder f\u00fchlen, wo die Kopfhaut aufh\u00f6rt und das Haarsystem anf\u00e4ngt.<\/p><p>Nat\u00fcrlicher Look und mehr Haltbarkeit.<br>Das beste aus beiden Welten. Thin Skin verbindet einen nat\u00fcrlich wirkenden Haaransatz mit einer etwas stabileren Folie. Die Haare werden am Haaransatz injiziert, in der restlichen Montur f\u00fcr eine l\u00e4ngere Haltbarkeit mit Mikroknoten befestigt.<\/p><p>Beliebte Kategorien: <a href=\"https:\/\/toupeewholesale.com\/de\/\/\">toupet m\u00e4nner<\/a><\/p><p>hei\u00dfer Blog: <a href=\"https:\/\/toupeewholesale.com\/de\/\/blog\/echthaar-toupet-manner-was-jeder-mann-wissen-sollte\/\">echthaar toupet m\u00e4nner \u2013 Was jeder Mann wissen sollte<\/a><\/p><p><a href=\"https:\/\/toupeewholesale.com\/de\/\/blog\/manner-toupet-zum-kleben\/\">So finden Sie das sicherste m\u00e4nner toupet zum kleben<\/a><\/p>","protected":false},"excerpt":{"rendered":"<p>Echthaar Toupet f\u00fcr M\u00e4nner, 0.03mm D\u00fcnnes Haut Haarteil \u20ac219 Echthaar Toupet f\u00fcr M\u00e4nner \u2013 0.04-0.06mm V-Loop PU Super D\u00fcnn Haut Haarsystem \u20ac219 Echthaar Toupet f\u00fcr M\u00e4nner, 0.08 mm D\u00fcnnes Haut Haarteil \u20ac219 Echthaar Toupet f\u00fcr M\u00e4nner, 0.10 mm D\u00fcnnes Haut Haarteil \u20ac219 Echthaar Toupet f\u00fcr M\u00e4nner, 0.12 mm D\u00fcnnes Haut Haarteil \u20ac219 Single Knot Super [&hellip;]<\/p>\n","protected":false},"author":1,"featured_media":0,"parent":0,"menu_order":0,"comment_status":"closed","ping_status":"closed","template":"","meta":{"rank_math_lock_modified_date":false,"site-sidebar-layout":"default","site-content-layout":"","ast-site-content-layout":"","site-content-style":"default","site-sidebar-style":"default","ast-global-header-display":"","ast-banner-title-visibility":"","ast-main-header-display":"","ast-hfb-above-header-display":"","ast-hfb-below-header-display":"","ast-hfb-mobile-header-display":"","site-post-title":"disabled","ast-breadcrumbs-content":"","ast-featured-img":"","footer-sml-layout":"","theme-transparent-header-meta":"","adv-header-id-meta":"","stick-header-meta":"","header-above-stick-meta":"","header-main-stick-meta":"","header-below-stick-meta":"","astra-migrate-meta-layouts":"default","ast-page-background-enabled":"default","ast-page-background-meta":{"desktop":{"background-color":"var(--ast-global-color-4)","background-image":"","background-repeat":"repeat","background-position":"center center","background-size":"auto","background-attachment":"scroll","background-type":"","background-media":"","overlay-type":"","overlay-color":"","overlay-opacity":"","overlay-gradient":""},"tablet":{"background-color":"","background-image":"","background-repeat":"repeat","background-position":"center center","background-size":"auto","background-attachment":"scroll","background-type":"","background-media":"","overlay-type":"","overlay-color":"","overlay-opacity":"","overlay-gradient":""},"mobile":{"background-color":"","background-image":"","background-repeat":"repeat","background-position":"center center","background-size":"auto","background-attachment":"scroll","background-type":"","background-media":"","overlay-type":"","overlay-color":"","overlay-opacity":"","overlay-gradient":""}},"ast-content-background-meta":{"desktop":{"background-color":"var(--ast-global-color-5)","background-image":"","background-repeat":"repeat","background-position":"center center","background-size":"auto","background-attachment":"scroll","background-type":"","background-media":"","overlay-type":"","overlay-color":"","overlay-opacity":"","overlay-gradient":""},"tablet":{"background-color":"var(--ast-global-color-5)","background-image":"","background-repeat":"repeat","background-position":"center center","background-size":"auto","background-attachment":"scroll","background-type":"","background-media":"","overlay-type":"","overlay-color":"","overlay-opacity":"","overlay-gradient":""},"mobile":{"background-color":"var(--ast-global-color-5)","background-image":"","background-repeat":"repeat","background-position":"center center","background-size":"auto","background-attachment":"scroll","background-type":"","background-media":"","overlay-type":"","overlay-color":"","overlay-opacity":"","overlay-gradient":""}},"footnotes":""},"class_list":["post-336","page","type-page","status-publish","hentry"],"_links":{"self":[{"href":"https:\/\/toupeewholesale.com\/de\/wp-json\/wp\/v2\/pages\/336","targetHints":{"allow":["GET"]}}],"collection":[{"href":"https:\/\/toupeewholesale.com\/de\/wp-json\/wp\/v2\/pages"}],"about":[{"href":"https:\/\/toupeewholesale.com\/de\/wp-json\/wp\/v2\/types\/page"}],"author":[{"embeddable":true,"href":"https:\/\/toupeewholesale.com\/de\/wp-json\/wp\/v2\/users\/1"}],"replies":[{"embeddable":true,"href":"https:\/\/toupeewholesale.com\/de\/wp-json\/wp\/v2\/comments?post=336"}],"version-history":[{"count":7,"href":"https:\/\/toupeewholesale.com\/de\/wp-json\/wp\/v2\/pages\/336\/revisions"}],"predecessor-version":[{"id":393,"href":"https:\/\/toupeewholesale.com\/de\/wp-json\/wp\/v2\/pages\/336\/revisions\/393"}],"wp:attachment":[{"href":"https:\/\/toupeewholesale.com\/de\/wp-json\/wp\/v2\/media?parent=336"}],"curies":[{"name":"wp","href":"https:\/\/api.w.org\/{rel}","templated":true}]}}