{"id":342,"date":"2023-06-30T04:22:44","date_gmt":"2023-06-30T02:22:44","guid":{"rendered":"https:\/\/toupeewholesale.com\/de\/\/?page_id=342"},"modified":"2023-07-10T08:09:29","modified_gmt":"2023-07-10T06:09:29","slug":"toupet-manner-lace-haarsysteme","status":"publish","type":"page","link":"https:\/\/toupeewholesale.com\/de\/toupet-manner-lace-haarsysteme\/","title":{"rendered":"Lace Haarsysteme"},"content":{"rendered":"<div class=\"wp-block-columns alignwide is-layout-flex wp-container-core-columns-is-layout-28f84493 wp-block-columns-is-layout-flex\"><div class=\"wp-block-column is-layout-flow wp-block-column-is-layout-flow\"><div class=\"wp-block-columns is-layout-flex wp-container-core-columns-is-layout-28f84493 wp-block-columns-is-layout-flex\"><div class=\"wp-block-column is-layout-flow wp-block-column-is-layout-flow\"><div class=\"wp-block-group is-vertical is-content-justification-center is-layout-flex wp-container-core-group-is-layout-ce155fab wp-block-group-is-layout-flex\"><figure class=\"wp-block-image size-full\"><a href=\"https:\/\/toupeewholesale.com\/de\/\/produkt\/french-lace-toupet\/\"><img loading=\"lazy\" decoding=\"async\" width=\"999\" height=\"999\" src=\"https:\/\/toupeewholesale.com\/de\/\/wp-content\/uploads\/2023\/06\/full-lace-3.jpg\" alt=\"\" class=\"wp-image-57\" srcset=\"https:\/\/toupeewholesale.com\/de\/wp-content\/uploads\/2023\/06\/full-lace-3.jpg 999w, https:\/\/toupeewholesale.com\/de\/wp-content\/uploads\/2023\/06\/full-lace-3-600x600.jpg 600w, https:\/\/toupeewholesale.com\/de\/wp-content\/uploads\/2023\/06\/full-lace-3-100x100.jpg 100w, https:\/\/toupeewholesale.com\/de\/wp-content\/uploads\/2023\/06\/full-lace-3-500x500.jpg 500w, https:\/\/toupeewholesale.com\/de\/wp-content\/uploads\/2023\/06\/full-lace-3-768x768.jpg 768w\" sizes=\"auto, (max-width: 999px) 100vw, 999px\" \/><\/a><\/figure>\n\n<p class=\"has-text-align-center\"><a href=\"https:\/\/toupeewholesale.com\/de\/\/produkt\/french-lace-toupet\/\">French Lace Toupet<\/a><\/p>\n\n<p class=\"has-vivid-red-color has-text-color\" style=\"font-size:25px\"><strong>\u20ac279<\/strong><\/p><\/div><\/div>\n\n<div class=\"wp-block-column is-layout-flow wp-block-column-is-layout-flow\"><div class=\"wp-block-group is-vertical is-content-justification-center is-layout-flex wp-container-core-group-is-layout-ce155fab wp-block-group-is-layout-flex\"><figure class=\"wp-block-image size-full\"><img loading=\"lazy\" decoding=\"async\" width=\"999\" height=\"999\" src=\"https:\/\/toupeewholesale.com\/de\/\/wp-content\/uploads\/2023\/06\/q6f-4.jpg\" alt=\"\" class=\"wp-image-62\" srcset=\"https:\/\/toupeewholesale.com\/de\/wp-content\/uploads\/2023\/06\/q6f-4.jpg 999w, https:\/\/toupeewholesale.com\/de\/wp-content\/uploads\/2023\/06\/q6f-4-600x600.jpg 600w, https:\/\/toupeewholesale.com\/de\/wp-content\/uploads\/2023\/06\/q6f-4-100x100.jpg 100w, https:\/\/toupeewholesale.com\/de\/wp-content\/uploads\/2023\/06\/q6f-4-500x500.jpg 500w, https:\/\/toupeewholesale.com\/de\/wp-content\/uploads\/2023\/06\/q6f-4-768x768.jpg 768w\" sizes=\"auto, (max-width: 999px) 100vw, 999px\" \/><\/figure>\n\n<p class=\"has-text-align-center\">Franz\u00f6sische Spitze mit d\u00fcnner Haut Haarteile f\u00fcr d\u00fcnner werdendes Haar<\/p>\n\n<p class=\"has-vivid-red-color has-text-color\" style=\"font-size:25px\"><strong>\u20ac279<\/strong><\/p><\/div><\/div><\/div><\/div>\n\n<div class=\"wp-block-column is-layout-flow wp-block-column-is-layout-flow\"><div class=\"wp-block-columns is-layout-flex wp-container-core-columns-is-layout-28f84493 wp-block-columns-is-layout-flex\"><div class=\"wp-block-column is-layout-flow wp-block-column-is-layout-flow\"><div class=\"wp-block-group is-vertical is-content-justification-center is-layout-flex wp-container-core-group-is-layout-ce155fab wp-block-group-is-layout-flex\"><figure class=\"wp-block-image size-full\"><a href=\"https:\/\/toupeewholesale.com\/de\/\/produkt\/dura-lace-mit-duenner-haut-haarteile-fuer-duenner-werdendes-haar\/\"><img loading=\"lazy\" decoding=\"async\" width=\"999\" height=\"999\" src=\"https:\/\/toupeewholesale.com\/de\/\/wp-content\/uploads\/2023\/06\/fdl-3.jpg\" alt=\"\" class=\"wp-image-68\" srcset=\"https:\/\/toupeewholesale.com\/de\/wp-content\/uploads\/2023\/06\/fdl-3.jpg 999w, https:\/\/toupeewholesale.com\/de\/wp-content\/uploads\/2023\/06\/fdl-3-600x600.jpg 600w, https:\/\/toupeewholesale.com\/de\/wp-content\/uploads\/2023\/06\/fdl-3-100x100.jpg 100w, https:\/\/toupeewholesale.com\/de\/wp-content\/uploads\/2023\/06\/fdl-3-500x500.jpg 500w, https:\/\/toupeewholesale.com\/de\/wp-content\/uploads\/2023\/06\/fdl-3-768x768.jpg 768w\" sizes=\"auto, (max-width: 999px) 100vw, 999px\" \/><\/a><\/figure>\n\n<p class=\"has-text-align-center\"><a href=\"https:\/\/toupeewholesale.com\/de\/\/produkt\/dura-lace-mit-duenner-haut-haarteile-fuer-duenner-werdendes-haar\/\">Dura Lace mit d\u00fcnner Haut Haarteile f\u00fcr d\u00fcnner werdendes Haar<\/a><\/p>\n\n<p class=\"has-vivid-red-color has-text-color\" style=\"font-size:25px\"><strong>\u20ac259<\/strong><\/p><\/div><\/div>\n\n<div class=\"wp-block-column is-layout-flow wp-block-column-is-layout-flow\"><div class=\"wp-block-group is-vertical is-content-justification-center is-layout-flex wp-container-core-group-is-layout-ce155fab wp-block-group-is-layout-flex\"><figure class=\"wp-block-image size-full\"><a href=\"https:\/\/toupeewholesale.com\/de\/\/produkt\/volle-dura-lace-haarteile-fuer-maenner\/\"><img loading=\"lazy\" decoding=\"async\" width=\"999\" height=\"999\" src=\"https:\/\/toupeewholesale.com\/de\/\/wp-content\/uploads\/2023\/06\/q6d-4.jpg\" alt=\"\" class=\"wp-image-73\" srcset=\"https:\/\/toupeewholesale.com\/de\/wp-content\/uploads\/2023\/06\/q6d-4.jpg 999w, https:\/\/toupeewholesale.com\/de\/wp-content\/uploads\/2023\/06\/q6d-4-600x600.jpg 600w, https:\/\/toupeewholesale.com\/de\/wp-content\/uploads\/2023\/06\/q6d-4-100x100.jpg 100w, https:\/\/toupeewholesale.com\/de\/wp-content\/uploads\/2023\/06\/q6d-4-500x500.jpg 500w, https:\/\/toupeewholesale.com\/de\/wp-content\/uploads\/2023\/06\/q6d-4-768x768.jpg 768w\" sizes=\"auto, (max-width: 999px) 100vw, 999px\" \/><\/a><\/figure>\n\n<p class=\"has-text-align-center\"><a href=\"https:\/\/toupeewholesale.com\/de\/\/produkt\/volle-dura-lace-haarteile-fuer-maenner\/\">Volle Dura Lace Haarteile f\u00fcr M\u00e4nner<\/a><\/p>\n\n<p class=\"has-vivid-red-color has-text-color\" style=\"font-size:25px\"><strong>\u20ac259<\/strong><\/p><\/div><\/div><\/div><\/div><\/div><p style=\"margin-top:var(--wp--preset--spacing--80)\">Montur und Basis aus Lace &#8211; Ein auff\u00e4llig unauff\u00e4lliges Zweithaar<\/p><p>Lace ist ein leichtes, luftdurchl\u00e4ssiges Gewebe. Wie ein feines Netz l\u00e4sst eine Montur aus Lace, Luft und Wasser durch. Im Sommer oder bei sportlichen Aktivit\u00e4ten kann Schwei\u00df abflie\u00dfen. Ein Haarsystem mit einer Lace Basis wirkt besonders nat\u00fcrlich.<\/p><p>Swiss Lace besteht aus sehr zartem, empfindlichem Netzgewebe. Swiss Lace setzen wir teilweise im Frontbereich ein.<br>Swiss Lace ist seit je ein Ma\u00dfstab in Sachen Nat\u00fcrlichkeit.<br>F\u00fcr aktive Menschen die gerne Sport treiben und eine feine, besonders atmungsaktive Montur suchen, bietet es ein Optimum an Nat\u00fcrlichkeit, da es konsequent f\u00fcr dynamische Menschen mit h\u00f6chsten Anspr\u00fcchen entwickelt wurde.<br>Jeder erfahrene Zweithaar-tr\u00e4ger kann dir best\u00e4tigen, sobald das filigrane Netz Material auf der Haut aufliegt und die k\u00f6rpereigene \u00d6le von dem Material aufgenommen wurden, &#8222;verschmilzt&#8220; es optisch mit der Haut.<br>Herausragende Nat\u00fcrlichkeit, doch nicht ganz so haltbar wie French Lace.<\/p><p>French Lace ist genauso luftdurchl\u00e4ssig, hat aber eine st\u00e4rkere Struktur. F\u00fcr eine strapazierf\u00e4hige Lace Basis verarbeiten wir haupts\u00e4chlich French Lace. Mit den zus\u00e4tzlich gebleichten Knoten ist der Haaransatz so gut wie unsichtbar, sitzt fest, aber dennoch luftig auf dem Kopf.<br>Aktiver, individueller Lebensstil und h\u00f6chste Anspr\u00fcche an Nat\u00fcrlichkeit sind keine Widerspr\u00fcche mehr.<br>Mit dem bew\u00e4hrten French Lace bist du auf der sicheren Seite, bewundernswerte Haltbarkeit bei perfekt nat\u00fcrlichem Aussehen. F\u00fchle den Wind und den Regen direkt auf deiner Kopfhaut, lebe aktiv und gehe deinen eigenen Weg.<br>Mit dieser Basis kannst du nichts falsch machen.<\/p><p>Beliebte Kategorien: <a href=\"https:\/\/toupeewholesale.com\/de\/\/\">toupet m\u00e4nner<\/a><\/p><p>hei\u00dfer Blog: <a href=\"https:\/\/toupeewholesale.com\/de\/\/blog\/verwenden-manner-toupet-echthaar\/\">Verwenden m\u00e4nner toupet echthaar \u2013 Brauchen Sie eine L\u00f6sung f\u00fcr Ihre Glatze?<\/a><\/p><p><a href=\"https:\/\/toupeewholesale.com\/de\/\/blog\/haar-toupet-fur-manneran-bleiben\/\">Wie lange bleibt ein haar toupet f\u00fcr m\u00e4nner an bleiben<\/a><\/p>","protected":false},"excerpt":{"rendered":"<p>French Lace Toupet \u20ac279 Franz\u00f6sische Spitze mit d\u00fcnner Haut Haarteile f\u00fcr d\u00fcnner werdendes Haar \u20ac279 Dura Lace mit d\u00fcnner Haut Haarteile f\u00fcr d\u00fcnner werdendes Haar \u20ac259 Volle Dura Lace Haarteile f\u00fcr M\u00e4nner \u20ac259 Montur und Basis aus Lace &#8211; Ein auff\u00e4llig unauff\u00e4lliges Zweithaar Lace ist ein leichtes, luftdurchl\u00e4ssiges Gewebe. Wie ein feines Netz l\u00e4sst eine [&hellip;]<\/p>\n","protected":false},"author":1,"featured_media":0,"parent":0,"menu_order":0,"comment_status":"closed","ping_status":"closed","template":"","meta":{"rank_math_lock_modified_date":false,"site-sidebar-layout":"default","site-content-layout":"","ast-site-content-layout":"","site-content-style":"default","site-sidebar-style":"default","ast-global-header-display":"","ast-banner-title-visibility":"","ast-main-header-display":"","ast-hfb-above-header-display":"","ast-hfb-below-header-display":"","ast-hfb-mobile-header-display":"","site-post-title":"disabled","ast-breadcrumbs-content":"","ast-featured-img":"","footer-sml-layout":"","theme-transparent-header-meta":"","adv-header-id-meta":"","stick-header-meta":"","header-above-stick-meta":"","header-main-stick-meta":"","header-below-stick-meta":"","astra-migrate-meta-layouts":"default","ast-page-background-enabled":"default","ast-page-background-meta":{"desktop":{"background-color":"var(--ast-global-color-4)","background-image":"","background-repeat":"repeat","background-position":"center center","background-size":"auto","background-attachment":"scroll","background-type":"","background-media":"","overlay-type":"","overlay-color":"","overlay-opacity":"","overlay-gradient":""},"tablet":{"background-color":"","background-image":"","background-repeat":"repeat","background-position":"center center","background-size":"auto","background-attachment":"scroll","background-type":"","background-media":"","overlay-type":"","overlay-color":"","overlay-opacity":"","overlay-gradient":""},"mobile":{"background-color":"","background-image":"","background-repeat":"repeat","background-position":"center center","background-size":"auto","background-attachment":"scroll","background-type":"","background-media":"","overlay-type":"","overlay-color":"","overlay-opacity":"","overlay-gradient":""}},"ast-content-background-meta":{"desktop":{"background-color":"var(--ast-global-color-5)","background-image":"","background-repeat":"repeat","background-position":"center center","background-size":"auto","background-attachment":"scroll","background-type":"","background-media":"","overlay-type":"","overlay-color":"","overlay-opacity":"","overlay-gradient":""},"tablet":{"background-color":"var(--ast-global-color-5)","background-image":"","background-repeat":"repeat","background-position":"center center","background-size":"auto","background-attachment":"scroll","background-type":"","background-media":"","overlay-type":"","overlay-color":"","overlay-opacity":"","overlay-gradient":""},"mobile":{"background-color":"var(--ast-global-color-5)","background-image":"","background-repeat":"repeat","background-position":"center center","background-size":"auto","background-attachment":"scroll","background-type":"","background-media":"","overlay-type":"","overlay-color":"","overlay-opacity":"","overlay-gradient":""}},"footnotes":""},"class_list":["post-342","page","type-page","status-publish","hentry"],"_links":{"self":[{"href":"https:\/\/toupeewholesale.com\/de\/wp-json\/wp\/v2\/pages\/342","targetHints":{"allow":["GET"]}}],"collection":[{"href":"https:\/\/toupeewholesale.com\/de\/wp-json\/wp\/v2\/pages"}],"about":[{"href":"https:\/\/toupeewholesale.com\/de\/wp-json\/wp\/v2\/types\/page"}],"author":[{"embeddable":true,"href":"https:\/\/toupeewholesale.com\/de\/wp-json\/wp\/v2\/users\/1"}],"replies":[{"embeddable":true,"href":"https:\/\/toupeewholesale.com\/de\/wp-json\/wp\/v2\/comments?post=342"}],"version-history":[{"count":5,"href":"https:\/\/toupeewholesale.com\/de\/wp-json\/wp\/v2\/pages\/342\/revisions"}],"predecessor-version":[{"id":411,"href":"https:\/\/toupeewholesale.com\/de\/wp-json\/wp\/v2\/pages\/342\/revisions\/411"}],"wp:attachment":[{"href":"https:\/\/toupeewholesale.com\/de\/wp-json\/wp\/v2\/media?parent=342"}],"curies":[{"name":"wp","href":"https:\/\/api.w.org\/{rel}","templated":true}]}}