{"id":347,"date":"2023-06-30T04:33:15","date_gmt":"2023-06-30T02:33:15","guid":{"rendered":"https:\/\/toupeewholesale.com\/de\/\/?page_id=347"},"modified":"2023-07-12T10:43:02","modified_gmt":"2023-07-12T08:43:02","slug":"toupet-manner-monofiliament-haarsysteme","status":"publish","type":"page","link":"https:\/\/toupeewholesale.com\/de\/toupet-manner-monofiliament-haarsysteme\/","title":{"rendered":"Monofiliament Haarsysteme"},"content":{"rendered":"<div class=\"wp-block-columns is-layout-flex wp-container-core-columns-is-layout-28f84493 wp-block-columns-is-layout-flex\"><div class=\"wp-block-column is-layout-flow wp-block-column-is-layout-flow\"><div class=\"wp-block-columns is-layout-flex wp-container-core-columns-is-layout-28f84493 wp-block-columns-is-layout-flex\"><div class=\"wp-block-column is-layout-flow wp-block-column-is-layout-flow\"><div class=\"wp-block-group is-vertical is-content-justification-center is-layout-flex wp-container-core-group-is-layout-ce155fab wp-block-group-is-layout-flex\"><figure class=\"wp-block-image size-full\"><a href=\"https:\/\/toupeewholesale.com\/de\/\/produkt\/27-feines-mono-mit-lace-front-und-skin-haarteile-fuer-maenner\/\"><img loading=\"lazy\" decoding=\"async\" width=\"999\" height=\"999\" src=\"https:\/\/toupeewholesale.com\/de\/\/wp-content\/uploads\/2023\/06\/27-3.jpg\" alt=\"\" class=\"wp-image-84\" srcset=\"https:\/\/toupeewholesale.com\/de\/wp-content\/uploads\/2023\/06\/27-3.jpg 999w, https:\/\/toupeewholesale.com\/de\/wp-content\/uploads\/2023\/06\/27-3-600x600.jpg 600w, https:\/\/toupeewholesale.com\/de\/wp-content\/uploads\/2023\/06\/27-3-100x100.jpg 100w, https:\/\/toupeewholesale.com\/de\/wp-content\/uploads\/2023\/06\/27-3-500x500.jpg 500w, https:\/\/toupeewholesale.com\/de\/wp-content\/uploads\/2023\/06\/27-3-768x768.jpg 768w\" sizes=\"auto, (max-width: 999px) 100vw, 999px\" \/><\/a><\/figure>\n\n<p class=\"has-text-align-center\"><a href=\"https:\/\/toupeewholesale.com\/de\/\/produkt\/27-feines-mono-mit-lace-front-und-skin-haarteile-fuer-maenner\/\">27+ | Feines Mono mit Lace Front und Skin Haarteile f\u00fcr M\u00e4nner<\/a><\/p>\n\n<p class=\"has-vivid-red-color has-text-color\" style=\"font-size:25px\"><strong>\u20ac299<\/strong><\/p><\/div><\/div>\n\n<div class=\"wp-block-column is-layout-flow wp-block-column-is-layout-flow\"><div class=\"wp-block-group is-vertical is-content-justification-center is-layout-flex wp-container-core-group-is-layout-ce155fab wp-block-group-is-layout-flex\"><figure class=\"wp-block-image size-full\"><a href=\"https:\/\/toupeewholesale.com\/de\/\/produkt\/feine-mono-haarteile-mit-pu-umrandung\/\"><img loading=\"lazy\" decoding=\"async\" width=\"999\" height=\"999\" src=\"https:\/\/toupeewholesale.com\/de\/\/wp-content\/uploads\/2023\/06\/fm-1.jpg\" alt=\"\" class=\"wp-image-79\" srcset=\"https:\/\/toupeewholesale.com\/de\/wp-content\/uploads\/2023\/06\/fm-1.jpg 999w, https:\/\/toupeewholesale.com\/de\/wp-content\/uploads\/2023\/06\/fm-1-600x600.jpg 600w, https:\/\/toupeewholesale.com\/de\/wp-content\/uploads\/2023\/06\/fm-1-100x100.jpg 100w, https:\/\/toupeewholesale.com\/de\/wp-content\/uploads\/2023\/06\/fm-1-500x500.jpg 500w, https:\/\/toupeewholesale.com\/de\/wp-content\/uploads\/2023\/06\/fm-1-768x768.jpg 768w\" sizes=\"auto, (max-width: 999px) 100vw, 999px\" \/><\/a><\/figure>\n\n<p class=\"has-text-align-center\"><a href=\"https:\/\/toupeewholesale.com\/de\/\/produkt\/feine-mono-haarteile-mit-pu-umrandung\/\">Feine Mono-Haarteile mit PU-Umrandung<\/a><\/p>\n\n<p class=\"has-vivid-red-color has-text-color\" style=\"font-size:25px\"><strong>\u20ac199<\/strong><\/p><\/div><\/div><\/div><\/div>\n\n<div class=\"wp-block-column is-layout-flow wp-block-column-is-layout-flow\"><\/div><\/div><p style=\"margin-top:var(--wp--preset--spacing--80)\">Monofilament Haarsysteme<\/p><p>Monofilament ist ein feinmaschiges Gewebe aus Nylon-F\u00e4den. Es gibt dem Haarsystem Halt und ist maximal strapazierf\u00e4hig. F\u00fcr M\u00e4nner, die auf der Suche nach robusten und langlebigen Haarsystemen sind, bieten wir unser spezielles Sortiment an Monofilament Haarsystemen und Haarteilen an. Unsere Haarteile sind aus 100 % Echthaar gefertigt. Auch unser Monofilament-Toupets haben eine 30-t\u00e4gige Geld-zur\u00fcck-Garantie.<\/p><p>Monofilament ist ein sehr stabiles Netzgewebe f\u00fcr maximale Haltbarkeit und luftiges Tragegef\u00fchl.<\/p><p>Beliebte Kategorien: <a href=\"https:\/\/toupeewholesale.com\/de\/\/\">toupet m\u00e4nner<\/a><\/p><p>hei\u00dfer Blog: <a href=\"https:\/\/toupeewholesale.com\/de\/\/blog\/gunstigen-haar-toupets-fur-manner-beachten\/\">Was sollten Sie beim Kauf eines g\u00fcnstigen haar toupets f\u00fcr m\u00e4nner beachten?<\/a><\/p><p><a href=\"https:\/\/toupeewholesale.com\/de\/\/blog\/toupet-manner-gunstig-tragen-mochte\/\">Was soll ich w\u00e4hlen, wenn ich ein toupet m\u00e4nner g\u00fcnstig tragen m\u00f6chte? mit Glatze?<\/a><\/p>","protected":false},"excerpt":{"rendered":"<p>27+ | Feines Mono mit Lace Front und Skin Haarteile f\u00fcr M\u00e4nner \u20ac299 Feine Mono-Haarteile mit PU-Umrandung \u20ac199 Monofilament Haarsysteme Monofilament ist ein feinmaschiges Gewebe aus Nylon-F\u00e4den. Es gibt dem Haarsystem Halt und ist maximal strapazierf\u00e4hig. F\u00fcr M\u00e4nner, die auf der Suche nach robusten und langlebigen Haarsystemen sind, bieten wir unser spezielles Sortiment an Monofilament [&hellip;]<\/p>\n","protected":false},"author":1,"featured_media":0,"parent":0,"menu_order":0,"comment_status":"closed","ping_status":"closed","template":"","meta":{"rank_math_lock_modified_date":false,"site-sidebar-layout":"default","site-content-layout":"","ast-site-content-layout":"","site-content-style":"default","site-sidebar-style":"default","ast-global-header-display":"","ast-banner-title-visibility":"","ast-main-header-display":"","ast-hfb-above-header-display":"","ast-hfb-below-header-display":"","ast-hfb-mobile-header-display":"","site-post-title":"disabled","ast-breadcrumbs-content":"","ast-featured-img":"","footer-sml-layout":"","theme-transparent-header-meta":"","adv-header-id-meta":"","stick-header-meta":"","header-above-stick-meta":"","header-main-stick-meta":"","header-below-stick-meta":"","astra-migrate-meta-layouts":"default","ast-page-background-enabled":"default","ast-page-background-meta":{"desktop":{"background-color":"var(--ast-global-color-4)","background-image":"","background-repeat":"repeat","background-position":"center center","background-size":"auto","background-attachment":"scroll","background-type":"","background-media":"","overlay-type":"","overlay-color":"","overlay-opacity":"","overlay-gradient":""},"tablet":{"background-color":"","background-image":"","background-repeat":"repeat","background-position":"center center","background-size":"auto","background-attachment":"scroll","background-type":"","background-media":"","overlay-type":"","overlay-color":"","overlay-opacity":"","overlay-gradient":""},"mobile":{"background-color":"","background-image":"","background-repeat":"repeat","background-position":"center center","background-size":"auto","background-attachment":"scroll","background-type":"","background-media":"","overlay-type":"","overlay-color":"","overlay-opacity":"","overlay-gradient":""}},"ast-content-background-meta":{"desktop":{"background-color":"var(--ast-global-color-5)","background-image":"","background-repeat":"repeat","background-position":"center center","background-size":"auto","background-attachment":"scroll","background-type":"","background-media":"","overlay-type":"","overlay-color":"","overlay-opacity":"","overlay-gradient":""},"tablet":{"background-color":"var(--ast-global-color-5)","background-image":"","background-repeat":"repeat","background-position":"center center","background-size":"auto","background-attachment":"scroll","background-type":"","background-media":"","overlay-type":"","overlay-color":"","overlay-opacity":"","overlay-gradient":""},"mobile":{"background-color":"var(--ast-global-color-5)","background-image":"","background-repeat":"repeat","background-position":"center center","background-size":"auto","background-attachment":"scroll","background-type":"","background-media":"","overlay-type":"","overlay-color":"","overlay-opacity":"","overlay-gradient":""}},"footnotes":""},"class_list":["post-347","page","type-page","status-publish","hentry"],"_links":{"self":[{"href":"https:\/\/toupeewholesale.com\/de\/wp-json\/wp\/v2\/pages\/347","targetHints":{"allow":["GET"]}}],"collection":[{"href":"https:\/\/toupeewholesale.com\/de\/wp-json\/wp\/v2\/pages"}],"about":[{"href":"https:\/\/toupeewholesale.com\/de\/wp-json\/wp\/v2\/types\/page"}],"author":[{"embeddable":true,"href":"https:\/\/toupeewholesale.com\/de\/wp-json\/wp\/v2\/users\/1"}],"replies":[{"embeddable":true,"href":"https:\/\/toupeewholesale.com\/de\/wp-json\/wp\/v2\/comments?post=347"}],"version-history":[{"count":4,"href":"https:\/\/toupeewholesale.com\/de\/wp-json\/wp\/v2\/pages\/347\/revisions"}],"predecessor-version":[{"id":422,"href":"https:\/\/toupeewholesale.com\/de\/wp-json\/wp\/v2\/pages\/347\/revisions\/422"}],"wp:attachment":[{"href":"https:\/\/toupeewholesale.com\/de\/wp-json\/wp\/v2\/media?parent=347"}],"curies":[{"name":"wp","href":"https:\/\/api.w.org\/{rel}","templated":true}]}}