{"id":359,"date":"2023-07-03T03:44:27","date_gmt":"2023-07-03T01:44:27","guid":{"rendered":"https:\/\/toupeewholesale.com\/de\/\/?page_id=359"},"modified":"2023-07-03T03:44:29","modified_gmt":"2023-07-03T01:44:29","slug":"ueber-uns","status":"publish","type":"page","link":"https:\/\/toupeewholesale.com\/de\/ueber-uns\/","title":{"rendered":"\u00dcBER UNS"},"content":{"rendered":"<h2 class=\"wp-block-heading has-text-align-center\" style=\"margin-top:var(--wp--preset--spacing--80);font-size:25px\">\u00dcBER TOUPEEWHOLESALE<\/h2><p class=\"has-text-align-center\">Gro\u00dfhandel Toupet &amp; Hair System Herstellung.<\/p><div class=\"wp-block-columns alignwide is-layout-flex wp-container-core-columns-is-layout-28f84493 wp-block-columns-is-layout-flex\"><div class=\"wp-block-column is-layout-flow wp-block-column-is-layout-flow\"><div class=\"wp-block-media-text alignwide is-stacked-on-mobile\"><figure class=\"wp-block-media-text__media\"><img loading=\"lazy\" decoding=\"async\" width=\"779\" height=\"472\" src=\"https:\/\/toupeewholesale.com\/de\/\/wp-content\/uploads\/2023\/07\/factory.jpg\" alt=\"\" class=\"wp-image-360 size-full\" srcset=\"https:\/\/toupeewholesale.com\/de\/wp-content\/uploads\/2023\/07\/factory.jpg 779w, https:\/\/toupeewholesale.com\/de\/wp-content\/uploads\/2023\/07\/factory-600x364.jpg 600w, https:\/\/toupeewholesale.com\/de\/wp-content\/uploads\/2023\/07\/factory-500x303.jpg 500w, https:\/\/toupeewholesale.com\/de\/wp-content\/uploads\/2023\/07\/factory-768x465.jpg 768w\" sizes=\"auto, (max-width: 779px) 100vw, 779px\" \/><\/figure><div class=\"wp-block-media-text__content\"><p>Nicht-chirurgischer Haarersatz OEM.<\/p>\n\n<p>Wir haben uns in Qingdao niedergelassen und beliefern die Haarindustrie seit fast 30 Jahren. Wir haben 2 moderne Fabrikanlagen am Rande von Qingdao.<\/p>\n\n<p>30 Jahre auf dem Gebiet, die Fabrik ist spezialisiert auf M\u00e4nner-Haarteile, da unsere Fachleute haben mehr Erfahrungen auf diesem Gebiet in Begriff, um in der Lage sein, h\u00f6here Qualit\u00e4t.<\/p>\n\n<p>toupeewholesale hair system ist stolz darauf, ethisch einwandfreie Materialien und sehr erfahrene Mitarbeiter zu verwenden, die sch\u00f6ne Haarsysteme f\u00fcr viele gro\u00dfe Marken auf der ganzen Welt herstellen. Wir k\u00f6nnen nat\u00fcrlich auch kundenspezifische Auftr\u00e4ge ausf\u00fchren oder den Bestand f\u00fcr Sie im Voraus nach Ihren W\u00fcnschen vorbereiten.<\/p>\n\n<p>Bestellung nach Ma\u00df: Unsere Kunden ziehen es vor, ihre Haarsysteme nach ihrem Markt oder ihrem Haarspezialisten zu spezifizieren. Lagerbestellung: F\u00fcr einen sofortigen Versand haben wir ca. 80.000 St\u00fcck auf Lager, die aus den Bestsellern und den von unseren Mitgliedern h\u00e4ufig ben\u00f6tigten Artikeln ausgew\u00e4hlt werden.<\/p>\n\n<p>Wenn wir etwas f\u00fcr Sie arrangieren k\u00f6nnen oder wenn Sie weitere Fragen haben, z\u00f6gern Sie bitte nicht, mich direkt zu kontaktieren.<\/p><\/div><\/div><\/div><\/div><h2 class=\"wp-block-heading has-text-align-center\" style=\"margin-top:var(--wp--preset--spacing--80);font-size:25px\">\u00dcBER UNS<\/h2><div class=\"wp-block-columns alignwide is-layout-flex wp-container-core-columns-is-layout-28f84493 wp-block-columns-is-layout-flex\"><div class=\"wp-block-column is-layout-flow wp-block-column-is-layout-flow\"><div class=\"wp-block-media-text alignwide has-media-on-the-right is-stacked-on-mobile\"><div class=\"wp-block-media-text__content\"><p><strong>Haarteil-Fabrik<\/strong><\/p>\n\n<p>Als einer der gr\u00f6\u00dften Hersteller von Haarsystemen und Per\u00fccken f\u00fcr H\u00e4ndler erstreckt sich unsere Fabrik \u00fcber eine Fl\u00e4che von 4000 km\u00b2. Wir besch\u00e4ftigen \u00fcber 100 qualifizierte Handwerker. Unser erfahrenes Team arbeitet mit den modernsten Ger\u00e4ten, um qualitativ hochwertige Produkte herzustellen. Unsere Investitionen in unsere Fabrik haben es uns erm\u00f6glicht, ein hohes Produktionsniveau zu erreichen und monatlich \u00fcber 15.000 Haarsysteme zu produzieren.<\/p>\n\n<p>Dies erm\u00f6glicht es uns, alle Produktanforderungen unserer Kunden zu erf\u00fcllen. Jedes unserer Haarteile durchl\u00e4uft eine Reihe von Qualit\u00e4tskontrollprozessen. Dazu geh\u00f6ren sechs Runden von Qualit\u00e4tskontrollen w\u00e4hrend des Produktionsprozesses, um sicherzustellen, dass jedes Haarsystem den h\u00f6chsten Standards entspricht. Unsere Kunden verlassen sich darauf, dass unsere Fabrik stets die hochwertigsten Haarsysteme f\u00fcr ihre Unternehmen herstellt.<\/p>\n\n<p><\/p><\/div><figure class=\"wp-block-media-text__media\"><img loading=\"lazy\" decoding=\"async\" width=\"779\" height=\"551\" src=\"https:\/\/toupeewholesale.com\/de\/\/wp-content\/uploads\/2023\/07\/factory1.jpg\" alt=\"\" class=\"wp-image-361 size-full\" srcset=\"https:\/\/toupeewholesale.com\/de\/wp-content\/uploads\/2023\/07\/factory1.jpg 779w, https:\/\/toupeewholesale.com\/de\/wp-content\/uploads\/2023\/07\/factory1-600x424.jpg 600w, https:\/\/toupeewholesale.com\/de\/wp-content\/uploads\/2023\/07\/factory1-500x354.jpg 500w, https:\/\/toupeewholesale.com\/de\/wp-content\/uploads\/2023\/07\/factory1-768x543.jpg 768w\" sizes=\"auto, (max-width: 779px) 100vw, 779px\" \/><\/figure><\/div><\/div><\/div><div class=\"wp-block-columns alignwide is-layout-flex wp-container-core-columns-is-layout-28f84493 wp-block-columns-is-layout-flex\"><div class=\"wp-block-column is-layout-flow wp-block-column-is-layout-flow\"><div class=\"wp-block-media-text alignwide is-stacked-on-mobile\"><figure class=\"wp-block-media-text__media\"><img loading=\"lazy\" decoding=\"async\" width=\"779\" height=\"387\" src=\"https:\/\/toupeewholesale.com\/de\/\/wp-content\/uploads\/2023\/07\/factory2.jpg\" alt=\"\" class=\"wp-image-362 size-full\" srcset=\"https:\/\/toupeewholesale.com\/de\/wp-content\/uploads\/2023\/07\/factory2.jpg 779w, https:\/\/toupeewholesale.com\/de\/wp-content\/uploads\/2023\/07\/factory2-600x298.jpg 600w, https:\/\/toupeewholesale.com\/de\/wp-content\/uploads\/2023\/07\/factory2-500x248.jpg 500w, https:\/\/toupeewholesale.com\/de\/wp-content\/uploads\/2023\/07\/factory2-768x382.jpg 768w\" sizes=\"auto, (max-width: 779px) 100vw, 779px\" \/><\/figure><div class=\"wp-block-media-text__content\"><p><strong>Hauptsitz<\/strong><\/p>\n\n<p>Unser Hauptsitz besteht aus vielen Abteilungen, darunter Qualit\u00e4tskontrolle, Kundendienst, Design, technischer Support, Lieferkette und ein Betriebsteam. Unser hochspezialisiertes Kundendienstteam ist rund um die Uhr erreichbar. Unser Team spricht flie\u00dfend Englisch, Spanisch, Franz\u00f6sisch und Deutsch. Sie k\u00f6nnen einen schnellen und freundlichen Service erwarten, wenn Sie sich an sie wenden.<\/p><\/div><\/div><\/div><\/div><div class=\"wp-block-columns alignwide is-layout-flex wp-container-core-columns-is-layout-28f84493 wp-block-columns-is-layout-flex\"><div class=\"wp-block-column is-layout-flow wp-block-column-is-layout-flow\"><div class=\"wp-block-media-text alignwide has-media-on-the-right is-stacked-on-mobile\"><div class=\"wp-block-media-text__content\"><p>Wir sch\u00e4tzen unsere internationalen Kunden, daher ist es wichtig, dass wir mit unseren Kunden unabh\u00e4ngig von ihrer Zeitzone oder ihrem Standort kommunizieren k\u00f6nnen. Unsere professionellen Mitarbeiter sorgen daf\u00fcr, dass Sie die von Ihnen ben\u00f6tigten Haarsysteme finden und der Auftrag effizient ausgef\u00fchrt wird. Wir verf\u00fcgen \u00fcber ein ausgezeichnetes Inspektionsteam, das eine gleichbleibend hohe Qualit\u00e4t w\u00e4hrend der gesamten Produktion garantiert. Wenn Sie Ihren Kunden unsere Produkte anbieten, wird Ihre Marke auf lange Sicht respektiert und gefeiert.<\/p><\/div><figure class=\"wp-block-media-text__media\"><img loading=\"lazy\" decoding=\"async\" width=\"779\" height=\"372\" src=\"https:\/\/toupeewholesale.com\/de\/\/wp-content\/uploads\/2023\/07\/factory3.jpg\" alt=\"\" class=\"wp-image-364 size-full\" srcset=\"https:\/\/toupeewholesale.com\/de\/wp-content\/uploads\/2023\/07\/factory3.jpg 779w, https:\/\/toupeewholesale.com\/de\/wp-content\/uploads\/2023\/07\/factory3-600x287.jpg 600w, https:\/\/toupeewholesale.com\/de\/wp-content\/uploads\/2023\/07\/factory3-500x239.jpg 500w, https:\/\/toupeewholesale.com\/de\/wp-content\/uploads\/2023\/07\/factory3-768x367.jpg 768w\" sizes=\"auto, (max-width: 779px) 100vw, 779px\" \/><\/figure><\/div><\/div><\/div><div class=\"wp-block-media-text alignwide is-stacked-on-mobile\"><figure class=\"wp-block-media-text__media\"><img loading=\"lazy\" decoding=\"async\" width=\"779\" height=\"174\" src=\"https:\/\/toupeewholesale.com\/de\/\/wp-content\/uploads\/2023\/07\/factory4-1.jpg\" alt=\"\" class=\"wp-image-365 size-full\" srcset=\"https:\/\/toupeewholesale.com\/de\/wp-content\/uploads\/2023\/07\/factory4-1.jpg 779w, https:\/\/toupeewholesale.com\/de\/wp-content\/uploads\/2023\/07\/factory4-1-600x134.jpg 600w, https:\/\/toupeewholesale.com\/de\/wp-content\/uploads\/2023\/07\/factory4-1-500x112.jpg 500w, https:\/\/toupeewholesale.com\/de\/wp-content\/uploads\/2023\/07\/factory4-1-768x172.jpg 768w\" sizes=\"auto, (max-width: 779px) 100vw, 779px\" \/><\/figure><div class=\"wp-block-media-text__content\"><p>Dar\u00fcber hinaus verf\u00fcgen wir \u00fcber ein Team professioneller Friseure in unserem Haarservice-Studio, die umfassende Toupetservices anbieten k\u00f6nnen. Alle unsere Abteilungen sind transparent, wenn es um den Austausch von Informationen geht. Dies erm\u00f6glicht dem Kunden einen reibungslosen Ablauf der Zusammenarbeit mit uns. Die Mitarbeiter sind bestens qualifiziert, um alle Fragen vor und nach dem Kauf zu beantworten.<\/p><\/div><\/div><div class=\"wp-block-columns alignwide is-layout-flex wp-container-core-columns-is-layout-28f84493 wp-block-columns-is-layout-flex\"><div class=\"wp-block-column is-layout-flow wp-block-column-is-layout-flow\"><div class=\"wp-block-media-text alignwide has-media-on-the-right is-stacked-on-mobile\"><div class=\"wp-block-media-text__content\"><p>Toupeewholesale f\u00fchrt mehr als 30.000 Haarsysteme in \u00fcber 40 verschiedenen Modellen und \u00fcber 60 Farben, die sofort lieferbar sind. Es gibt eine gro\u00dfe Auswahl an Haarsystemen f\u00fcr Ihre Kunden, darunter Spitzen-, Skin- und Mono-Toupets f\u00fcr M\u00e4nner sowie Vollkappenper\u00fccken, Haartopper, Haarintegrationen und Haarverl\u00e4ngerungen f\u00fcr Frauen.<\/p>\n\n<p>Wir haben auch viele Arten von Zubeh\u00f6r wie B\u00e4nder, Farbringe, Haarvolumentabellen, Haardichtetabellen und sogar Schaufensterpuppen, die Ihnen helfen, Ihr Gesch\u00e4ft besser zu steuern. Alles kann innerhalb von 3-5 Werktagen nach Versanddatum an Sie geliefert werden.<\/p>\n\n<p><\/p><\/div><figure class=\"wp-block-media-text__media\"><img loading=\"lazy\" decoding=\"async\" width=\"779\" height=\"461\" src=\"https:\/\/toupeewholesale.com\/de\/\/wp-content\/uploads\/2023\/07\/factory5.jpg\" alt=\"\" class=\"wp-image-366 size-full\" srcset=\"https:\/\/toupeewholesale.com\/de\/wp-content\/uploads\/2023\/07\/factory5.jpg 779w, https:\/\/toupeewholesale.com\/de\/wp-content\/uploads\/2023\/07\/factory5-600x355.jpg 600w, https:\/\/toupeewholesale.com\/de\/wp-content\/uploads\/2023\/07\/factory5-500x296.jpg 500w, https:\/\/toupeewholesale.com\/de\/wp-content\/uploads\/2023\/07\/factory5-768x454.jpg 768w\" sizes=\"auto, (max-width: 779px) 100vw, 779px\" \/><\/figure><\/div><\/div><\/div>","protected":false},"excerpt":{"rendered":"<p>\u00dcBER TOUPEEWHOLESALE Gro\u00dfhandel Toupet &amp; Hair System Herstellung. Nicht-chirurgischer Haarersatz OEM. Wir haben uns in Qingdao niedergelassen und beliefern die Haarindustrie seit fast 30 Jahren. Wir haben 2 moderne Fabrikanlagen am Rande von Qingdao. 30 Jahre auf dem Gebiet, die Fabrik ist spezialisiert auf M\u00e4nner-Haarteile, da unsere Fachleute haben mehr Erfahrungen auf diesem Gebiet in [&hellip;]<\/p>\n","protected":false},"author":1,"featured_media":0,"parent":0,"menu_order":0,"comment_status":"closed","ping_status":"closed","template":"","meta":{"rank_math_lock_modified_date":false,"site-sidebar-layout":"default","site-content-layout":"","ast-site-content-layout":"","site-content-style":"default","site-sidebar-style":"default","ast-global-header-display":"","ast-banner-title-visibility":"","ast-main-header-display":"","ast-hfb-above-header-display":"","ast-hfb-below-header-display":"","ast-hfb-mobile-header-display":"","site-post-title":"disabled","ast-breadcrumbs-content":"","ast-featured-img":"","footer-sml-layout":"","theme-transparent-header-meta":"","adv-header-id-meta":"","stick-header-meta":"","header-above-stick-meta":"","header-main-stick-meta":"","header-below-stick-meta":"","astra-migrate-meta-layouts":"default","ast-page-background-enabled":"default","ast-page-background-meta":{"desktop":{"background-color":"var(--ast-global-color-4)","background-image":"","background-repeat":"repeat","background-position":"center center","background-size":"auto","background-attachment":"scroll","background-type":"","background-media":"","overlay-type":"","overlay-color":"","overlay-opacity":"","overlay-gradient":""},"tablet":{"background-color":"","background-image":"","background-repeat":"repeat","background-position":"center center","background-size":"auto","background-attachment":"scroll","background-type":"","background-media":"","overlay-type":"","overlay-color":"","overlay-opacity":"","overlay-gradient":""},"mobile":{"background-color":"","background-image":"","background-repeat":"repeat","background-position":"center center","background-size":"auto","background-attachment":"scroll","background-type":"","background-media":"","overlay-type":"","overlay-color":"","overlay-opacity":"","overlay-gradient":""}},"ast-content-background-meta":{"desktop":{"background-color":"var(--ast-global-color-5)","background-image":"","background-repeat":"repeat","background-position":"center center","background-size":"auto","background-attachment":"scroll","background-type":"","background-media":"","overlay-type":"","overlay-color":"","overlay-opacity":"","overlay-gradient":""},"tablet":{"background-color":"var(--ast-global-color-5)","background-image":"","background-repeat":"repeat","background-position":"center center","background-size":"auto","background-attachment":"scroll","background-type":"","background-media":"","overlay-type":"","overlay-color":"","overlay-opacity":"","overlay-gradient":""},"mobile":{"background-color":"var(--ast-global-color-5)","background-image":"","background-repeat":"repeat","background-position":"center center","background-size":"auto","background-attachment":"scroll","background-type":"","background-media":"","overlay-type":"","overlay-color":"","overlay-opacity":"","overlay-gradient":""}},"footnotes":""},"class_list":["post-359","page","type-page","status-publish","hentry"],"_links":{"self":[{"href":"https:\/\/toupeewholesale.com\/de\/wp-json\/wp\/v2\/pages\/359","targetHints":{"allow":["GET"]}}],"collection":[{"href":"https:\/\/toupeewholesale.com\/de\/wp-json\/wp\/v2\/pages"}],"about":[{"href":"https:\/\/toupeewholesale.com\/de\/wp-json\/wp\/v2\/types\/page"}],"author":[{"embeddable":true,"href":"https:\/\/toupeewholesale.com\/de\/wp-json\/wp\/v2\/users\/1"}],"replies":[{"embeddable":true,"href":"https:\/\/toupeewholesale.com\/de\/wp-json\/wp\/v2\/comments?post=359"}],"version-history":[{"count":1,"href":"https:\/\/toupeewholesale.com\/de\/wp-json\/wp\/v2\/pages\/359\/revisions"}],"predecessor-version":[{"id":367,"href":"https:\/\/toupeewholesale.com\/de\/wp-json\/wp\/v2\/pages\/359\/revisions\/367"}],"wp:attachment":[{"href":"https:\/\/toupeewholesale.com\/de\/wp-json\/wp\/v2\/media?parent=359"}],"curies":[{"name":"wp","href":"https:\/\/api.w.org\/{rel}","templated":true}]}}