{"id":373,"date":"2023-07-03T03:59:40","date_gmt":"2023-07-03T01:59:40","guid":{"rendered":"https:\/\/toupeewholesale.com\/de\/\/?page_id=373"},"modified":"2023-07-03T03:59:41","modified_gmt":"2023-07-03T01:59:41","slug":"datenschutzbestimmungen","status":"publish","type":"page","link":"https:\/\/toupeewholesale.com\/de\/datenschutzbestimmungen\/","title":{"rendered":"Datenschutzbestimmungen"},"content":{"rendered":"<p style=\"margin-top:var(--wp--preset--spacing--80)\">toupeewholesale respektiert die Privatsph\u00e4re unserer Besucher\/Kunden, die uns wichtig ist. Wir nehmen Ihre Online-Sicherheit ernst. Um Ihnen einen besseren Service zu bieten und Sie \u00fcber Ihre Daten auf unserer Website aufzukl\u00e4ren, erl\u00e4utern wir im Folgenden unsere Datenschutzpolitik.<\/p><ol class=\"wp-block-list\"><li><strong>Sicherheit der Privatsph\u00e4re<\/strong><\/li><\/ol><p>Wir verkaufen (oder tauschen oder vermieten) keine pers\u00f6nlich identifizierbaren Informationen an andere Unternehmen im Rahmen unseres regul\u00e4ren Gesch\u00e4ftsbetriebs. Wir verwenden die neueste SSL-Verschl\u00fcsselungstechnologie, sammeln pers\u00f6nliche Daten wie Kreditkartennummern auf Seiten, die mit SSL-Technologie gesch\u00fctzt sind, und alle unsere Mitarbeiter unterzeichnen eine Vertraulichkeitsvereinbarung, die es ihnen verbietet, private kundenbezogene Informationen an andere Personen oder Unternehmen weiterzugeben.<\/p><ol class=\"wp-block-list\" start=\"2\"><li><strong>Die Informationen, die wir sammeln<\/strong><\/li><\/ol><p>toupeewholesale h\u00e4lt es f\u00fcr wichtig, dass Sie wissen, welche Arten von Informationen wir sammeln, wenn Sie unsere Website nutzen. Zu den Informationen geh\u00f6ren E-Mail, Name, Firmenname, Adresse, Postleitzahl, Stadt, Land, Telefonnummer, Passwort und so weiter. Wir sammeln diese Informationen auf verschiedene Weise. Zun\u00e4chst einmal verwenden wir Cookies, die ben\u00f6tigt werden, um aggregierte, nicht pers\u00f6nlich identifizierbare Informationen \u00fcber die Besucher unserer Website zusammenzustellen. Pers\u00f6nlich identifizierbare Informationen bestehen aus Informationen, die Ihnen eindeutig zugeordnet werden k\u00f6nnen, wie z.B. Kreditkartennummern und Bankkontonummern.<\/p><ol class=\"wp-block-list\" start=\"3\"><li><strong>Die Verwendung von Informationen<\/strong><\/li><\/ol><p>Wir wollen Ihnen die Nutzung dieser Website erleichtern, indem wir Ihnen die mehrfache Eingabe von Informationen ersparen.<\/p><p>Sie helfen Ihnen, schnell Informationen, Produkte und Dienstleistungen zu finden.<\/p><p>Sie helfen uns, Inhalte auf dieser Website zu erstellen, die f\u00fcr Sie am relevantesten sind.<\/p><p>Sie auf neue Informationen, Produkte und Dienstleistungen aufmerksam zu machen, die wir anbieten.<\/p><p><strong>Registrierung und Bestellung:<\/strong><\/p><p>Bei der Registrierung werden Sie aufgefordert, uns Ihren Namen, Ihre Liefer- und Rechnungsadresse, Ihre Telefonnummer, Ihre E-Mail-Adresse und Ihre Kreditkartennummer mitzuteilen. Dar\u00fcber hinaus fragen wir Sie m\u00f6glicherweise auch nach Ihrem Land, damit wir die geltenden Gesetze und Vorschriften einhalten k\u00f6nnen. Diese Arten von pers\u00f6nlichen Informationen werden f\u00fcr die Rechnungsstellung, die Ausf\u00fchrung Ihrer Bestellungen, die Kommunikation mit Ihnen \u00fcber Ihre Bestellung und unsere Website sowie f\u00fcr interne Marketingzwecke verwendet. Wenn wir bei der Bearbeitung Ihrer Bestellung auf ein Problem sto\u00dfen, k\u00f6nnen wir die von Ihnen zur Verf\u00fcgung gestellten pers\u00f6nlichen Daten verwenden, um Sie zu kontaktieren.<\/p><p><strong>E-Mail-Adressen:<\/strong><\/p><p>Sie m\u00fcssen ein Konto einrichten, um eine Bestellung bei uns aufzugeben und um kostenlose Werbemitteilungen zu erhalten. Wir werden Sie benachrichtigen, wenn wir eine neue Marke oder einen neuen Produktstil erhalten, wenn Sie sich f\u00fcr unseren E-Mail-Newsletter anmelden. Ihre Teilnahme an einem Gewinnspiel ist v\u00f6llig freiwillig, und Sie k\u00f6nnen selbst entscheiden, ob Sie daran teilnehmen und uns die entsprechenden Informationen \u00fcbermitteln wollen.<\/p><p><strong>Welche Art von E-Mail senden Sie an den Kunden?<\/strong><\/p><p>Wir senden E-Mails an unsere Kunden, die Folgendes enthalten k\u00f6nnen:<\/p><p>Bestellinformationen, Zahlungsbest\u00e4tigungen, Versandbenachrichtigungen, Aktualisierungen der Auftragsabwicklung, w\u00f6chentliche Angebote, Sonderaktionen und Aktivit\u00e4ten, zu denen auch Wettbewerbe und Werbegeschenke geh\u00f6ren.<\/p><p><strong>Wie kann ich mich abmelden?<\/strong><\/p><p>Sie k\u00f6nnen sich jederzeit abmelden, indem Sie den Link am Ende eines jeden E-Mail-Newsletters verwenden.<\/p><p><strong>Achtung!<\/strong><\/p><p>Nach der Registrierung eines Kontos erhalten Sie unsere w\u00f6chentlichen Newsletter mit Informationen zu exklusiven Angeboten, Sonderrabatten, kostenlosen Gutscheinen und themenbezogenen Werbeaktionen.<\/p>","protected":false},"excerpt":{"rendered":"<p>toupeewholesale respektiert die Privatsph\u00e4re unserer Besucher\/Kunden, die uns wichtig ist. Wir nehmen Ihre Online-Sicherheit ernst. Um Ihnen einen besseren Service zu bieten und Sie \u00fcber Ihre Daten auf unserer Website aufzukl\u00e4ren, erl\u00e4utern wir im Folgenden unsere Datenschutzpolitik. Wir verkaufen (oder tauschen oder vermieten) keine pers\u00f6nlich identifizierbaren Informationen an andere Unternehmen im Rahmen unseres regul\u00e4ren Gesch\u00e4ftsbetriebs. [&hellip;]<\/p>\n","protected":false},"author":1,"featured_media":0,"parent":0,"menu_order":0,"comment_status":"closed","ping_status":"closed","template":"","meta":{"rank_math_lock_modified_date":false,"site-sidebar-layout":"default","site-content-layout":"","ast-site-content-layout":"","site-content-style":"default","site-sidebar-style":"default","ast-global-header-display":"","ast-banner-title-visibility":"","ast-main-header-display":"","ast-hfb-above-header-display":"","ast-hfb-below-header-display":"","ast-hfb-mobile-header-display":"","site-post-title":"disabled","ast-breadcrumbs-content":"","ast-featured-img":"","footer-sml-layout":"","theme-transparent-header-meta":"","adv-header-id-meta":"","stick-header-meta":"","header-above-stick-meta":"","header-main-stick-meta":"","header-below-stick-meta":"","astra-migrate-meta-layouts":"default","ast-page-background-enabled":"default","ast-page-background-meta":{"desktop":{"background-color":"var(--ast-global-color-4)","background-image":"","background-repeat":"repeat","background-position":"center center","background-size":"auto","background-attachment":"scroll","background-type":"","background-media":"","overlay-type":"","overlay-color":"","overlay-opacity":"","overlay-gradient":""},"tablet":{"background-color":"","background-image":"","background-repeat":"repeat","background-position":"center center","background-size":"auto","background-attachment":"scroll","background-type":"","background-media":"","overlay-type":"","overlay-color":"","overlay-opacity":"","overlay-gradient":""},"mobile":{"background-color":"","background-image":"","background-repeat":"repeat","background-position":"center center","background-size":"auto","background-attachment":"scroll","background-type":"","background-media":"","overlay-type":"","overlay-color":"","overlay-opacity":"","overlay-gradient":""}},"ast-content-background-meta":{"desktop":{"background-color":"var(--ast-global-color-5)","background-image":"","background-repeat":"repeat","background-position":"center center","background-size":"auto","background-attachment":"scroll","background-type":"","background-media":"","overlay-type":"","overlay-color":"","overlay-opacity":"","overlay-gradient":""},"tablet":{"background-color":"var(--ast-global-color-5)","background-image":"","background-repeat":"repeat","background-position":"center center","background-size":"auto","background-attachment":"scroll","background-type":"","background-media":"","overlay-type":"","overlay-color":"","overlay-opacity":"","overlay-gradient":""},"mobile":{"background-color":"var(--ast-global-color-5)","background-image":"","background-repeat":"repeat","background-position":"center center","background-size":"auto","background-attachment":"scroll","background-type":"","background-media":"","overlay-type":"","overlay-color":"","overlay-opacity":"","overlay-gradient":""}},"footnotes":""},"class_list":["post-373","page","type-page","status-publish","hentry"],"_links":{"self":[{"href":"https:\/\/toupeewholesale.com\/de\/wp-json\/wp\/v2\/pages\/373","targetHints":{"allow":["GET"]}}],"collection":[{"href":"https:\/\/toupeewholesale.com\/de\/wp-json\/wp\/v2\/pages"}],"about":[{"href":"https:\/\/toupeewholesale.com\/de\/wp-json\/wp\/v2\/types\/page"}],"author":[{"embeddable":true,"href":"https:\/\/toupeewholesale.com\/de\/wp-json\/wp\/v2\/users\/1"}],"replies":[{"embeddable":true,"href":"https:\/\/toupeewholesale.com\/de\/wp-json\/wp\/v2\/comments?post=373"}],"version-history":[{"count":1,"href":"https:\/\/toupeewholesale.com\/de\/wp-json\/wp\/v2\/pages\/373\/revisions"}],"predecessor-version":[{"id":374,"href":"https:\/\/toupeewholesale.com\/de\/wp-json\/wp\/v2\/pages\/373\/revisions\/374"}],"wp:attachment":[{"href":"https:\/\/toupeewholesale.com\/de\/wp-json\/wp\/v2\/media?parent=373"}],"curies":[{"name":"wp","href":"https:\/\/api.w.org\/{rel}","templated":true}]}}