{"id":376,"date":"2023-07-03T04:09:42","date_gmt":"2023-07-03T02:09:42","guid":{"rendered":"https:\/\/toupeewholesale.com\/de\/\/?page_id=376"},"modified":"2023-07-03T04:09:43","modified_gmt":"2023-07-03T02:09:43","slug":"versandpolitik","status":"publish","type":"page","link":"https:\/\/toupeewholesale.com\/de\/versandpolitik\/","title":{"rendered":"Versandpolitik"},"content":{"rendered":"<p style=\"margin-top:var(--wp--preset--spacing--80)\">toupeewholesale ist ein weltweit f\u00fchrender Online-H\u00e4ndler. Wir haben Erfahrung mit dem Versand von Bestellungen in die ganze Welt. Wir arbeiten mit gro\u00dfen internationalen Versandunternehmen wie DHL zusammen. Wir haben unsere Produkte auf Vorrat, so dass die Bearbeitungszeit in der Regel sehr schnell ist.<\/p><ol class=\"wp-block-list\"><li><strong>In welches Land liefern Sie kostenlos?<\/strong><\/li><\/ol><p>Wir haben weltweit kostenlosen Versand f\u00fcr alle Haarsystemprodukte.<\/p><ul class=\"wp-block-list\"><li>Wenn die Bestellung nur Zubeh\u00f6r f\u00fcr das Haarsystem enth\u00e4lt, betragen die Versandkosten 29,9 $, wenn das Paket weniger als 0,5 kg wiegt. Wenn es mehr als 0,5 kg wiegt, wird f\u00fcr jedes weitere 0,5 kg ein Zuschlag von $10 erhoben.<\/li><\/ul><ol class=\"wp-block-list\"><li><strong>Wie lange ist die Versanddauer?<\/strong><\/li><\/ol><p>Die Versanddauer variiert.<\/p><p>Bearbeitungszeit: 1-3 Arbeitstage.<\/p><p>Versandzeit (dies schlie\u00dft m\u00f6gliche Verz\u00f6gerungen bei der Zollabfertigung, Wochenenden, Feiertage und unvorhersehbare Umst\u00e4nde nicht ein).<\/p><p>USA: 3-7 Werktage<\/p><p>KANADA: 3-7 Werktage<\/p><p>EUROP\u00c4ISCH:3-7 Werktage<\/p><p>AFRIKA:5-14 Werktage<\/p><p>AUSTRALIEN:3-7 Werktage<\/p><p>Andere L\u00e4nder:5-14 Werktage<\/p><p>Website zur Sendungsverfolgung:<\/p><p>http:\/\/www.dhl.com\/en.html DHL<\/p><p>Custom Produkt ist 5-14 Wochen<\/p><p>Wenn der Ausdruck verz\u00f6gert wird und die Ware nicht erhalten wird, kontaktieren Sie uns bitte \u00fcber email:support@toupeewholesale.com<\/p><ol class=\"wp-block-list\" start=\"3\"><li><strong>Wie kann ich die Versandart \u00e4ndern?<\/strong><\/li><\/ol><p>Technisch gesehen k\u00f6nnen Sie eine Bestellung nicht mehr \u00e4ndern, sobald Sie bezahlt haben. Bitte kontaktieren Sie uns unter support@toupeewholesale.com, wenn sich die Bestellung noch in der fr\u00fchen Bearbeitungsphase befindet, vielleicht k\u00f6nnen wir die Versandart noch f\u00fcr Sie \u00e4ndern.<\/p><ol class=\"wp-block-list\" start=\"4\"><li><strong>Wird es eine Tracking-Nummer geben?<\/strong><\/li><\/ol><p>Es wird eine Tracking-Nummer f\u00fcr Ihre Bestellung geben. Sobald Ihre Bestellung versandt wurde, senden wir Ihnen die Anweisungen zur Sendungsverfolgung an die von Ihnen hinterlegte E-Mail-Adresse. Es kann sein, dass die Tracking-Nummer zun\u00e4chst nicht verfolgt werden kann. Kontaktieren Sie uns, wenn Ihre Sendungsverfolgung nach 3 Tagen nicht aktualisiert wurde. Unsere E-Mail-Adresse lautet support@toupeewholesale.com. Wir werden die Nummer f\u00fcr Sie \u00fcberpr\u00fcfen und sicherstellen, dass die Tracking-Nummer korrekt ist.<\/p><p><strong>Zollabfertigung<\/strong><\/p><p>Die Kunden sind f\u00fcr die Zollabfertigung verantwortlich. Bitte kontaktieren Sie den Kundendienst, wenn Sie weitere Fragen haben questions.email:support@toupeewholesale.com<\/p>","protected":false},"excerpt":{"rendered":"<p>toupeewholesale ist ein weltweit f\u00fchrender Online-H\u00e4ndler. Wir haben Erfahrung mit dem Versand von Bestellungen in die ganze Welt. Wir arbeiten mit gro\u00dfen internationalen Versandunternehmen wie DHL zusammen. Wir haben unsere Produkte auf Vorrat, so dass die Bearbeitungszeit in der Regel sehr schnell ist. Wir haben weltweit kostenlosen Versand f\u00fcr alle Haarsystemprodukte. Die Versanddauer variiert. Bearbeitungszeit: [&hellip;]<\/p>\n","protected":false},"author":1,"featured_media":0,"parent":0,"menu_order":0,"comment_status":"closed","ping_status":"closed","template":"","meta":{"rank_math_lock_modified_date":false,"site-sidebar-layout":"default","site-content-layout":"","ast-site-content-layout":"","site-content-style":"default","site-sidebar-style":"default","ast-global-header-display":"","ast-banner-title-visibility":"","ast-main-header-display":"","ast-hfb-above-header-display":"","ast-hfb-below-header-display":"","ast-hfb-mobile-header-display":"","site-post-title":"disabled","ast-breadcrumbs-content":"","ast-featured-img":"","footer-sml-layout":"","theme-transparent-header-meta":"","adv-header-id-meta":"","stick-header-meta":"","header-above-stick-meta":"","header-main-stick-meta":"","header-below-stick-meta":"","astra-migrate-meta-layouts":"default","ast-page-background-enabled":"default","ast-page-background-meta":{"desktop":{"background-color":"var(--ast-global-color-4)","background-image":"","background-repeat":"repeat","background-position":"center center","background-size":"auto","background-attachment":"scroll","background-type":"","background-media":"","overlay-type":"","overlay-color":"","overlay-opacity":"","overlay-gradient":""},"tablet":{"background-color":"","background-image":"","background-repeat":"repeat","background-position":"center center","background-size":"auto","background-attachment":"scroll","background-type":"","background-media":"","overlay-type":"","overlay-color":"","overlay-opacity":"","overlay-gradient":""},"mobile":{"background-color":"","background-image":"","background-repeat":"repeat","background-position":"center center","background-size":"auto","background-attachment":"scroll","background-type":"","background-media":"","overlay-type":"","overlay-color":"","overlay-opacity":"","overlay-gradient":""}},"ast-content-background-meta":{"desktop":{"background-color":"var(--ast-global-color-5)","background-image":"","background-repeat":"repeat","background-position":"center center","background-size":"auto","background-attachment":"scroll","background-type":"","background-media":"","overlay-type":"","overlay-color":"","overlay-opacity":"","overlay-gradient":""},"tablet":{"background-color":"var(--ast-global-color-5)","background-image":"","background-repeat":"repeat","background-position":"center center","background-size":"auto","background-attachment":"scroll","background-type":"","background-media":"","overlay-type":"","overlay-color":"","overlay-opacity":"","overlay-gradient":""},"mobile":{"background-color":"var(--ast-global-color-5)","background-image":"","background-repeat":"repeat","background-position":"center center","background-size":"auto","background-attachment":"scroll","background-type":"","background-media":"","overlay-type":"","overlay-color":"","overlay-opacity":"","overlay-gradient":""}},"footnotes":""},"class_list":["post-376","page","type-page","status-publish","hentry"],"_links":{"self":[{"href":"https:\/\/toupeewholesale.com\/de\/wp-json\/wp\/v2\/pages\/376","targetHints":{"allow":["GET"]}}],"collection":[{"href":"https:\/\/toupeewholesale.com\/de\/wp-json\/wp\/v2\/pages"}],"about":[{"href":"https:\/\/toupeewholesale.com\/de\/wp-json\/wp\/v2\/types\/page"}],"author":[{"embeddable":true,"href":"https:\/\/toupeewholesale.com\/de\/wp-json\/wp\/v2\/users\/1"}],"replies":[{"embeddable":true,"href":"https:\/\/toupeewholesale.com\/de\/wp-json\/wp\/v2\/comments?post=376"}],"version-history":[{"count":1,"href":"https:\/\/toupeewholesale.com\/de\/wp-json\/wp\/v2\/pages\/376\/revisions"}],"predecessor-version":[{"id":377,"href":"https:\/\/toupeewholesale.com\/de\/wp-json\/wp\/v2\/pages\/376\/revisions\/377"}],"wp:attachment":[{"href":"https:\/\/toupeewholesale.com\/de\/wp-json\/wp\/v2\/media?parent=376"}],"curies":[{"name":"wp","href":"https:\/\/api.w.org\/{rel}","templated":true}]}}