{"id":21,"date":"2023-06-28T10:43:47","date_gmt":"2023-06-28T08:43:47","guid":{"rendered":"https:\/\/toupeewholesale.com\/de\/\/?post_type=product&#038;p=21"},"modified":"2023-09-22T11:02:11","modified_gmt":"2023-09-22T09:02:11","slug":"echthaar-toupet-fuer-maenner-0-04-0-06mm-v-loop-pu-super-duenn-haut-haarsystem","status":"publish","type":"product","link":"https:\/\/toupeewholesale.com\/de\/produkt\/echthaar-toupet-fuer-maenner-0-04-0-06mm-v-loop-pu-super-duenn-haut-haarsystem\/","title":{"rendered":"Echthaar Toupet f\u00fcr M\u00e4nner &#8211; 0.04-0.06mm V-Loop PU Super D\u00fcnn Haut Haarsystem"},"content":{"rendered":"<div style=\"float: left;\"><iframe loading=\"lazy\" title=\"mens hairpieces for thinning hair - mens toupee\" src=\"https:\/\/www.youtube.com\/embed\/dLudOvv0a3g\" width=\"400\" height=\"532\" frameborder=\"0\" allowfullscreen=\"allowfullscreen\"><\/iframe><\/div>\n<div style=\"float: left;\"><iframe loading=\"lazy\" title=\"glued on hairpiece for men - men's toupee human hair\" src=\"https:\/\/www.youtube.com\/embed\/J9FWmYl29YE\" width=\"400\" height=\"532\" frameborder=\"0\" allowfullscreen=\"allowfullscreen\"><\/iframe><\/div>\n<div style=\"float: left;\"><iframe loading=\"lazy\" title=\"hairpiece for men that glues to your head\" src=\"https:\/\/www.youtube.com\/embed\/cKN0NTwsZNA\" width=\"400\" height=\"532\" frameborder=\"0\" allowfullscreen=\"allowfullscreen\"><\/iframe><\/div>\n<div style=\"float: left;\">\nmenschliches Haar Toupet ist weich und glatt, nicht leicht zu knoten und Haare verlieren. Wenn Sie es anwenden, k\u00f6nnen Sie es in jede andere Gr\u00f6\u00dfe trimmen. Es sieht so nat\u00fcrlich aus wie Ihr eigenes Haar, es ist extrem bequem und einfach zu tragen.Perfekte L\u00f6sung f\u00fcr Haarausfall M\u00e4nner.<\/p>\n<p>Natural Invisible Hairline hat einen V-Looped Knoten f\u00fcr mehr Haltbarkeit und Nat\u00fcrlichkeit. Sind Sie auf der Suche nach einem nat\u00fcrlichen Haaransatz, der nicht gepflegt werden muss? Wir sind hier, um Ihnen zu helfen, die nat\u00fcrlichste Per\u00fccke f\u00fcr M\u00e4nner zu bekommen.<\/p>\n<p>Sie k\u00f6nnen es zu jeder Zeit in Ihrem Leben tragen, bei Verabredungen, beim Schwimmen, auf Partys, beim Sport, auf Hochzeiten und im Freien.Freier Stil, kann gegl\u00e4ttet, gelockt, wie Ihr eigenes Haar gestylt werden.\n<\/p><\/div>\n<table style=\"width: 100%; border: 1px solid #D7D7D7;\" data-ostyle=\"\">\n<tbody>\n<tr style=\"height: 50px;\">\n<td style=\"width: 30%; height: 35px; border-bottom: 1px solid #D7D7D7; border-right: 1px solid #D7D7D7; text-align: right; padding-left: 10px; padding-right: 10px;\"><b>Haartyp:<\/b><\/td>\n<td style=\"width: 70%; height: 35px; border-bottom: 1px solid #D7D7D7; padding-left: 10px; padding-right: 10px;\">Feinstes indisches Echthaar<\/td>\n<\/tr>\n<tr style=\"height: 50px; background-color: #ececec;\">\n<td style=\"width: 30%; height: 35px; border-bottom: 1px solid #D7D7D7; border-right: 1px solid #D7D7D7; text-align: right; padding-left: 10px; padding-right: 10px;\"><b>Basis Design<\/b><\/td>\n<td style=\"width: 70%; height: 35px; border-bottom: 1px solid #D7D7D7; padding-left: 10px; padding-right: 10px;\">0.06mm D\u00fcnnes Haut Haarteil<\/td>\n<\/tr>\n<tr style=\"height: 50px;\">\n<td style=\"width: 30%; height: 21px; border-bottom: 1px solid #D7D7D7; border-right: 1px solid #D7D7D7; text-align: right; padding-left: 10px; padding-right: 10px;\"><b>Basisgr\u00f6\u00dfe<\/b><\/td>\n<td style=\"width: 70%; height: 21px; border-bottom: 1px solid #D7D7D7; padding-left: 10px; padding-right: 10px;\">L\u00e4nge 25 cm x Breite 20 cm, L\u00e4nge 25 cm x Breite 17 cm, L\u00e4nge 22 cm x Breite 17 cm, L\u00e4nge 20 cm x Breite 15 cm,kann auf jede kleinere Gr\u00f6\u00dfe zugeschnitten werden<\/td>\n<\/tr>\n<tr style=\"height: 50px; background-color: #ececec;\">\n<td style=\"width: 30%; height: 21px; border-bottom: 1px solid #D7D7D7; border-right: 1px solid #D7D7D7; text-align: right; padding-left: 10px; padding-right: 10px;\"><b>Stil<\/b><\/td>\n<td style=\"width: 70%; height: 21px; border-bottom: 1px solid #D7D7D7; padding-left: 10px; padding-right: 10px;\">Freestyle<\/td>\n<\/tr>\n<tr style=\"height: 50px;\">\n<td style=\"width: 30%; height: 21px; border-bottom: 1px solid #D7D7D7; border-right: 1px solid #D7D7D7; text-align: right; padding-left: 10px; padding-right: 10px;\"><b>Basismaterial<\/b><\/td>\n<td style=\"width: 70%; height: 21px; border-bottom: 1px solid #D7D7D7; padding-left: 10px; padding-right: 10px;\">Haut (Folie, Poly)<\/td>\n<\/tr>\n<tr style=\"height: 50px; background-color: #ececec;\">\n<td style=\"width: 30%; height: 21px; border-bottom: 1px solid #D7D7D7; border-right: 1px solid #D7D7D7; text-align: right; padding-left: 10px; padding-right: 10px;\"><b>Dicke der Basis<\/b><\/td>\n<td style=\"width: 70%; height: 21px; border-bottom: 1px solid #D7D7D7; padding-left: 10px; padding-right: 10px;\">0.06 mm<\/td>\n<\/tr>\n<tr style=\"height: 50px;\">\n<td style=\"width: 30%; height: 21px; border-bottom: 1px solid #D7D7D7; border-right: 1px solid #D7D7D7; text-align: right; padding-left: 10px; padding-right: 10px;\"><b>Haarl\u00e4nge<\/b><\/td>\n<td style=\"width: 70%; height: 21px; border-bottom: 1px solid #D7D7D7; padding-left: 10px; padding-right: 10px;\">15 cm<\/td>\n<\/tr>\n<tr style=\"height: 50px; background-color: #ececec;\">\n<td style=\"width: 30%; height: 21px; border-bottom: 1px solid #D7D7D7; border-right: 1px solid #D7D7D7; text-align: right; padding-left: 10px; padding-right: 10px;\"><b>Haardichte<\/b><\/td>\n<td style=\"width: 70%; height: 21px; border-bottom: 1px solid #D7D7D7; padding-left: 10px; padding-right: 10px;\">110-120 %<\/td>\n<\/tr>\n<tr style=\"height: 50px;\">\n<td style=\"width: 30%; height: 21px; border-bottom: 1px solid #D7D7D7; border-right: 1px solid #D7D7D7; text-align: right; padding-left: 10px; padding-right: 10px;\"><b>Erh\u00e4ltliche Farben<\/b><\/td>\n<td style=\"width: 70%; height: 21px; border-bottom: 1px solid #D7D7D7; padding-left: 10px; padding-right: 10px;\">#1, #1A, #1B, #1B10, #1B20, #1B40, #1B50,#1B60, #2, #210, #220, #240,#250, #3, #310, #320, #340,#350, #4, #410, #420, #430, #440, #450, #4ASH, #5, #6, #7, #7ASH, #18, #22<\/td>\n<\/tr>\n<\/tbody>\n<\/table>\n","protected":false},"excerpt":{"rendered":"<p>menschliches Haar Toupet ist weich und glatt, nicht leicht zu knoten und Haare verlieren. Wenn Sie es anwenden, k\u00f6nnen Sie es in jede andere Gr\u00f6\u00dfe trimmen. Es sieht so nat\u00fcrlich aus wie Ihr eigenes Haar, es ist extrem bequem und einfach zu tragen.Perfekte L\u00f6sung f\u00fcr Haarausfall M\u00e4nner. Natural Invisible Hairline hat einen V-Looped Knoten f\u00fcr [&hellip;]<\/p>\n","protected":false},"featured_media":22,"comment_status":"open","ping_status":"closed","template":"","meta":{"rank_math_lock_modified_date":false,"site-sidebar-layout":"default","site-content-layout":"default","ast-site-content-layout":"default","site-content-style":"default","site-sidebar-style":"default","ast-global-header-display":"","ast-banner-title-visibility":"","ast-main-header-display":"","ast-hfb-above-header-display":"","ast-hfb-below-header-display":"","ast-hfb-mobile-header-display":"","site-post-title":"","ast-breadcrumbs-content":"","ast-featured-img":"","footer-sml-layout":"","theme-transparent-header-meta":"default","adv-header-id-meta":"","stick-header-meta":"","header-above-stick-meta":"","header-main-stick-meta":"","header-below-stick-meta":"","astra-migrate-meta-layouts":"set","ast-page-background-enabled":"default","ast-page-background-meta":{"desktop":{"background-color":"var(--ast-global-color-4)","background-image":"","background-repeat":"repeat","background-position":"center center","background-size":"auto","background-attachment":"scroll","background-type":"","background-media":"","overlay-type":"","overlay-color":"","overlay-opacity":"","overlay-gradient":""},"tablet":{"background-color":"","background-image":"","background-repeat":"repeat","background-position":"center center","background-size":"auto","background-attachment":"scroll","background-type":"","background-media":"","overlay-type":"","overlay-color":"","overlay-opacity":"","overlay-gradient":""},"mobile":{"background-color":"","background-image":"","background-repeat":"repeat","background-position":"center center","background-size":"auto","background-attachment":"scroll","background-type":"","background-media":"","overlay-type":"","overlay-color":"","overlay-opacity":"","overlay-gradient":""}},"ast-content-background-meta":{"desktop":{"background-color":"var(--ast-global-color-5)","background-image":"","background-repeat":"repeat","background-position":"center center","background-size":"auto","background-attachment":"scroll","background-type":"","background-media":"","overlay-type":"","overlay-color":"","overlay-opacity":"","overlay-gradient":""},"tablet":{"background-color":"var(--ast-global-color-5)","background-image":"","background-repeat":"repeat","background-position":"center center","background-size":"auto","background-attachment":"scroll","background-type":"","background-media":"","overlay-type":"","overlay-color":"","overlay-opacity":"","overlay-gradient":""},"mobile":{"background-color":"var(--ast-global-color-5)","background-image":"","background-repeat":"repeat","background-position":"center center","background-size":"auto","background-attachment":"scroll","background-type":"","background-media":"","overlay-type":"","overlay-color":"","overlay-opacity":"","overlay-gradient":""}}},"product_cat":[15],"product_tag":[],"class_list":{"0":"post-21","1":"product","2":"type-product","3":"status-publish","4":"has-post-thumbnail","6":"product_cat-unkategorisiert","7":"desktop-align-left","8":"tablet-align-left","9":"mobile-align-left","11":"first","12":"instock","13":"shipping-taxable","14":"purchasable","15":"product-type-variable"},"_links":{"self":[{"href":"https:\/\/toupeewholesale.com\/de\/wp-json\/wp\/v2\/product\/21","targetHints":{"allow":["GET"]}}],"collection":[{"href":"https:\/\/toupeewholesale.com\/de\/wp-json\/wp\/v2\/product"}],"about":[{"href":"https:\/\/toupeewholesale.com\/de\/wp-json\/wp\/v2\/types\/product"}],"replies":[{"embeddable":true,"href":"https:\/\/toupeewholesale.com\/de\/wp-json\/wp\/v2\/comments?post=21"}],"wp:featuredmedia":[{"embeddable":true,"href":"https:\/\/toupeewholesale.com\/de\/wp-json\/wp\/v2\/media\/22"}],"wp:attachment":[{"href":"https:\/\/toupeewholesale.com\/de\/wp-json\/wp\/v2\/media?parent=21"}],"wp:term":[{"taxonomy":"product_cat","embeddable":true,"href":"https:\/\/toupeewholesale.com\/de\/wp-json\/wp\/v2\/product_cat?post=21"},{"taxonomy":"product_tag","embeddable":true,"href":"https:\/\/toupeewholesale.com\/de\/wp-json\/wp\/v2\/product_tag?post=21"}],"curies":[{"name":"wp","href":"https:\/\/api.w.org\/{rel}","templated":true}]}}