{"id":46,"date":"2023-06-28T10:54:49","date_gmt":"2023-06-28T08:54:49","guid":{"rendered":"https:\/\/toupeewholesale.com\/de\/\/?post_type=product&#038;p=46"},"modified":"2023-06-29T08:38:44","modified_gmt":"2023-06-29T06:38:44","slug":"flach-eingespritzte-vollhauttoupets-fuer-maenner","status":"publish","type":"product","link":"https:\/\/toupeewholesale.com\/de\/produkt\/flach-eingespritzte-vollhauttoupets-fuer-maenner\/","title":{"rendered":"Flach eingespritzte Vollhauttoupets f\u00fcr M\u00e4nner"},"content":{"rendered":"<p>Details \u00fcber STSI Invisible Thin Skin Hair System (Unsichtbares Haarsystem f\u00fcr d\u00fcnne Haut)<br \/>\nUnser STSI Invisible Thin Skin Haarsystem verwendet die Injektions-Ventilationstechnik und ist knotenlos und perfekt, wenn Sie es bevorzugen, dass Ihr Haar flach und ordentlich sitzt. Die d\u00fcnne, transparente Basis erscheint unsichtbar auf Ihrer Kopfhaut, so dass niemand erkennen kann, dass Sie eines unserer Haarteile f\u00fcr M\u00e4nner tragen.<\/p>\n<p>Das STSI Invisible Thin Skin Haarsystem hat einen sch\u00f6nen, nat\u00fcrlichen vorderen Haaransatz. Wir empfehlen jedoch nicht, das Haar nach hinten zu k\u00e4mmen, da das injizierte Haar auf d\u00fcnner Haut flach ist und sich nicht leicht zur\u00fcckk\u00e4mmen l\u00e4sst. Wenn Sie Ihr Haar nach vorne tragen, ist es ein wirklich tolles Modell f\u00fcr Sie. Diese unsichtbaren Haarsysteme f\u00fcr d\u00fcnne Haut lassen sich au\u00dferdem leicht anbringen und reinigen.<\/p>\n<p>Dieses unsichtbare Haarsystem f\u00fcr d\u00fcnne Haut hat eine Standard-CC-Form und ist federleicht, mit einer K\u00f6rperwelle und einem nat\u00fcrlichen Look. Es hat eine mittelhelle Dichte, die vor allem f\u00fcr M\u00e4nner geeignet ist. Wenn Sie eine nat\u00fcrlich aussehende Vorw\u00e4rtsfrisur bevorzugen und keinen Wert auf Atmungsaktivit\u00e4t legen, probieren Sie unsere STSI-Haarteile f\u00fcr M\u00e4nner aus.<\/p>\n<p>FAQs f\u00fcr STSI:<\/p>\n<p>F: Kann ich den Ansatz abschneiden, wenn er zu gro\u00df f\u00fcr mich ist?<\/p>\n<p>A: Ja, das k\u00f6nnen Sie auf jeden Fall. Bei diesem Haarteil k\u00f6nnen Sie so viel abschneiden, wie Sie m\u00f6chten.<\/p>\n<p>F: Gibt es auch andere Farben f\u00fcr dieses Modell?<\/p>\n<p>A: Ja, STSI hat 65 Farben auf Lager, von schwarz, braun, blond bis hin zu grauen Haarfarben. Wenn Sie die gew\u00fcnschte Farbe nicht in der Dropdown-Liste finden, wenden Sie sich bitte an support@toupeewholesale.com und unsere Mitarbeiter werden f\u00fcr Sie nachsehen.<\/p>\n<table style=\"width: 100%; border: 1px solid #D7D7D7;\" data-ostyle=\"\">\n<tbody>\n<tr style=\"height: 50px;\">\n<td style=\"width: 30%; height: 35px; border-bottom: 1px solid #D7D7D7; border-right: 1px solid #D7D7D7; text-align: right; padding-left: 10px; padding-right: 10px;\"><b>Haartyp:<\/b><\/td>\n<td style=\"width: 70%; height: 35px; border-bottom: 1px solid #D7D7D7; padding-left: 10px; padding-right: 10px;\">Feinstes indisches Echthaar<\/td>\n<\/tr>\n<tr style=\"height: 50px; background-color: #ececec;\">\n<td style=\"width: 30%; height: 35px; border-bottom: 1px solid #D7D7D7; border-right: 1px solid #D7D7D7; text-align: right; padding-left: 10px; padding-right: 10px;\"><b>Basis Design<\/b><\/td>\n<td style=\"width: 70%; height: 35px; border-bottom: 1px solid #D7D7D7; padding-left: 10px; padding-right: 10px;\">Flach eingespritzte Vollhauttoupets f\u00fcr M\u00e4nner<\/td>\n<\/tr>\n<tr style=\"height: 50px;\">\n<td style=\"width: 30%; height: 21px; border-bottom: 1px solid #D7D7D7; border-right: 1px solid #D7D7D7; text-align: right; padding-left: 10px; padding-right: 10px;\"><b>Basisgr\u00f6\u00dfe<\/b><\/td>\n<td style=\"width: 70%; height: 21px; border-bottom: 1px solid #D7D7D7; padding-left: 10px; padding-right: 10px;\">L\u00e4nge 25 cm x Breite 20 cm, L\u00e4nge 25 cm x Breite 17 cm, L\u00e4nge 22 cm x Breite 17 cm, L\u00e4nge 20 cm x Breite 15 cm,kann auf jede kleinere Gr\u00f6\u00dfe zugeschnitten werden<\/td>\n<\/tr>\n<tr style=\"height: 50px; background-color: #ececec;\">\n<td style=\"width: 30%; height: 21px; border-bottom: 1px solid #D7D7D7; border-right: 1px solid #D7D7D7; text-align: right; padding-left: 10px; padding-right: 10px;\"><b>Stil<\/b><\/td>\n<td style=\"width: 70%; height: 21px; border-bottom: 1px solid #D7D7D7; padding-left: 10px; padding-right: 10px;\">Freestyle<\/td>\n<\/tr>\n<tr style=\"height: 50px;\">\n<td style=\"width: 30%; height: 21px; border-bottom: 1px solid #D7D7D7; border-right: 1px solid #D7D7D7; text-align: right; padding-left: 10px; padding-right: 10px;\"><b>Basismaterial<\/b><\/td>\n<td style=\"width: 70%; height: 21px; border-bottom: 1px solid #D7D7D7; padding-left: 10px; padding-right: 10px;\">Haut (Folie, Poly)<\/td>\n<\/tr>\n<tr style=\"height: 50px; background-color: #ececec;\">\n<td style=\"width: 30%; height: 21px; border-bottom: 1px solid #D7D7D7; border-right: 1px solid #D7D7D7; text-align: right; padding-left: 10px; padding-right: 10px;\"><b>Haarl\u00e4nge<\/b><\/td>\n<td style=\"width: 70%; height: 21px; border-bottom: 1px solid #D7D7D7; padding-left: 10px; padding-right: 10px;\">15 cm<\/td>\n<\/tr>\n<tr style=\"height: 50px;\">\n<td style=\"width: 30%; height: 21px; border-bottom: 1px solid #D7D7D7; border-right: 1px solid #D7D7D7; text-align: right; padding-left: 10px; padding-right: 10px;\"><b>Haardichte<\/b><\/td>\n<td style=\"width: 70%; height: 21px; border-bottom: 1px solid #D7D7D7; padding-left: 10px; padding-right: 10px;\">120 %<\/td>\n<\/tr>\n<tr style=\"height: 50px; background-color: #ececec;\">\n<td style=\"width: 30%; height: 21px; border-bottom: 1px solid #D7D7D7; border-right: 1px solid #D7D7D7; text-align: right; padding-left: 10px; padding-right: 10px;\"><b>Erh\u00e4ltliche Farben<\/b><\/td>\n<td style=\"width: 70%; height: 21px; border-bottom: 1px solid #D7D7D7; padding-left: 10px; padding-right: 10px;\">#1, #1A, #1B, #1B10, #1B20, #1B40, #1B50,#1B60, #2, #210, #220, #240,#250, #3, #310, #320, #340,#350, #4, #410, #420, #430, #440, #450, #4ASH, #5, #6, #7, #7ASH, #18, #22<\/td>\n<\/tr>\n<\/tbody>\n<\/table>\n","protected":false},"excerpt":{"rendered":"<p>Details \u00fcber STSI Invisible Thin Skin Hair System (Unsichtbares Haarsystem f\u00fcr d\u00fcnne Haut) Unser STSI Invisible Thin Skin Haarsystem verwendet die Injektions-Ventilationstechnik und ist knotenlos und perfekt, wenn Sie es bevorzugen, dass Ihr Haar flach und ordentlich sitzt. Die d\u00fcnne, transparente Basis erscheint unsichtbar auf Ihrer Kopfhaut, so dass niemand erkennen kann, dass Sie eines [&hellip;]<\/p>\n","protected":false},"featured_media":47,"comment_status":"open","ping_status":"closed","template":"","meta":{"rank_math_lock_modified_date":false,"site-sidebar-layout":"default","site-content-layout":"default","ast-site-content-layout":"","site-content-style":"default","site-sidebar-style":"default","ast-global-header-display":"","ast-banner-title-visibility":"","ast-main-header-display":"","ast-hfb-above-header-display":"","ast-hfb-below-header-display":"","ast-hfb-mobile-header-display":"","site-post-title":"","ast-breadcrumbs-content":"","ast-featured-img":"","footer-sml-layout":"","theme-transparent-header-meta":"default","adv-header-id-meta":"","stick-header-meta":"","header-above-stick-meta":"","header-main-stick-meta":"","header-below-stick-meta":"","astra-migrate-meta-layouts":"default","ast-page-background-enabled":"default","ast-page-background-meta":{"desktop":{"background-color":"var(--ast-global-color-4)","background-image":"","background-repeat":"repeat","background-position":"center center","background-size":"auto","background-attachment":"scroll","background-type":"","background-media":"","overlay-type":"","overlay-color":"","overlay-opacity":"","overlay-gradient":""},"tablet":{"background-color":"","background-image":"","background-repeat":"repeat","background-position":"center center","background-size":"auto","background-attachment":"scroll","background-type":"","background-media":"","overlay-type":"","overlay-color":"","overlay-opacity":"","overlay-gradient":""},"mobile":{"background-color":"","background-image":"","background-repeat":"repeat","background-position":"center center","background-size":"auto","background-attachment":"scroll","background-type":"","background-media":"","overlay-type":"","overlay-color":"","overlay-opacity":"","overlay-gradient":""}},"ast-content-background-meta":{"desktop":{"background-color":"var(--ast-global-color-5)","background-image":"","background-repeat":"repeat","background-position":"center center","background-size":"auto","background-attachment":"scroll","background-type":"","background-media":"","overlay-type":"","overlay-color":"","overlay-opacity":"","overlay-gradient":""},"tablet":{"background-color":"var(--ast-global-color-5)","background-image":"","background-repeat":"repeat","background-position":"center center","background-size":"auto","background-attachment":"scroll","background-type":"","background-media":"","overlay-type":"","overlay-color":"","overlay-opacity":"","overlay-gradient":""},"mobile":{"background-color":"var(--ast-global-color-5)","background-image":"","background-repeat":"repeat","background-position":"center center","background-size":"auto","background-attachment":"scroll","background-type":"","background-media":"","overlay-type":"","overlay-color":"","overlay-opacity":"","overlay-gradient":""}}},"product_cat":[15],"product_tag":[],"class_list":{"0":"post-46","1":"product","2":"type-product","3":"status-publish","4":"has-post-thumbnail","6":"product_cat-unkategorisiert","7":"desktop-align-left","8":"tablet-align-left","9":"mobile-align-left","11":"first","12":"instock","13":"shipping-taxable","14":"purchasable","15":"product-type-variable"},"_links":{"self":[{"href":"https:\/\/toupeewholesale.com\/de\/wp-json\/wp\/v2\/product\/46","targetHints":{"allow":["GET"]}}],"collection":[{"href":"https:\/\/toupeewholesale.com\/de\/wp-json\/wp\/v2\/product"}],"about":[{"href":"https:\/\/toupeewholesale.com\/de\/wp-json\/wp\/v2\/types\/product"}],"replies":[{"embeddable":true,"href":"https:\/\/toupeewholesale.com\/de\/wp-json\/wp\/v2\/comments?post=46"}],"wp:featuredmedia":[{"embeddable":true,"href":"https:\/\/toupeewholesale.com\/de\/wp-json\/wp\/v2\/media\/47"}],"wp:attachment":[{"href":"https:\/\/toupeewholesale.com\/de\/wp-json\/wp\/v2\/media?parent=46"}],"wp:term":[{"taxonomy":"product_cat","embeddable":true,"href":"https:\/\/toupeewholesale.com\/de\/wp-json\/wp\/v2\/product_cat?post=46"},{"taxonomy":"product_tag","embeddable":true,"href":"https:\/\/toupeewholesale.com\/de\/wp-json\/wp\/v2\/product_tag?post=46"}],"curies":[{"name":"wp","href":"https:\/\/api.w.org\/{rel}","templated":true}]}}