{"id":83,"date":"2023-06-28T11:05:52","date_gmt":"2023-06-28T09:05:52","guid":{"rendered":"https:\/\/toupeewholesale.com\/de\/\/?post_type=product&#038;p=83"},"modified":"2023-06-29T09:23:49","modified_gmt":"2023-06-29T07:23:49","slug":"27-feines-mono-mit-lace-front-und-skin-haarteile-fuer-maenner","status":"publish","type":"product","link":"https:\/\/toupeewholesale.com\/de\/produkt\/27-feines-mono-mit-lace-front-und-skin-haarteile-fuer-maenner\/","title":{"rendered":"27+ | Feines Mono mit Lace Front und Skin Haarteile f\u00fcr M\u00e4nner"},"content":{"rendered":"<p>Die 27+ feinen Mono-Haarteile sind mit feinem Mono-Top, superd\u00fcnner Hautumrandung und franz\u00f6sischer Spitze vorne mit einem nicht erkennbaren \u00dcbergangshaaransatz gefertigt. Die zusammengesetzte Basis dieses feinen Mono-Haarteils ist ein Cutaway, so dass Sie es leicht in der Gr\u00f6\u00dfe anpassen k\u00f6nnen.<\/p>\n<p>Das feine Mono-Haarteil ist viel haltbarer als die Basis aus franz\u00f6sischer Spitze, aber auch atmungsaktiv, und dieses Mono-Haarteilsystem hat eine Basis, die leicht zu reinigen und zu befestigen ist. Diese feinen Mono-Haarteile k\u00f6nnen auch in jede Richtung gescheitelt werden, da das Haar im Freestyle ist.<\/p>\n<p>Die Basisgr\u00f6\u00dfe dieser Herren-Haarsysteme betr\u00e4gt 8\u2033x10\u2033 und kann vor dem Versand kleiner geschnitten werden.<\/p>\n<p>FAQs f\u00fcr 27+<\/p>\n<p>F: Kann ich den Ansatz abschneiden, wenn er zu gro\u00df f\u00fcr mich ist?<\/p>\n<p>A: Ja, das k\u00f6nnen Sie auf jeden Fall. Bei diesem Modell k\u00f6nnen Sie so viel abschneiden, wie Sie m\u00f6chten.<\/p>\n<p>F: Kann ich mein Haar mit 27+ nach hinten tragen?<\/p>\n<p>A: Ja, das k\u00f6nnen Sie. Das Haar in den vorderen Spitzen sieht genauso aus, wie es nat\u00fcrlich aus Ihrer Kopfhaut w\u00e4chst.<\/p>\n<p>F: Gibt es auch andere Farben f\u00fcr dieses Modell?<\/p>\n<p>A: Ja, 27+ hat 34 Farben auf Lager, von schwarz, braun, blond bis hin zu grauen Haarfarben. Wenn Sie die gew\u00fcnschte Farbe nicht in der Dropdown-Liste finden, wenden Sie sich bitte an support@toupeewholesale.com und unsere Mitarbeiter werden f\u00fcr Sie nachsehen.<\/p>\n<p>F: Ganz vorne ist etwa ein halber Zentimeter Spitze ohne Haare zu sehen. Soll ich sie vor dem Anbringen abschneiden?<\/p>\n<p>A: Ja, Sie m\u00fcssen sie abschneiden. Die zus\u00e4tzliche Spitze wird bei der Herstellung absichtlich belassen, damit der Handwerker einen nat\u00fcrlich aussehenden vorderen Haaransatz herstellen kann. Au\u00dferdem hilft es, die Basis des Haarsystems w\u00e4hrend der Produktion und des Transports in einer guten Form zu halten.<\/p>\n<table style=\"width: 100%; border: 1px solid #D7D7D7;\" data-ostyle=\"\">\n<tbody>\n<tr style=\"height: 50px;\">\n<td style=\"width: 30%; height: 35px; border-bottom: 1px solid #D7D7D7; border-right: 1px solid #D7D7D7; text-align: right; padding-left: 10px; padding-right: 10px;\"><b>Haartyp:<\/b><\/td>\n<td style=\"width: 70%; height: 35px; border-bottom: 1px solid #D7D7D7; padding-left: 10px; padding-right: 10px;\">Feinstes indisches Echthaar<\/td>\n<\/tr>\n<tr style=\"height: 50px; background-color: #ececec;\">\n<td style=\"width: 30%; height: 35px; border-bottom: 1px solid #D7D7D7; border-right: 1px solid #D7D7D7; text-align: right; padding-left: 10px; padding-right: 10px;\"><b>Basis Design<\/b><\/td>\n<td style=\"width: 70%; height: 35px; border-bottom: 1px solid #D7D7D7; padding-left: 10px; padding-right: 10px;\">Feines Mono mit Lace Front und Skin Haarteile f\u00fcr M\u00e4nner<\/td>\n<\/tr>\n<tr style=\"height: 50px;\">\n<td style=\"width: 30%; height: 21px; border-bottom: 1px solid #D7D7D7; border-right: 1px solid #D7D7D7; text-align: right; padding-left: 10px; padding-right: 10px;\"><b>Basisgr\u00f6\u00dfe<\/b><\/td>\n<td style=\"width: 70%; height: 21px; border-bottom: 1px solid #D7D7D7; padding-left: 10px; padding-right: 10px;\">L\u00e4nge 25 cm x Breite 20 cm, L\u00e4nge 25 cm x Breite 17 cm, L\u00e4nge 22 cm x Breite 17 cm, L\u00e4nge 20 cm x Breite 15 cm,kann auf jede kleinere Gr\u00f6\u00dfe zugeschnitten werden<\/td>\n<\/tr>\n<tr style=\"height: 50px; background-color: #ececec;\">\n<td style=\"width: 30%; height: 21px; border-bottom: 1px solid #D7D7D7; border-right: 1px solid #D7D7D7; text-align: right; padding-left: 10px; padding-right: 10px;\"><b>Stil<\/b><\/td>\n<td style=\"width: 70%; height: 21px; border-bottom: 1px solid #D7D7D7; padding-left: 10px; padding-right: 10px;\">Freestyle<\/td>\n<\/tr>\n<tr style=\"height: 50px;\">\n<td style=\"width: 30%; height: 21px; border-bottom: 1px solid #D7D7D7; border-right: 1px solid #D7D7D7; text-align: right; padding-left: 10px; padding-right: 10px;\"><b>Basismaterial<\/b><\/td>\n<td style=\"width: 70%; height: 21px; border-bottom: 1px solid #D7D7D7; padding-left: 10px; padding-right: 10px;\">Mono und franz\u00f6sische lace<\/td>\n<\/tr>\n<tr style=\"height: 50px; background-color: #ececec;\">\n<td style=\"width: 30%; height: 21px; border-bottom: 1px solid #D7D7D7; border-right: 1px solid #D7D7D7; text-align: right; padding-left: 10px; padding-right: 10px;\"><b>Haarl\u00e4nge<\/b><\/td>\n<td style=\"width: 70%; height: 21px; border-bottom: 1px solid #D7D7D7; padding-left: 10px; padding-right: 10px;\">15 cm<\/td>\n<\/tr>\n<tr style=\"height: 50px;\">\n<td style=\"width: 30%; height: 21px; border-bottom: 1px solid #D7D7D7; border-right: 1px solid #D7D7D7; text-align: right; padding-left: 10px; padding-right: 10px;\"><b>Haardichte<\/b><\/td>\n<td style=\"width: 70%; height: 21px; border-bottom: 1px solid #D7D7D7; padding-left: 10px; padding-right: 10px;\">120 %<\/td>\n<\/tr>\n<tr style=\"height: 50px; background-color: #ececec;\">\n<td style=\"width: 30%; height: 21px; border-bottom: 1px solid #D7D7D7; border-right: 1px solid #D7D7D7; text-align: right; padding-left: 10px; padding-right: 10px;\"><b>Erh\u00e4ltliche Farben<\/b><\/td>\n<td style=\"width: 70%; height: 21px; border-bottom: 1px solid #D7D7D7; padding-left: 10px; padding-right: 10px;\">#1, #1A, #1B, #1B10, #1B20, #1B40, #1B50,#1B60, #2, #210, #220, #240,#250, #3, #310, #320, #340,#350, #4, #410, #420, #430, #440, #450, #4ASH, #5, #6, #7, #7ASH, #18, #22<\/td>\n<\/tr>\n<\/tbody>\n<\/table>\n","protected":false},"excerpt":{"rendered":"<p>Die 27+ feinen Mono-Haarteile sind mit feinem Mono-Top, superd\u00fcnner Hautumrandung und franz\u00f6sischer Spitze vorne mit einem nicht erkennbaren \u00dcbergangshaaransatz gefertigt. Die zusammengesetzte Basis dieses feinen Mono-Haarteils ist ein Cutaway, so dass Sie es leicht in der Gr\u00f6\u00dfe anpassen k\u00f6nnen. Das feine Mono-Haarteil ist viel haltbarer als die Basis aus franz\u00f6sischer Spitze, aber auch atmungsaktiv, und [&hellip;]<\/p>\n","protected":false},"featured_media":84,"comment_status":"open","ping_status":"closed","template":"","meta":{"rank_math_lock_modified_date":false,"site-sidebar-layout":"default","site-content-layout":"default","ast-site-content-layout":"","site-content-style":"default","site-sidebar-style":"default","ast-global-header-display":"","ast-banner-title-visibility":"","ast-main-header-display":"","ast-hfb-above-header-display":"","ast-hfb-below-header-display":"","ast-hfb-mobile-header-display":"","site-post-title":"","ast-breadcrumbs-content":"","ast-featured-img":"","footer-sml-layout":"","theme-transparent-header-meta":"default","adv-header-id-meta":"","stick-header-meta":"","header-above-stick-meta":"","header-main-stick-meta":"","header-below-stick-meta":"","astra-migrate-meta-layouts":"default","ast-page-background-enabled":"default","ast-page-background-meta":{"desktop":{"background-color":"var(--ast-global-color-4)","background-image":"","background-repeat":"repeat","background-position":"center center","background-size":"auto","background-attachment":"scroll","background-type":"","background-media":"","overlay-type":"","overlay-color":"","overlay-opacity":"","overlay-gradient":""},"tablet":{"background-color":"","background-image":"","background-repeat":"repeat","background-position":"center center","background-size":"auto","background-attachment":"scroll","background-type":"","background-media":"","overlay-type":"","overlay-color":"","overlay-opacity":"","overlay-gradient":""},"mobile":{"background-color":"","background-image":"","background-repeat":"repeat","background-position":"center center","background-size":"auto","background-attachment":"scroll","background-type":"","background-media":"","overlay-type":"","overlay-color":"","overlay-opacity":"","overlay-gradient":""}},"ast-content-background-meta":{"desktop":{"background-color":"var(--ast-global-color-5)","background-image":"","background-repeat":"repeat","background-position":"center center","background-size":"auto","background-attachment":"scroll","background-type":"","background-media":"","overlay-type":"","overlay-color":"","overlay-opacity":"","overlay-gradient":""},"tablet":{"background-color":"var(--ast-global-color-5)","background-image":"","background-repeat":"repeat","background-position":"center center","background-size":"auto","background-attachment":"scroll","background-type":"","background-media":"","overlay-type":"","overlay-color":"","overlay-opacity":"","overlay-gradient":""},"mobile":{"background-color":"var(--ast-global-color-5)","background-image":"","background-repeat":"repeat","background-position":"center center","background-size":"auto","background-attachment":"scroll","background-type":"","background-media":"","overlay-type":"","overlay-color":"","overlay-opacity":"","overlay-gradient":""}}},"product_cat":[15],"product_tag":[],"class_list":{"0":"post-83","1":"product","2":"type-product","3":"status-publish","4":"has-post-thumbnail","6":"product_cat-unkategorisiert","7":"desktop-align-left","8":"tablet-align-left","9":"mobile-align-left","11":"first","12":"instock","13":"shipping-taxable","14":"purchasable","15":"product-type-variable"},"_links":{"self":[{"href":"https:\/\/toupeewholesale.com\/de\/wp-json\/wp\/v2\/product\/83","targetHints":{"allow":["GET"]}}],"collection":[{"href":"https:\/\/toupeewholesale.com\/de\/wp-json\/wp\/v2\/product"}],"about":[{"href":"https:\/\/toupeewholesale.com\/de\/wp-json\/wp\/v2\/types\/product"}],"replies":[{"embeddable":true,"href":"https:\/\/toupeewholesale.com\/de\/wp-json\/wp\/v2\/comments?post=83"}],"wp:featuredmedia":[{"embeddable":true,"href":"https:\/\/toupeewholesale.com\/de\/wp-json\/wp\/v2\/media\/84"}],"wp:attachment":[{"href":"https:\/\/toupeewholesale.com\/de\/wp-json\/wp\/v2\/media?parent=83"}],"wp:term":[{"taxonomy":"product_cat","embeddable":true,"href":"https:\/\/toupeewholesale.com\/de\/wp-json\/wp\/v2\/product_cat?post=83"},{"taxonomy":"product_tag","embeddable":true,"href":"https:\/\/toupeewholesale.com\/de\/wp-json\/wp\/v2\/product_tag?post=83"}],"curies":[{"name":"wp","href":"https:\/\/api.w.org\/{rel}","templated":true}]}}