{"id":10,"date":"2023-07-01T07:47:38","date_gmt":"2023-07-01T05:47:38","guid":{"rendered":"https:\/\/toupeewholesale.com\/fr\/\/?page_id=10"},"modified":"2023-07-01T07:47:42","modified_gmt":"2023-07-01T05:47:42","slug":"remboursements_retours","status":"publish","type":"page","link":"https:\/\/toupeewholesale.com\/fr\/remboursements_retours\/","title":{"rendered":"Politique en mati\u00e8re de remboursements et de retours"},"content":{"rendered":"<p>Il est important pour nous que vous soyez enti\u00e8rement satisfait de votre achat. Si, pour une raison quelconque, vous n&rsquo;\u00eates pas absolument satisfait de votre s\u00e9lection, nous vous offrons le retour et l&rsquo;\u00e9change gratuit d&rsquo;articles non modifi\u00e9s, non port\u00e9s, non lav\u00e9s, non endommag\u00e9s et dans leur emballage d&rsquo;origine, le cachet de la poste faisant foi, dans les 30 jours qui suivent la date de l&rsquo;achat.<\/p><p><strong>Voici quelques questions fr\u00e9quemment pos\u00e9es concernant notre politique de retour :<\/strong><\/p><p><strong>COMMENT EFFECTUER UN RETOUR ?<\/strong><\/p><p>Facile : envoyez-nous un e-mail \u00e0 support@toupeewholesale.com et indiquez-nous votre num\u00e9ro de commande. Pour \u00e9viter tout malentendu, expliquez-nous en d\u00e9tail, dans le courrier que vous nous envoyez, le probl\u00e8me que vous rencontrez avec le produit et ajoutez des photos du produit montrant les dommages. Nous vous fournirons alors des instructions et une adresse de retour pour exp\u00e9dier votre article. Tous les articles retourn\u00e9s seront inspect\u00e9s afin de d\u00e9terminer si vous pouvez b\u00e9n\u00e9ficier d&rsquo;un remboursement, car les articles usag\u00e9s ne seront pas rembours\u00e9s. Les commandes sur mesure ne peuvent \u00eatre ni \u00e9chang\u00e9es ni retourn\u00e9es, sauf en cas d&rsquo;erreur de notre part.<\/p><p><strong>QUAND RECEVRAI-JE MON REMBOURSEMENT ?<\/strong><\/p><p>Un remboursement complet sera effectu\u00e9 par PayPal apr\u00e8s r\u00e9ception, inspection et confirmation que les cheveux retourn\u00e9s n&rsquo;ont pas \u00e9t\u00e9 utilis\u00e9s. Tous les clients doivent nous contacter apr\u00e8s avoir renvoy\u00e9 le colis et nous fournir les informations de suivi afin que nous puissions proc\u00e9der au remboursement. Le d\u00e9lai de traitement du remboursement est de 3 \u00e0 5 jours ouvrables.<\/p><p><strong>Remboursements tardifs ou manquants (le cas \u00e9ch\u00e9ant)<\/strong><\/p><p>Si vous n&rsquo;avez pas encore re\u00e7u de remboursement, v\u00e9rifiez d&rsquo;abord \u00e0 nouveau votre compte bancaire. Si les fonds n&rsquo;ont toujours pas \u00e9t\u00e9 re\u00e7us, contactez la soci\u00e9t\u00e9 \u00e9mettrice de votre carte de cr\u00e9dit, car il peut s&rsquo;\u00e9couler un certain temps avant que votre remboursement n&rsquo;apparaisse sur votre compte. Si vous ne voyez toujours pas votre remboursement, contactez votre banque. L\u00e0 encore, il faut souvent un certain temps de traitement avant que le remboursement n&rsquo;apparaisse. Si vous avez fait tout cela et que vous n&rsquo;avez toujours pas re\u00e7u votre remboursement, veuillez nous contacter \u00e0 l&rsquo;adresse email:support@toupeewholesale.com.<\/p><p><strong>DOIS-JE PAYER LES FRAIS D&rsquo;EXP\u00c9DITION DE MON RETOUR ?<\/strong><\/p><p>Oui, les frais de retour sont \u00e0 votre charge.<\/p><p><strong>COMMENT PUIS-JE VOUS CONTACTER ?<\/strong><\/p><p>Vous pouvez nous contacter par courrier \u00e9lectronique \u00e0 l&rsquo;adresse support@toupeewholesale.com. L&rsquo;\u00e9quipe du service client\u00e8le fonctionne sept jours sur sept, 24 heures sur 24. Nous garantissons toujours une r\u00e9ponse dans les 24 heures et nous serons heureux de vous aider !<\/p><p><strong>Voici quelques FAQ concernant notre politique d&rsquo;\u00e9change :<\/strong><\/p><p><strong>PUIS-JE \u00c9CHANGER MA COMMANDE ?<\/strong><\/p><p>Oui. Nous acceptons volontiers d&rsquo;\u00e9changer votre article dans un d\u00e9lai de 30 jours, \u00e0 condition qu&rsquo;il n&rsquo;ait pas \u00e9t\u00e9 coup\u00e9, coiff\u00e9, color\u00e9, lav\u00e9 ou port\u00e9. En cas de diff\u00e9rence de prix entre les articles \u00e9chang\u00e9s, nous vous facturerons un suppl\u00e9ment ou nous vous rembourserons le trop-per\u00e7u. Les commandes sur mesure ne peuvent \u00eatre \u00e9chang\u00e9es ou retourn\u00e9es, sauf en cas d&rsquo;erreur de notre part.<\/p><p><strong>DOIS-JE PAYER LES FRAIS D&rsquo;ENVOI DE MON \u00c9CHANGE ?<\/strong><\/p><p>Oui, les frais d&rsquo;exp\u00e9dition de l&rsquo;\u00e9change sont \u00e0 votre charge.<\/p><p><strong>QUAND RECEVRAI-JE MON \u00c9CHANGE ?<\/strong><\/p><p>Nous vous enverrons les cheveux \u00e9chang\u00e9s apr\u00e8s avoir re\u00e7u, inspect\u00e9 et confirm\u00e9 que les cheveux retourn\u00e9s ne sont pas utilis\u00e9s. Tous les clients doivent nous contacter apr\u00e8s avoir renvoy\u00e9 le colis et nous fournir les informations de suivi de l&rsquo;ensemble renvoy\u00e9, afin que nous puissions passer la commande pour votre \u00e9change. Il faut compter 1 \u00e0 2 jours ouvrables pour traiter toutes les commandes \u00e0 partir du moment o\u00f9 nous les pla\u00e7ons dans notre syst\u00e8me.<\/p><p><strong>COMMENT PUIS-JE RECEVOIR MON \u00c9CHANGE RAPIDEMENT ?<\/strong><\/p><p>Vous pouvez passer une nouvelle commande en ligne ; nous vous enverrons votre nouvel achat apr\u00e8s r\u00e9ception du paiement. Lorsque nous aurons re\u00e7u et trait\u00e9 le produit retourn\u00e9 \u00e9ligible, nous \u00e9mettrons les remboursements ou les cr\u00e9dits de magasin sans date d&rsquo;expiration.<\/p><p><strong>Accessoires :<\/strong><\/p><p>Un remboursement ne peut \u00eatre effectu\u00e9 que si l&#8217;emballage n&rsquo;a pas \u00e9t\u00e9 ouvert.<\/p><p><strong>Adresse de retour<\/strong><\/p><p>Envoyez-nous un courriel \u00e0 support@toupeewholesale.com et nous vous fournirons des instructions et une adresse de retour pour exp\u00e9dier votre article.<\/p><p><strong>Frais de traitement du retour<\/strong><\/p><p>Nous ne facturons pas de frais de retour, mais les clients sont responsables des frais de d\u00e9douanement. Veuillez contacter le service client\u00e8le si vous avez d&rsquo;autres questions \u00e0 poser \u00e0 questions.email:support@toupeewholesale.com.<\/p><p><strong>annuler la commande<\/strong><\/p><p>toupeewholesale accepte les annulations de commande avant que le produit ne soit exp\u00e9di\u00e9 ou produit. Si la commande est annul\u00e9e, vous serez int\u00e9gralement rembours\u00e9. Nous ne pouvons pas annuler la commande si le produit est d\u00e9j\u00e0 exp\u00e9di\u00e9. Si la commande a d\u00e9j\u00e0 \u00e9t\u00e9 exp\u00e9di\u00e9e, vous devez attendre de recevoir le produit et proc\u00e9der ensuite \u00e0 un retour.<\/p><p>Si vous souhaitez annuler une commande, veuillez envoyer un courriel \u00e0 support@toupeewholesale.com et nous vous informerons et proc\u00e9derons \u00e0 l&rsquo;annulation si cela est possible.<\/p><p><strong>autres probl\u00e8mes<\/strong><\/p><p>Si vous avez d&rsquo;autres questions, veuillez contacter le service client\u00e8le \u00e0 l&rsquo;adresse questions.email:support@toupeewholesale.com.<\/p>","protected":false},"excerpt":{"rendered":"<p>Il est important pour nous que vous soyez enti\u00e8rement satisfait de votre achat. Si, pour une raison quelconque, vous n&rsquo;\u00eates pas absolument satisfait de votre s\u00e9lection, nous vous offrons le retour et l&rsquo;\u00e9change gratuit d&rsquo;articles non modifi\u00e9s, non port\u00e9s, non lav\u00e9s, non endommag\u00e9s et dans leur emballage d&rsquo;origine, le cachet de la poste faisant foi, [&hellip;]<\/p>\n","protected":false},"author":1,"featured_media":0,"parent":0,"menu_order":0,"comment_status":"closed","ping_status":"closed","template":"","meta":{"rank_math_lock_modified_date":false,"site-sidebar-layout":"default","site-content-layout":"","ast-site-content-layout":"","site-content-style":"default","site-sidebar-style":"default","ast-global-header-display":"","ast-banner-title-visibility":"","ast-main-header-display":"","ast-hfb-above-header-display":"","ast-hfb-below-header-display":"","ast-hfb-mobile-header-display":"","site-post-title":"","ast-breadcrumbs-content":"","ast-featured-img":"","footer-sml-layout":"","theme-transparent-header-meta":"","adv-header-id-meta":"","stick-header-meta":"","header-above-stick-meta":"","header-main-stick-meta":"","header-below-stick-meta":"","astra-migrate-meta-layouts":"default","ast-page-background-enabled":"default","ast-page-background-meta":{"desktop":{"background-color":"var(--ast-global-color-4)","background-image":"","background-repeat":"repeat","background-position":"center center","background-size":"auto","background-attachment":"scroll","background-type":"","background-media":"","overlay-type":"","overlay-color":"","overlay-opacity":"","overlay-gradient":""},"tablet":{"background-color":"","background-image":"","background-repeat":"repeat","background-position":"center center","background-size":"auto","background-attachment":"scroll","background-type":"","background-media":"","overlay-type":"","overlay-color":"","overlay-opacity":"","overlay-gradient":""},"mobile":{"background-color":"","background-image":"","background-repeat":"repeat","background-position":"center center","background-size":"auto","background-attachment":"scroll","background-type":"","background-media":"","overlay-type":"","overlay-color":"","overlay-opacity":"","overlay-gradient":""}},"ast-content-background-meta":{"desktop":{"background-color":"var(--ast-global-color-5)","background-image":"","background-repeat":"repeat","background-position":"center center","background-size":"auto","background-attachment":"scroll","background-type":"","background-media":"","overlay-type":"","overlay-color":"","overlay-opacity":"","overlay-gradient":""},"tablet":{"background-color":"var(--ast-global-color-5)","background-image":"","background-repeat":"repeat","background-position":"center center","background-size":"auto","background-attachment":"scroll","background-type":"","background-media":"","overlay-type":"","overlay-color":"","overlay-opacity":"","overlay-gradient":""},"mobile":{"background-color":"var(--ast-global-color-5)","background-image":"","background-repeat":"repeat","background-position":"center center","background-size":"auto","background-attachment":"scroll","background-type":"","background-media":"","overlay-type":"","overlay-color":"","overlay-opacity":"","overlay-gradient":""}},"footnotes":""},"class_list":["post-10","page","type-page","status-publish","hentry"],"_links":{"self":[{"href":"https:\/\/toupeewholesale.com\/fr\/wp-json\/wp\/v2\/pages\/10","targetHints":{"allow":["GET"]}}],"collection":[{"href":"https:\/\/toupeewholesale.com\/fr\/wp-json\/wp\/v2\/pages"}],"about":[{"href":"https:\/\/toupeewholesale.com\/fr\/wp-json\/wp\/v2\/types\/page"}],"author":[{"embeddable":true,"href":"https:\/\/toupeewholesale.com\/fr\/wp-json\/wp\/v2\/users\/1"}],"replies":[{"embeddable":true,"href":"https:\/\/toupeewholesale.com\/fr\/wp-json\/wp\/v2\/comments?post=10"}],"version-history":[{"count":1,"href":"https:\/\/toupeewholesale.com\/fr\/wp-json\/wp\/v2\/pages\/10\/revisions"}],"predecessor-version":[{"id":384,"href":"https:\/\/toupeewholesale.com\/fr\/wp-json\/wp\/v2\/pages\/10\/revisions\/384"}],"wp:attachment":[{"href":"https:\/\/toupeewholesale.com\/fr\/wp-json\/wp\/v2\/media?parent=10"}],"curies":[{"name":"wp","href":"https:\/\/api.w.org\/{rel}","templated":true}]}}