{"id":120,"date":"2023-06-27T09:32:06","date_gmt":"2023-06-27T07:32:06","guid":{"rendered":"https:\/\/toupeewholesale.com\/fr\/\/?page_id=120"},"modified":"2023-07-10T07:42:12","modified_gmt":"2023-07-10T05:42:12","slug":"complement-capillaire-homme-polyurethane","status":"publish","type":"page","link":"https:\/\/toupeewholesale.com\/fr\/complement-capillaire-homme-polyurethane\/","title":{"rendered":"Polyur\u00e9thane"},"content":{"rendered":"<div class=\"wp-block-columns alignwide is-layout-flex wp-container-core-columns-is-layout-28f84493 wp-block-columns-is-layout-flex\"><div class=\"wp-block-column is-layout-flow wp-block-column-is-layout-flow\"><div class=\"wp-block-columns is-layout-flex wp-container-core-columns-is-layout-28f84493 wp-block-columns-is-layout-flex\"><div class=\"wp-block-column is-layout-flow wp-block-column-is-layout-flow\"><div class=\"wp-block-group is-vertical is-content-justification-center is-layout-flex wp-container-core-group-is-layout-ce155fab wp-block-group-is-layout-flex\"><figure class=\"wp-block-image size-full\"><a href=\"https:\/\/toupeewholesale.com\/fr\/\/produit\/0-03mm-ultra-peau-complement-capillaire\/\"><img loading=\"lazy\" decoding=\"async\" width=\"999\" height=\"999\" src=\"https:\/\/toupeewholesale.com\/fr\/\/wp-content\/uploads\/2023\/06\/02-041.jpg\" alt=\"\" class=\"wp-image-16\" srcset=\"https:\/\/toupeewholesale.com\/fr\/wp-content\/uploads\/2023\/06\/02-041.jpg 999w, https:\/\/toupeewholesale.com\/fr\/wp-content\/uploads\/2023\/06\/02-041-600x600.jpg 600w, https:\/\/toupeewholesale.com\/fr\/wp-content\/uploads\/2023\/06\/02-041-100x100.jpg 100w, https:\/\/toupeewholesale.com\/fr\/wp-content\/uploads\/2023\/06\/02-041-300x300.jpg 300w, https:\/\/toupeewholesale.com\/fr\/wp-content\/uploads\/2023\/06\/02-041-150x150.jpg 150w, https:\/\/toupeewholesale.com\/fr\/wp-content\/uploads\/2023\/06\/02-041-768x768.jpg 768w\" sizes=\"auto, (max-width: 999px) 100vw, 999px\" \/><\/a><\/figure>\n\n<p class=\"has-text-align-center\"><a href=\"https:\/\/toupeewholesale.com\/fr\/\/produit\/0-03mm-ultra-peau-complement-capillaire\/\">0.03mm Ultra Peau Compl\u00e9ment Capillaire<\/a><\/p>\n\n<p class=\"has-vivid-red-color has-text-color\" style=\"font-size:25px\"><strong>\u20ac 219<\/strong><\/p><\/div><\/div>\n\n<div class=\"wp-block-column is-layout-flow wp-block-column-is-layout-flow\"><div class=\"wp-block-group is-vertical is-content-justification-center is-layout-flex wp-container-core-group-is-layout-ce155fab wp-block-group-is-layout-flex\"><figure class=\"wp-block-image size-full\"><a href=\"https:\/\/toupeewholesale.com\/fr\/\/produit\/0-06mm-complement-capillaire-micro-peau\/\"><img loading=\"lazy\" decoding=\"async\" width=\"999\" height=\"999\" src=\"https:\/\/toupeewholesale.com\/fr\/\/wp-content\/uploads\/2023\/06\/04-06-2.jpg\" alt=\"\" class=\"wp-image-22\" srcset=\"https:\/\/toupeewholesale.com\/fr\/wp-content\/uploads\/2023\/06\/04-06-2.jpg 999w, https:\/\/toupeewholesale.com\/fr\/wp-content\/uploads\/2023\/06\/04-06-2-600x600.jpg 600w, https:\/\/toupeewholesale.com\/fr\/wp-content\/uploads\/2023\/06\/04-06-2-100x100.jpg 100w, https:\/\/toupeewholesale.com\/fr\/wp-content\/uploads\/2023\/06\/04-06-2-300x300.jpg 300w, https:\/\/toupeewholesale.com\/fr\/wp-content\/uploads\/2023\/06\/04-06-2-150x150.jpg 150w, https:\/\/toupeewholesale.com\/fr\/wp-content\/uploads\/2023\/06\/04-06-2-768x768.jpg 768w\" sizes=\"auto, (max-width: 999px) 100vw, 999px\" \/><\/a><\/figure>\n\n<p class=\"has-text-align-center\"><a href=\"https:\/\/toupeewholesale.com\/fr\/\/produit\/0-06mm-complement-capillaire-micro-peau\/\">0.06mm Compl\u00e9ment Capillaire Micro Peau<\/a><\/p>\n\n<p class=\"has-vivid-red-color has-text-color\" style=\"font-size:25px\"><strong>\u20ac 219<\/strong><\/p><\/div><\/div><\/div><\/div>\n\n<div class=\"wp-block-column is-layout-flow wp-block-column-is-layout-flow\"><div class=\"wp-block-columns is-layout-flex wp-container-core-columns-is-layout-28f84493 wp-block-columns-is-layout-flex\"><div class=\"wp-block-column is-layout-flow wp-block-column-is-layout-flow\"><div class=\"wp-block-group is-vertical is-content-justification-center is-layout-flex wp-container-core-group-is-layout-ce155fab wp-block-group-is-layout-flex\"><figure class=\"wp-block-image size-full\"><a href=\"https:\/\/it.toupeewholesale.com\/prodotto\/0-08mm-vloop-protesi-in-pellicola-uomo\/\"><img loading=\"lazy\" decoding=\"async\" width=\"999\" height=\"999\" src=\"https:\/\/toupeewholesale.com\/fr\/\/wp-content\/uploads\/2023\/06\/0608-1.jpg\" alt=\"\" class=\"wp-image-27\" srcset=\"https:\/\/toupeewholesale.com\/fr\/wp-content\/uploads\/2023\/06\/0608-1.jpg 999w, https:\/\/toupeewholesale.com\/fr\/wp-content\/uploads\/2023\/06\/0608-1-600x600.jpg 600w, https:\/\/toupeewholesale.com\/fr\/wp-content\/uploads\/2023\/06\/0608-1-100x100.jpg 100w, https:\/\/toupeewholesale.com\/fr\/wp-content\/uploads\/2023\/06\/0608-1-300x300.jpg 300w, https:\/\/toupeewholesale.com\/fr\/wp-content\/uploads\/2023\/06\/0608-1-150x150.jpg 150w, https:\/\/toupeewholesale.com\/fr\/wp-content\/uploads\/2023\/06\/0608-1-768x768.jpg 768w\" sizes=\"auto, (max-width: 999px) 100vw, 999px\" \/><\/a><\/figure>\n\n<p class=\"has-text-align-center\"><a href=\"https:\/\/it.toupeewholesale.com\/prodotto\/0-08mm-vloop-protesi-in-pellicola-uomo\/\">0.08mm Compl\u00e9ment Capillaire Invisible<\/a><\/p>\n\n<p class=\"has-vivid-red-color has-text-color\" style=\"font-size:25px\"><strong>\u20ac 219<\/strong><\/p><\/div><\/div>\n\n<div class=\"wp-block-column is-layout-flow wp-block-column-is-layout-flow\"><div class=\"wp-block-group is-vertical is-content-justification-center is-layout-flex wp-container-core-group-is-layout-ce155fab wp-block-group-is-layout-flex\"><figure class=\"wp-block-image size-full\"><a href=\"https:\/\/it.toupeewholesale.com\/prodotto\/0-10mm-protesi-capelli-uomo-in-pellicola\/\"><img loading=\"lazy\" decoding=\"async\" width=\"999\" height=\"999\" src=\"https:\/\/toupeewholesale.com\/fr\/\/wp-content\/uploads\/2023\/06\/0810-2.jpg\" alt=\"\" class=\"wp-image-32\" srcset=\"https:\/\/toupeewholesale.com\/fr\/wp-content\/uploads\/2023\/06\/0810-2.jpg 999w, https:\/\/toupeewholesale.com\/fr\/wp-content\/uploads\/2023\/06\/0810-2-600x600.jpg 600w, https:\/\/toupeewholesale.com\/fr\/wp-content\/uploads\/2023\/06\/0810-2-100x100.jpg 100w, https:\/\/toupeewholesale.com\/fr\/wp-content\/uploads\/2023\/06\/0810-2-300x300.jpg 300w, https:\/\/toupeewholesale.com\/fr\/wp-content\/uploads\/2023\/06\/0810-2-150x150.jpg 150w, https:\/\/toupeewholesale.com\/fr\/wp-content\/uploads\/2023\/06\/0810-2-768x768.jpg 768w\" sizes=\"auto, (max-width: 999px) 100vw, 999px\" \/><\/a><\/figure>\n\n<p class=\"has-text-align-center\"><a href=\"https:\/\/it.toupeewholesale.com\/prodotto\/0-10mm-protesi-capelli-uomo-in-pellicola\/\">0.10mm Compl\u00e9ment Capillaire pour Homme<\/a><\/p>\n\n<p class=\"has-vivid-red-color has-text-color\" style=\"font-size:25px\"><strong>\u20ac 219<\/strong><\/p><\/div><\/div><\/div><\/div><\/div><div class=\"wp-block-columns alignwide is-layout-flex wp-container-core-columns-is-layout-28f84493 wp-block-columns-is-layout-flex\"><div class=\"wp-block-column is-layout-flow wp-block-column-is-layout-flow\"><div class=\"wp-block-columns is-layout-flex wp-container-core-columns-is-layout-28f84493 wp-block-columns-is-layout-flex\"><div class=\"wp-block-column is-layout-flow wp-block-column-is-layout-flow\"><div class=\"wp-block-group is-vertical is-content-justification-center is-layout-flex wp-container-core-group-is-layout-ce155fab wp-block-group-is-layout-flex\"><figure class=\"wp-block-image size-full\"><a href=\"https:\/\/toupeewholesale.com\/fr\/\/produit\/0-12mm-complement-capillaire-pour-homme\/\"><img loading=\"lazy\" decoding=\"async\" width=\"999\" height=\"999\" src=\"https:\/\/toupeewholesale.com\/fr\/\/wp-content\/uploads\/2023\/06\/1012-2.jpg\" alt=\"\" class=\"wp-image-37\" srcset=\"https:\/\/toupeewholesale.com\/fr\/wp-content\/uploads\/2023\/06\/1012-2.jpg 999w, https:\/\/toupeewholesale.com\/fr\/wp-content\/uploads\/2023\/06\/1012-2-600x600.jpg 600w, https:\/\/toupeewholesale.com\/fr\/wp-content\/uploads\/2023\/06\/1012-2-100x100.jpg 100w, https:\/\/toupeewholesale.com\/fr\/wp-content\/uploads\/2023\/06\/1012-2-300x300.jpg 300w, https:\/\/toupeewholesale.com\/fr\/wp-content\/uploads\/2023\/06\/1012-2-150x150.jpg 150w, https:\/\/toupeewholesale.com\/fr\/wp-content\/uploads\/2023\/06\/1012-2-768x768.jpg 768w\" sizes=\"auto, (max-width: 999px) 100vw, 999px\" \/><\/a><\/figure>\n\n<p class=\"has-text-align-center\"><a href=\"https:\/\/toupeewholesale.com\/fr\/\/produit\/0-12mm-complement-capillaire-pour-homme\/\">0.12mm Compl\u00e9ment Capillaire pour Homme<\/a><\/p>\n\n<p class=\"has-vivid-red-color has-text-color\" style=\"font-size:25px\"><strong>\u20ac 219<\/strong><\/p><\/div><\/div>\n\n<div class=\"wp-block-column is-layout-flow wp-block-column-is-layout-flow\"><div class=\"wp-block-group is-vertical is-content-justification-center is-layout-flex wp-container-core-group-is-layout-ce155fab wp-block-group-is-layout-flex\"><figure class=\"wp-block-image size-full\"><a href=\"https:\/\/toupeewholesale.com\/fr\/\/produit\/systeme-de-coiffure-pour-hommes-a-un-seul-noeud-et-a-peau-super-fine\/\"><img loading=\"lazy\" decoding=\"async\" width=\"999\" height=\"999\" src=\"https:\/\/toupeewholesale.com\/fr\/\/wp-content\/uploads\/2023\/06\/sk-3.jpg\" alt=\"\" class=\"wp-image-48\" srcset=\"https:\/\/toupeewholesale.com\/fr\/wp-content\/uploads\/2023\/06\/sk-3.jpg 999w, https:\/\/toupeewholesale.com\/fr\/wp-content\/uploads\/2023\/06\/sk-3-600x600.jpg 600w, https:\/\/toupeewholesale.com\/fr\/wp-content\/uploads\/2023\/06\/sk-3-100x100.jpg 100w, https:\/\/toupeewholesale.com\/fr\/wp-content\/uploads\/2023\/06\/sk-3-300x300.jpg 300w, https:\/\/toupeewholesale.com\/fr\/wp-content\/uploads\/2023\/06\/sk-3-150x150.jpg 150w, https:\/\/toupeewholesale.com\/fr\/wp-content\/uploads\/2023\/06\/sk-3-768x768.jpg 768w\" sizes=\"auto, (max-width: 999px) 100vw, 999px\" \/><\/a><\/figure>\n\n<p class=\"has-text-align-center\"><a href=\"https:\/\/toupeewholesale.com\/fr\/\/produit\/systeme-de-coiffure-pour-hommes-a-un-seul-noeud-et-a-peau-super-fine\/\">Syst\u00e8me de coiffure pour hommes \u00e0 un seul n\u0153ud et \u00e0 peau super fine<\/a><\/p>\n\n<p class=\"has-vivid-red-color has-text-color\" style=\"font-size:25px\"><strong>\u20ac 239<\/strong><\/p><\/div><\/div><\/div><\/div>\n\n<div class=\"wp-block-column is-layout-flow wp-block-column-is-layout-flow\"><div class=\"wp-block-columns is-layout-flex wp-container-core-columns-is-layout-28f84493 wp-block-columns-is-layout-flex\"><div class=\"wp-block-column is-layout-flow wp-block-column-is-layout-flow\"><div class=\"wp-block-group is-vertical is-content-justification-center is-layout-flex wp-container-core-group-is-layout-ce155fab wp-block-group-is-layout-flex\"><figure class=\"wp-block-image size-full\"><a href=\"https:\/\/toupeewholesale.com\/fr\/\/produit\/stsi-toupees-pour-hommes-en-cuir-plat-injecte-pleine-peau\/\"><img loading=\"lazy\" decoding=\"async\" width=\"999\" height=\"999\" src=\"https:\/\/toupeewholesale.com\/fr\/\/wp-content\/uploads\/2023\/06\/injection1.jpg\" alt=\"\" class=\"wp-image-53\" srcset=\"https:\/\/toupeewholesale.com\/fr\/wp-content\/uploads\/2023\/06\/injection1.jpg 999w, https:\/\/toupeewholesale.com\/fr\/wp-content\/uploads\/2023\/06\/injection1-600x600.jpg 600w, https:\/\/toupeewholesale.com\/fr\/wp-content\/uploads\/2023\/06\/injection1-100x100.jpg 100w, https:\/\/toupeewholesale.com\/fr\/wp-content\/uploads\/2023\/06\/injection1-300x300.jpg 300w, https:\/\/toupeewholesale.com\/fr\/wp-content\/uploads\/2023\/06\/injection1-150x150.jpg 150w, https:\/\/toupeewholesale.com\/fr\/wp-content\/uploads\/2023\/06\/injection1-768x768.jpg 768w\" sizes=\"auto, (max-width: 999px) 100vw, 999px\" \/><\/a><\/figure>\n\n<p class=\"has-text-align-center\"><a href=\"https:\/\/toupeewholesale.com\/fr\/\/produit\/stsi-toupees-pour-hommes-en-cuir-plat-injecte-pleine-peau\/\">STSI \u2013 Toupees pour hommes en cuir plat inject\u00e9 pleine peau<\/a><\/p>\n\n<p class=\"has-vivid-red-color has-text-color\" style=\"font-size:25px\"><strong>\u20ac 239<\/strong><\/p><\/div><\/div>\n\n<div class=\"wp-block-column is-layout-flow wp-block-column-is-layout-flow\"><div class=\"wp-block-group is-vertical is-content-justification-center is-layout-flex wp-container-core-group-is-layout-ce155fab wp-block-group-is-layout-flex\"><figure class=\"wp-block-image size-full\"><a href=\"https:\/\/toupeewholesale.com\/fr\/\/produit\/bio-systeme-capillaire-pour-hommes-avec-boucle-en-v-a-peau-fine-avec-francaise-lace\/\"><img loading=\"lazy\" decoding=\"async\" width=\"999\" height=\"999\" src=\"https:\/\/toupeewholesale.com\/fr\/\/wp-content\/uploads\/2023\/06\/bio-3.jpg\" alt=\"\" class=\"wp-image-43\" srcset=\"https:\/\/toupeewholesale.com\/fr\/wp-content\/uploads\/2023\/06\/bio-3.jpg 999w, https:\/\/toupeewholesale.com\/fr\/wp-content\/uploads\/2023\/06\/bio-3-600x600.jpg 600w, https:\/\/toupeewholesale.com\/fr\/wp-content\/uploads\/2023\/06\/bio-3-100x100.jpg 100w, https:\/\/toupeewholesale.com\/fr\/wp-content\/uploads\/2023\/06\/bio-3-300x300.jpg 300w, https:\/\/toupeewholesale.com\/fr\/wp-content\/uploads\/2023\/06\/bio-3-150x150.jpg 150w, https:\/\/toupeewholesale.com\/fr\/wp-content\/uploads\/2023\/06\/bio-3-768x768.jpg 768w\" sizes=\"auto, (max-width: 999px) 100vw, 999px\" \/><\/a><\/figure>\n\n<p class=\"has-text-align-center\"><a href=\"https:\/\/toupeewholesale.com\/fr\/\/produit\/bio-systeme-capillaire-pour-hommes-avec-boucle-en-v-a-peau-fine-avec-francaise-lace\/\">BIO | Syst\u00e8me capillaire pour hommes avec boucle en V, \u00e0 peau fine, avec fran\u00e7aise Lace<\/a><\/p>\n\n<p class=\"has-vivid-red-color has-text-color\" style=\"font-size:25px\"><strong>\u20ac 259<\/strong><\/p><\/div><\/div><\/div><\/div><\/div><p style=\"padding-top:var(--wp--preset--spacing--80)\">Les Compl\u00e9ments Capillaires en polyur\u00e9thane sont sans doute la base la plus populaire. Ils font possible d&rsquo;offrir les syst\u00e8mes capillaires les plus fins, en particulier les syst\u00e8mes de remplacement en micro-peau ou peau ultra-fine qui contribuent \u00e0 une apparence tr\u00e8s naturelle pour le porteur. De plus, ils sont faciles \u00e0 attacher et \u00e0 retirer, et d&rsquo;autre part , les bases en polyur\u00e9thane plus \u00e9paisses offrent une grande durabilit\u00e9. Parcourez notre s\u00e9lection des meilleurs syst\u00e8mes capillaires en polyur\u00e9thane sur le march\u00e9 qui n&rsquo;utilisent que des cheveux 100 % naturels!<\/p><p>Cat\u00e9gories populaires: <a href=\"https:\/\/toupeewholesale.com\/fr\/\/\">compl\u00e9ment capillaire homme<\/a><\/p><p>blog chaud: <a href=\"https:\/\/toupeewholesale.com\/fr\/\/blog\/utiliser-un-complement-capillaire-cheveux-naturels\/\">Utiliser un compl\u00e9ment capillaire cheveux naturels \u2013 Besoin d\u2019une solution pour votre calvitie<\/a><\/p><p><a href=\"https:\/\/toupeewholesale.com\/fr\/\/blog\/dun-complement-capillaire-invisible\/\">Quelle est la dur\u00e9e de vie d\u2019un compl\u00e9ment capillaire invisible?<\/a><\/p>","protected":false},"excerpt":{"rendered":"<p>0.03mm Ultra Peau Compl\u00e9ment Capillaire \u20ac 219 0.06mm Compl\u00e9ment Capillaire Micro Peau \u20ac 219 0.08mm Compl\u00e9ment Capillaire Invisible \u20ac 219 0.10mm Compl\u00e9ment Capillaire pour Homme \u20ac 219 0.12mm Compl\u00e9ment Capillaire pour Homme \u20ac 219 Syst\u00e8me de coiffure pour hommes \u00e0 un seul n\u0153ud et \u00e0 peau super fine \u20ac 239 STSI \u2013 Toupees pour hommes [&hellip;]<\/p>\n","protected":false},"author":1,"featured_media":0,"parent":0,"menu_order":0,"comment_status":"closed","ping_status":"closed","template":"","meta":{"rank_math_lock_modified_date":false,"site-sidebar-layout":"default","site-content-layout":"","ast-site-content-layout":"","site-content-style":"default","site-sidebar-style":"default","ast-global-header-display":"","ast-banner-title-visibility":"","ast-main-header-display":"","ast-hfb-above-header-display":"","ast-hfb-below-header-display":"","ast-hfb-mobile-header-display":"","site-post-title":"disabled","ast-breadcrumbs-content":"","ast-featured-img":"","footer-sml-layout":"","theme-transparent-header-meta":"","adv-header-id-meta":"","stick-header-meta":"","header-above-stick-meta":"","header-main-stick-meta":"","header-below-stick-meta":"","astra-migrate-meta-layouts":"default","ast-page-background-enabled":"default","ast-page-background-meta":{"desktop":{"background-color":"var(--ast-global-color-4)","background-image":"","background-repeat":"repeat","background-position":"center center","background-size":"auto","background-attachment":"scroll","background-type":"","background-media":"","overlay-type":"","overlay-color":"","overlay-opacity":"","overlay-gradient":""},"tablet":{"background-color":"","background-image":"","background-repeat":"repeat","background-position":"center center","background-size":"auto","background-attachment":"scroll","background-type":"","background-media":"","overlay-type":"","overlay-color":"","overlay-opacity":"","overlay-gradient":""},"mobile":{"background-color":"","background-image":"","background-repeat":"repeat","background-position":"center center","background-size":"auto","background-attachment":"scroll","background-type":"","background-media":"","overlay-type":"","overlay-color":"","overlay-opacity":"","overlay-gradient":""}},"ast-content-background-meta":{"desktop":{"background-color":"var(--ast-global-color-5)","background-image":"","background-repeat":"repeat","background-position":"center center","background-size":"auto","background-attachment":"scroll","background-type":"","background-media":"","overlay-type":"","overlay-color":"","overlay-opacity":"","overlay-gradient":""},"tablet":{"background-color":"var(--ast-global-color-5)","background-image":"","background-repeat":"repeat","background-position":"center center","background-size":"auto","background-attachment":"scroll","background-type":"","background-media":"","overlay-type":"","overlay-color":"","overlay-opacity":"","overlay-gradient":""},"mobile":{"background-color":"var(--ast-global-color-5)","background-image":"","background-repeat":"repeat","background-position":"center center","background-size":"auto","background-attachment":"scroll","background-type":"","background-media":"","overlay-type":"","overlay-color":"","overlay-opacity":"","overlay-gradient":""}},"footnotes":""},"class_list":["post-120","page","type-page","status-publish","hentry"],"_links":{"self":[{"href":"https:\/\/toupeewholesale.com\/fr\/wp-json\/wp\/v2\/pages\/120","targetHints":{"allow":["GET"]}}],"collection":[{"href":"https:\/\/toupeewholesale.com\/fr\/wp-json\/wp\/v2\/pages"}],"about":[{"href":"https:\/\/toupeewholesale.com\/fr\/wp-json\/wp\/v2\/types\/page"}],"author":[{"embeddable":true,"href":"https:\/\/toupeewholesale.com\/fr\/wp-json\/wp\/v2\/users\/1"}],"replies":[{"embeddable":true,"href":"https:\/\/toupeewholesale.com\/fr\/wp-json\/wp\/v2\/comments?post=120"}],"version-history":[{"count":5,"href":"https:\/\/toupeewholesale.com\/fr\/wp-json\/wp\/v2\/pages\/120\/revisions"}],"predecessor-version":[{"id":425,"href":"https:\/\/toupeewholesale.com\/fr\/wp-json\/wp\/v2\/pages\/120\/revisions\/425"}],"wp:attachment":[{"href":"https:\/\/toupeewholesale.com\/fr\/wp-json\/wp\/v2\/media?parent=120"}],"curies":[{"name":"wp","href":"https:\/\/api.w.org\/{rel}","templated":true}]}}