{"id":123,"date":"2023-06-27T09:44:11","date_gmt":"2023-06-27T07:44:11","guid":{"rendered":"https:\/\/toupeewholesale.com\/fr\/\/?page_id=123"},"modified":"2023-07-12T10:19:51","modified_gmt":"2023-07-12T08:19:51","slug":"meilleur-complements-capillaires-homme-dentelle","status":"publish","type":"page","link":"https:\/\/toupeewholesale.com\/fr\/meilleur-complements-capillaires-homme-dentelle\/","title":{"rendered":"Dentelle"},"content":{"rendered":"<div class=\"wp-block-columns alignwide is-layout-flex wp-container-core-columns-is-layout-28f84493 wp-block-columns-is-layout-flex\"><div class=\"wp-block-column is-layout-flow wp-block-column-is-layout-flow\"><div class=\"wp-block-columns is-layout-flex wp-container-core-columns-is-layout-28f84493 wp-block-columns-is-layout-flex\"><div class=\"wp-block-column is-layout-flow wp-block-column-is-layout-flow\"><div class=\"wp-block-group is-vertical is-content-justification-center is-layout-flex wp-container-core-group-is-layout-ce155fab wp-block-group-is-layout-flex\"><figure class=\"wp-block-gallery has-nested-images columns-default is-cropped wp-block-gallery-1 is-layout-flex wp-block-gallery-is-layout-flex\"><figure class=\"wp-block-image size-large\"><a href=\"https:\/\/toupeewholesale.com\/fr\/\/produit\/complement-capillaire-pour-hommes-compose-totalement-en-tulle-francais\/\"><img loading=\"lazy\" decoding=\"async\" width=\"999\" height=\"999\" data-id=\"64\" src=\"https:\/\/toupeewholesale.com\/fr\/\/wp-content\/uploads\/2023\/06\/full-lace-3.jpg\" alt=\"\" class=\"wp-image-64\" srcset=\"https:\/\/toupeewholesale.com\/fr\/wp-content\/uploads\/2023\/06\/full-lace-3.jpg 999w, https:\/\/toupeewholesale.com\/fr\/wp-content\/uploads\/2023\/06\/full-lace-3-600x600.jpg 600w, https:\/\/toupeewholesale.com\/fr\/wp-content\/uploads\/2023\/06\/full-lace-3-100x100.jpg 100w, https:\/\/toupeewholesale.com\/fr\/wp-content\/uploads\/2023\/06\/full-lace-3-300x300.jpg 300w, https:\/\/toupeewholesale.com\/fr\/wp-content\/uploads\/2023\/06\/full-lace-3-150x150.jpg 150w, https:\/\/toupeewholesale.com\/fr\/wp-content\/uploads\/2023\/06\/full-lace-3-768x768.jpg 768w\" sizes=\"auto, (max-width: 999px) 100vw, 999px\" \/><\/a><\/figure><\/figure>\n\n<p class=\"has-text-align-center\"><a href=\"https:\/\/toupeewholesale.com\/fr\/\/produit\/complement-capillaire-pour-hommes-compose-totalement-en-tulle-francais\/\">Compl\u00e9ment Capillaire Pour Hommes Compos\u00e9 Totalement En Tulle Fran\u00e7ais<\/a><\/p>\n\n<p class=\"has-vivid-red-color has-text-color\" style=\"font-size:25px\"><strong>\u20ac 279<\/strong><\/p><\/div><\/div>\n\n<div class=\"wp-block-column is-layout-flow wp-block-column-is-layout-flow\"><div class=\"wp-block-group is-vertical is-content-justification-center is-layout-flex wp-container-core-group-is-layout-ce155fab wp-block-group-is-layout-flex\"><figure class=\"wp-block-image size-full\"><a href=\"https:\/\/toupeewholesale.com\/fr\/\/produit\/complement-capillaire-en-cheveux-naturels-francaise-lace\/\"><img loading=\"lazy\" decoding=\"async\" width=\"999\" height=\"999\" src=\"https:\/\/toupeewholesale.com\/fr\/\/wp-content\/uploads\/2023\/06\/q6f-4.jpg\" alt=\"\" class=\"wp-image-58\" srcset=\"https:\/\/toupeewholesale.com\/fr\/wp-content\/uploads\/2023\/06\/q6f-4.jpg 999w, https:\/\/toupeewholesale.com\/fr\/wp-content\/uploads\/2023\/06\/q6f-4-600x600.jpg 600w, https:\/\/toupeewholesale.com\/fr\/wp-content\/uploads\/2023\/06\/q6f-4-100x100.jpg 100w, https:\/\/toupeewholesale.com\/fr\/wp-content\/uploads\/2023\/06\/q6f-4-300x300.jpg 300w, https:\/\/toupeewholesale.com\/fr\/wp-content\/uploads\/2023\/06\/q6f-4-150x150.jpg 150w, https:\/\/toupeewholesale.com\/fr\/wp-content\/uploads\/2023\/06\/q6f-4-768x768.jpg 768w\" sizes=\"auto, (max-width: 999px) 100vw, 999px\" \/><\/a><\/figure>\n\n<p class=\"has-text-align-center\"><a href=\"https:\/\/toupeewholesale.com\/fr\/\/produit\/complement-capillaire-en-cheveux-naturels-francaise-lace\/\">Compl\u00e9ment Capillaire en Cheveux Naturels fran\u00e7aise lace<\/a><\/p>\n\n<p class=\"has-vivid-red-color has-text-color\" style=\"font-size:25px\"><strong>\u20ac 279<\/strong><\/p><\/div><\/div><\/div><\/div>\n\n<div class=\"wp-block-column is-layout-flow wp-block-column-is-layout-flow\"><div class=\"wp-block-columns is-layout-flex wp-container-core-columns-is-layout-28f84493 wp-block-columns-is-layout-flex\"><div class=\"wp-block-column is-layout-flow wp-block-column-is-layout-flow\"><div class=\"wp-block-group is-vertical is-content-justification-center is-layout-flex wp-container-core-group-is-layout-ce155fab wp-block-group-is-layout-flex\"><figure class=\"wp-block-image size-full\"><a href=\"https:\/\/toupeewholesale.com\/fr\/\/produit\/complement-capillaire-dura-lace\/\"><img loading=\"lazy\" decoding=\"async\" width=\"999\" height=\"999\" src=\"https:\/\/toupeewholesale.com\/fr\/\/wp-content\/uploads\/2023\/06\/fdl-3.jpg\" alt=\"\" class=\"wp-image-75\" srcset=\"https:\/\/toupeewholesale.com\/fr\/wp-content\/uploads\/2023\/06\/fdl-3.jpg 999w, https:\/\/toupeewholesale.com\/fr\/wp-content\/uploads\/2023\/06\/fdl-3-600x600.jpg 600w, https:\/\/toupeewholesale.com\/fr\/wp-content\/uploads\/2023\/06\/fdl-3-100x100.jpg 100w, https:\/\/toupeewholesale.com\/fr\/wp-content\/uploads\/2023\/06\/fdl-3-300x300.jpg 300w, https:\/\/toupeewholesale.com\/fr\/wp-content\/uploads\/2023\/06\/fdl-3-150x150.jpg 150w, https:\/\/toupeewholesale.com\/fr\/wp-content\/uploads\/2023\/06\/fdl-3-768x768.jpg 768w\" sizes=\"auto, (max-width: 999px) 100vw, 999px\" \/><\/a><\/figure>\n\n<p class=\"has-text-align-center\"><a href=\"https:\/\/toupeewholesale.com\/fr\/\/produit\/complement-capillaire-dura-lace\/\">Compl\u00e9ment capillaire dura Lace<\/a><\/p>\n\n<p class=\"has-vivid-red-color has-text-color\" style=\"font-size:25px\"><strong>\u20ac 259<\/strong><\/p><\/div><\/div>\n\n<div class=\"wp-block-column is-layout-flow wp-block-column-is-layout-flow\"><div class=\"wp-block-group is-vertical is-content-justification-center is-layout-flex wp-container-core-group-is-layout-ce155fab wp-block-group-is-layout-flex\"><figure class=\"wp-block-image size-full\"><a href=\"https:\/\/toupeewholesale.com\/fr\/\/produit\/complement-capillaire-en-cheveux-naturels\/\"><img loading=\"lazy\" decoding=\"async\" width=\"999\" height=\"999\" src=\"https:\/\/toupeewholesale.com\/fr\/\/wp-content\/uploads\/2023\/06\/q6d-4.jpg\" alt=\"\" class=\"wp-image-69\" srcset=\"https:\/\/toupeewholesale.com\/fr\/wp-content\/uploads\/2023\/06\/q6d-4.jpg 999w, https:\/\/toupeewholesale.com\/fr\/wp-content\/uploads\/2023\/06\/q6d-4-600x600.jpg 600w, https:\/\/toupeewholesale.com\/fr\/wp-content\/uploads\/2023\/06\/q6d-4-100x100.jpg 100w, https:\/\/toupeewholesale.com\/fr\/wp-content\/uploads\/2023\/06\/q6d-4-300x300.jpg 300w, https:\/\/toupeewholesale.com\/fr\/wp-content\/uploads\/2023\/06\/q6d-4-150x150.jpg 150w, https:\/\/toupeewholesale.com\/fr\/wp-content\/uploads\/2023\/06\/q6d-4-768x768.jpg 768w\" sizes=\"auto, (max-width: 999px) 100vw, 999px\" \/><\/a><\/figure>\n\n<p class=\"has-text-align-center\"><a href=\"https:\/\/toupeewholesale.com\/fr\/\/produit\/complement-capillaire-en-cheveux-naturels\/\">Compl\u00e9ment Capillaire en Cheveux Naturels<\/a><\/p>\n\n<p class=\"has-vivid-red-color has-text-color\" style=\"font-size:25px\"><strong>\u20ac 259<\/strong><\/p><\/div><\/div><\/div><\/div><\/div><p style=\"padding-top:var(--wp--preset--spacing--80)\">Les syst\u00e8mes de remplacement capillaire en dentelle sont une option extr\u00eamement populaire. Les mat\u00e9riaux utilis\u00e9s, soit dentelle fran\u00e7aise, soit dentelle suisse, ne sont pas uniquement fin, mais aussi tr\u00e8s naturels et donc ils sont une excellente option pour ceux qui veulent un semblant realiste. De plus, les toupets (postiches) en dentelle sont souhaitables pour les personnes qui font beaucoup d&rsquo;activit\u00e9s physiques ou celles qui habitent dans les climats chauds car elles sont tr\u00e8s rafra\u00eechissantes et confortables. toupeewholesale France propose une large gamme de toupets en dentelle pour hommes qui utilisent des cheveux humains naturels dans diff\u00e9rentes densit\u00e9s en fonction de vos besoins.<\/p><p>Cat\u00e9gories populaires: <a href=\"https:\/\/toupeewholesale.com\/fr\/\/\">compl\u00e9ment capillaire<\/a><\/p><p>Blog chaud: <a href=\"https:\/\/toupeewholesale.com\/fr\/\/blog\/pose-complementaire-capillaire-homme-abordable\/\">Quels sont les \u00e9l\u00e9ments \u00e0 prendre en compte lors de l\u2019achat d\u2019une pose compl\u00e9ment capillaire homme abordable?<\/a><\/p><p><a href=\"https:\/\/toupeewholesale.com\/fr\/\/blog\/complement-capillaire-bordeaux-avec-la-calvitie\/\">Que dois-je choisir si je veux porter un complement capillaire bordeaux avec la calvitie?<\/a><\/p>","protected":false},"excerpt":{"rendered":"<p>Compl\u00e9ment Capillaire Pour Hommes Compos\u00e9 Totalement En Tulle Fran\u00e7ais \u20ac 279 Compl\u00e9ment Capillaire en Cheveux Naturels fran\u00e7aise lace \u20ac 279 Compl\u00e9ment capillaire dura Lace \u20ac 259 Compl\u00e9ment Capillaire en Cheveux Naturels \u20ac 259 Les syst\u00e8mes de remplacement capillaire en dentelle sont une option extr\u00eamement populaire. Les mat\u00e9riaux utilis\u00e9s, soit dentelle fran\u00e7aise, soit dentelle suisse, ne [&hellip;]<\/p>\n","protected":false},"author":1,"featured_media":0,"parent":0,"menu_order":0,"comment_status":"closed","ping_status":"closed","template":"","meta":{"rank_math_lock_modified_date":false,"site-sidebar-layout":"default","site-content-layout":"","ast-site-content-layout":"","site-content-style":"default","site-sidebar-style":"default","ast-global-header-display":"","ast-banner-title-visibility":"","ast-main-header-display":"","ast-hfb-above-header-display":"","ast-hfb-below-header-display":"","ast-hfb-mobile-header-display":"","site-post-title":"disabled","ast-breadcrumbs-content":"","ast-featured-img":"","footer-sml-layout":"","theme-transparent-header-meta":"","adv-header-id-meta":"","stick-header-meta":"","header-above-stick-meta":"","header-main-stick-meta":"","header-below-stick-meta":"","astra-migrate-meta-layouts":"default","ast-page-background-enabled":"default","ast-page-background-meta":{"desktop":{"background-color":"var(--ast-global-color-4)","background-image":"","background-repeat":"repeat","background-position":"center center","background-size":"auto","background-attachment":"scroll","background-type":"","background-media":"","overlay-type":"","overlay-color":"","overlay-opacity":"","overlay-gradient":""},"tablet":{"background-color":"","background-image":"","background-repeat":"repeat","background-position":"center center","background-size":"auto","background-attachment":"scroll","background-type":"","background-media":"","overlay-type":"","overlay-color":"","overlay-opacity":"","overlay-gradient":""},"mobile":{"background-color":"","background-image":"","background-repeat":"repeat","background-position":"center center","background-size":"auto","background-attachment":"scroll","background-type":"","background-media":"","overlay-type":"","overlay-color":"","overlay-opacity":"","overlay-gradient":""}},"ast-content-background-meta":{"desktop":{"background-color":"var(--ast-global-color-5)","background-image":"","background-repeat":"repeat","background-position":"center center","background-size":"auto","background-attachment":"scroll","background-type":"","background-media":"","overlay-type":"","overlay-color":"","overlay-opacity":"","overlay-gradient":""},"tablet":{"background-color":"var(--ast-global-color-5)","background-image":"","background-repeat":"repeat","background-position":"center center","background-size":"auto","background-attachment":"scroll","background-type":"","background-media":"","overlay-type":"","overlay-color":"","overlay-opacity":"","overlay-gradient":""},"mobile":{"background-color":"var(--ast-global-color-5)","background-image":"","background-repeat":"repeat","background-position":"center center","background-size":"auto","background-attachment":"scroll","background-type":"","background-media":"","overlay-type":"","overlay-color":"","overlay-opacity":"","overlay-gradient":""}},"footnotes":""},"class_list":["post-123","page","type-page","status-publish","hentry"],"_links":{"self":[{"href":"https:\/\/toupeewholesale.com\/fr\/wp-json\/wp\/v2\/pages\/123","targetHints":{"allow":["GET"]}}],"collection":[{"href":"https:\/\/toupeewholesale.com\/fr\/wp-json\/wp\/v2\/pages"}],"about":[{"href":"https:\/\/toupeewholesale.com\/fr\/wp-json\/wp\/v2\/types\/page"}],"author":[{"embeddable":true,"href":"https:\/\/toupeewholesale.com\/fr\/wp-json\/wp\/v2\/users\/1"}],"replies":[{"embeddable":true,"href":"https:\/\/toupeewholesale.com\/fr\/wp-json\/wp\/v2\/comments?post=123"}],"version-history":[{"count":6,"href":"https:\/\/toupeewholesale.com\/fr\/wp-json\/wp\/v2\/pages\/123\/revisions"}],"predecessor-version":[{"id":436,"href":"https:\/\/toupeewholesale.com\/fr\/wp-json\/wp\/v2\/pages\/123\/revisions\/436"}],"wp:attachment":[{"href":"https:\/\/toupeewholesale.com\/fr\/wp-json\/wp\/v2\/media?parent=123"}],"curies":[{"name":"wp","href":"https:\/\/api.w.org\/{rel}","templated":true}]}}