{"id":127,"date":"2023-06-27T10:16:55","date_gmt":"2023-06-27T08:16:55","guid":{"rendered":"https:\/\/toupeewholesale.com\/fr\/\/?page_id=127"},"modified":"2023-06-30T05:20:00","modified_gmt":"2023-06-30T03:20:00","slug":"complement-capillaire-homme-monofilament-indetectable","status":"publish","type":"page","link":"https:\/\/toupeewholesale.com\/fr\/complement-capillaire-homme-monofilament-indetectable\/","title":{"rendered":"monofilament"},"content":{"rendered":"<div class=\"wp-block-columns alignwide is-layout-flex wp-container-core-columns-is-layout-28f84493 wp-block-columns-is-layout-flex\"><div class=\"wp-block-column is-layout-flow wp-block-column-is-layout-flow\"><div class=\"wp-block-columns is-layout-flex wp-container-core-columns-is-layout-28f84493 wp-block-columns-is-layout-flex\"><div class=\"wp-block-column is-layout-flow wp-block-column-is-layout-flow\"><div class=\"wp-block-group is-vertical is-content-justification-center is-layout-flex wp-container-core-group-is-layout-ce155fab wp-block-group-is-layout-flex\"><figure class=\"wp-block-image size-full\"><a href=\"https:\/\/toupeewholesale.com\/fr\/\/produit\/complement-capillaire-pour-hommes-compose-en-mono\/\"><img loading=\"lazy\" decoding=\"async\" width=\"999\" height=\"999\" src=\"https:\/\/toupeewholesale.com\/fr\/\/wp-content\/uploads\/2023\/06\/fm-1.jpg\" alt=\"\" class=\"wp-image-80\" srcset=\"https:\/\/toupeewholesale.com\/fr\/wp-content\/uploads\/2023\/06\/fm-1.jpg 999w, https:\/\/toupeewholesale.com\/fr\/wp-content\/uploads\/2023\/06\/fm-1-600x600.jpg 600w, https:\/\/toupeewholesale.com\/fr\/wp-content\/uploads\/2023\/06\/fm-1-100x100.jpg 100w, https:\/\/toupeewholesale.com\/fr\/wp-content\/uploads\/2023\/06\/fm-1-300x300.jpg 300w, https:\/\/toupeewholesale.com\/fr\/wp-content\/uploads\/2023\/06\/fm-1-150x150.jpg 150w, https:\/\/toupeewholesale.com\/fr\/wp-content\/uploads\/2023\/06\/fm-1-768x768.jpg 768w\" sizes=\"auto, (max-width: 999px) 100vw, 999px\" \/><\/a><\/figure>\n\n<p class=\"has-text-align-center\"><a href=\"https:\/\/toupeewholesale.com\/fr\/\/produit\/complement-capillaire-pour-hommes-compose-en-mono\/\">Compl\u00e9ment Capillaire Pour Hommes Compos\u00e9 En Mono<\/a><\/p>\n\n<p class=\"has-vivid-red-color has-text-color\" style=\"font-size:25px\"><strong>\u20ac 199<\/strong><\/p><\/div><\/div>\n\n<div class=\"wp-block-column is-layout-flow wp-block-column-is-layout-flow\"><div class=\"wp-block-group is-vertical is-content-justification-center is-layout-flex wp-container-core-group-is-layout-ce155fab wp-block-group-is-layout-flex\"><figure class=\"wp-block-image size-full\"><a href=\"https:\/\/toupeewholesale.com\/fr\/\/produit\/coiffes-en-dentelle-sur-le-devant-et-sur-la-peau-pour-hommes\/\"><img loading=\"lazy\" decoding=\"async\" width=\"999\" height=\"999\" src=\"https:\/\/toupeewholesale.com\/fr\/\/wp-content\/uploads\/2023\/06\/27-3.jpg\" alt=\"\" class=\"wp-image-85\" srcset=\"https:\/\/toupeewholesale.com\/fr\/wp-content\/uploads\/2023\/06\/27-3.jpg 999w, https:\/\/toupeewholesale.com\/fr\/wp-content\/uploads\/2023\/06\/27-3-600x600.jpg 600w, https:\/\/toupeewholesale.com\/fr\/wp-content\/uploads\/2023\/06\/27-3-100x100.jpg 100w, https:\/\/toupeewholesale.com\/fr\/wp-content\/uploads\/2023\/06\/27-3-300x300.jpg 300w, https:\/\/toupeewholesale.com\/fr\/wp-content\/uploads\/2023\/06\/27-3-150x150.jpg 150w, https:\/\/toupeewholesale.com\/fr\/wp-content\/uploads\/2023\/06\/27-3-768x768.jpg 768w\" sizes=\"auto, (max-width: 999px) 100vw, 999px\" \/><\/a><\/figure>\n\n<p class=\"has-text-align-center\"><a href=\"https:\/\/toupeewholesale.com\/fr\/\/produit\/coiffes-en-dentelle-sur-le-devant-et-sur-la-peau-pour-hommes\/\">Coiffes en dentelle sur le devant et sur la peau pour hommes<\/a><\/p>\n\n<p class=\"has-vivid-red-color has-text-color\" style=\"font-size:25px\"><strong>\u20ac 299<\/strong><\/p><\/div><\/div><\/div><\/div>\n\n<div class=\"wp-block-column is-layout-flow wp-block-column-is-layout-flow\"><\/div><\/div><p style=\"padding-top:var(--wp--preset--spacing--80)\">Les compl\u00e9ments capillaires en monofilament sont une excellente option si vous cherchez \u00e0 avoir un toupet qui durera longtemps. Le monofilament est tr\u00e8s solide et durable. Il devient encore plus fort quand il \u00e0 du poly autour. Si bien l&rsquo;utilisation du mono se fait souvant en d\u00e9triment de l&rsquo;apparence naturelle, le monofilament peut \u00eatre \u00e9galement associ\u00e9 \u00e0 un devant en dentelle (lace front) pour fournir une ligne frontale r\u00e9aliste. Les toupets en monofilament sont renomm\u00e9s car ils durent longtemps, beaucoup de nos compl\u00e9ments capillaires pouvent durer six mois ou plus avec un entretien correct.<\/p><p>Cat\u00e9gories populaires: <a href=\"https:\/\/toupeewholesale.com\/fr\/\/\">compl\u00e9ment capillaire homme<\/a><\/p>","protected":false},"excerpt":{"rendered":"<p>Compl\u00e9ment Capillaire Pour Hommes Compos\u00e9 En Mono \u20ac 199 Coiffes en dentelle sur le devant et sur la peau pour hommes \u20ac 299 Les compl\u00e9ments capillaires en monofilament sont une excellente option si vous cherchez \u00e0 avoir un toupet qui durera longtemps. Le monofilament est tr\u00e8s solide et durable. Il devient encore plus fort quand [&hellip;]<\/p>\n","protected":false},"author":1,"featured_media":0,"parent":0,"menu_order":0,"comment_status":"closed","ping_status":"closed","template":"","meta":{"rank_math_lock_modified_date":false,"site-sidebar-layout":"default","site-content-layout":"","ast-site-content-layout":"","site-content-style":"default","site-sidebar-style":"default","ast-global-header-display":"","ast-banner-title-visibility":"","ast-main-header-display":"","ast-hfb-above-header-display":"","ast-hfb-below-header-display":"","ast-hfb-mobile-header-display":"","site-post-title":"disabled","ast-breadcrumbs-content":"","ast-featured-img":"","footer-sml-layout":"","theme-transparent-header-meta":"","adv-header-id-meta":"","stick-header-meta":"","header-above-stick-meta":"","header-main-stick-meta":"","header-below-stick-meta":"","astra-migrate-meta-layouts":"default","ast-page-background-enabled":"default","ast-page-background-meta":{"desktop":{"background-color":"var(--ast-global-color-4)","background-image":"","background-repeat":"repeat","background-position":"center center","background-size":"auto","background-attachment":"scroll","background-type":"","background-media":"","overlay-type":"","overlay-color":"","overlay-opacity":"","overlay-gradient":""},"tablet":{"background-color":"","background-image":"","background-repeat":"repeat","background-position":"center center","background-size":"auto","background-attachment":"scroll","background-type":"","background-media":"","overlay-type":"","overlay-color":"","overlay-opacity":"","overlay-gradient":""},"mobile":{"background-color":"","background-image":"","background-repeat":"repeat","background-position":"center center","background-size":"auto","background-attachment":"scroll","background-type":"","background-media":"","overlay-type":"","overlay-color":"","overlay-opacity":"","overlay-gradient":""}},"ast-content-background-meta":{"desktop":{"background-color":"var(--ast-global-color-5)","background-image":"","background-repeat":"repeat","background-position":"center center","background-size":"auto","background-attachment":"scroll","background-type":"","background-media":"","overlay-type":"","overlay-color":"","overlay-opacity":"","overlay-gradient":""},"tablet":{"background-color":"var(--ast-global-color-5)","background-image":"","background-repeat":"repeat","background-position":"center center","background-size":"auto","background-attachment":"scroll","background-type":"","background-media":"","overlay-type":"","overlay-color":"","overlay-opacity":"","overlay-gradient":""},"mobile":{"background-color":"var(--ast-global-color-5)","background-image":"","background-repeat":"repeat","background-position":"center center","background-size":"auto","background-attachment":"scroll","background-type":"","background-media":"","overlay-type":"","overlay-color":"","overlay-opacity":"","overlay-gradient":""}},"footnotes":""},"class_list":["post-127","page","type-page","status-publish","hentry"],"_links":{"self":[{"href":"https:\/\/toupeewholesale.com\/fr\/wp-json\/wp\/v2\/pages\/127","targetHints":{"allow":["GET"]}}],"collection":[{"href":"https:\/\/toupeewholesale.com\/fr\/wp-json\/wp\/v2\/pages"}],"about":[{"href":"https:\/\/toupeewholesale.com\/fr\/wp-json\/wp\/v2\/types\/page"}],"author":[{"embeddable":true,"href":"https:\/\/toupeewholesale.com\/fr\/wp-json\/wp\/v2\/users\/1"}],"replies":[{"embeddable":true,"href":"https:\/\/toupeewholesale.com\/fr\/wp-json\/wp\/v2\/comments?post=127"}],"version-history":[{"count":3,"href":"https:\/\/toupeewholesale.com\/fr\/wp-json\/wp\/v2\/pages\/127\/revisions"}],"predecessor-version":[{"id":368,"href":"https:\/\/toupeewholesale.com\/fr\/wp-json\/wp\/v2\/pages\/127\/revisions\/368"}],"wp:attachment":[{"href":"https:\/\/toupeewholesale.com\/fr\/wp-json\/wp\/v2\/media?parent=127"}],"curies":[{"name":"wp","href":"https:\/\/api.w.org\/{rel}","templated":true}]}}