{"id":369,"date":"2023-07-01T07:25:53","date_gmt":"2023-07-01T05:25:53","guid":{"rendered":"https:\/\/toupeewholesale.com\/fr\/\/?page_id=369"},"modified":"2023-07-01T07:25:55","modified_gmt":"2023-07-01T05:25:55","slug":"a-propos-de-nous","status":"publish","type":"page","link":"https:\/\/toupeewholesale.com\/fr\/a-propos-de-nous\/","title":{"rendered":"\u00e0 propos de nous"},"content":{"rendered":"<h2 class=\"wp-block-heading has-text-align-center\" style=\"font-size:25px\">\u00c0 PROPOS DE TOUPEEWHOLESALE<\/h2><p class=\"has-text-align-center\">Fabricant de toupets et de syst\u00e8mes de coiffure en gros.<\/p><div class=\"wp-block-columns alignwide is-layout-flex wp-container-core-columns-is-layout-28f84493 wp-block-columns-is-layout-flex\"><div class=\"wp-block-column is-layout-flow wp-block-column-is-layout-flow\"><div class=\"wp-block-media-text alignwide is-stacked-on-mobile\"><figure class=\"wp-block-media-text__media\"><img loading=\"lazy\" decoding=\"async\" width=\"779\" height=\"472\" src=\"https:\/\/toupeewholesale.com\/fr\/\/wp-content\/uploads\/2023\/07\/factory.jpg\" alt=\"\" class=\"wp-image-370 size-full\" srcset=\"https:\/\/toupeewholesale.com\/fr\/wp-content\/uploads\/2023\/07\/factory.jpg 779w, https:\/\/toupeewholesale.com\/fr\/wp-content\/uploads\/2023\/07\/factory-600x364.jpg 600w, https:\/\/toupeewholesale.com\/fr\/wp-content\/uploads\/2023\/07\/factory-300x182.jpg 300w, https:\/\/toupeewholesale.com\/fr\/wp-content\/uploads\/2023\/07\/factory-768x465.jpg 768w\" sizes=\"auto, (max-width: 779px) 100vw, 779px\" \/><\/figure><div class=\"wp-block-media-text__content\"><p>Remplacement non chirurgical des cheveux OEM.<\/p>\n\n<p>Nous sommes \u00e9tablis \u00e0 Qingdao et fournissons l&rsquo;industrie capillaire depuis pr\u00e8s de 30 ans. Nous disposons de deux usines modernes dans la p\u00e9riph\u00e9rie de Qingdao.<\/p>\n\n<p>Depuis 30 ans, l&rsquo;usine est sp\u00e9cialis\u00e9e dans les proth\u00e8ses capillaires pour hommes, car nos professionnels ont plus d&rsquo;exp\u00e9rience dans ce domaine, ce qui leur permet de fabriquer des produits de meilleure qualit\u00e9.<\/p>\n\n<p>toupeewholesale hair system est fier d&rsquo;utiliser des mat\u00e9riaux d&rsquo;origine \u00e9thique et un personnel hautement exp\u00e9riment\u00e9 pour cr\u00e9er de magnifiques syst\u00e8mes capillaires pour de nombreuses grandes marques dans le monde entier. Bien entendu, nous pouvons \u00e9galement passer des commandes personnalis\u00e9es ou pr\u00e9parer des stocks pour vous selon vos sp\u00e9cifications \u00e0 l&rsquo;avance, en fonction de vos besoins.<\/p>\n\n<p>Commande sur mesure : nos clients pr\u00e9f\u00e8rent sp\u00e9cifier leurs unit\u00e9s capillaires en fonction de leur march\u00e9 ou de leur sp\u00e9cialiste en coiffure. Commande en stock : pour une exp\u00e9dition imm\u00e9diate, nous disposons d&rsquo;un stock d&rsquo;environ 80 000 pi\u00e8ces, s\u00e9lectionn\u00e9es parmi les meilleures ventes et celles dont nos membres ont le plus souvent besoin.<\/p>\n\n<p>Si nous pouvons faire quelque chose pour vous ou si vous avez d&rsquo;autres questions, n&rsquo;h\u00e9sitez pas \u00e0 me contacter directement.<\/p><\/div><\/div><\/div><\/div><h2 class=\"wp-block-heading has-text-align-center\" style=\"margin-top:var(--wp--preset--spacing--80);font-size:25px\">\u00c0 PROPOS DE NOUS<\/h2><div class=\"wp-block-columns is-layout-flex wp-container-core-columns-is-layout-28f84493 wp-block-columns-is-layout-flex\"><div class=\"wp-block-column is-layout-flow wp-block-column-is-layout-flow\"><div class=\"wp-block-media-text alignwide has-media-on-the-right is-stacked-on-mobile\"><div class=\"wp-block-media-text__content\"><p>Fab<strong>rique de postiches<\/strong><\/p>\n\n<p>Notre usine, l&rsquo;un des plus grands fabricants de syst\u00e8mes capillaires et de perruques pour les distributeurs, s&rsquo;\u00e9tend sur une superficie de 4 000 km\u00b2. Nous employons plus de 100 artisans qualifi\u00e9s. Notre \u00e9quipe exp\u00e9riment\u00e9e travaille avec les \u00e9quipements les plus modernes pour fabriquer des produits de haute qualit\u00e9. Nos investissements dans notre usine nous ont permis d&rsquo;atteindre un niveau de production \u00e9lev\u00e9 et de produire plus de 15 000 syst\u00e8mes capillaires par mois.<\/p>\n\n<p>Cela nous permet de r\u00e9pondre \u00e0 tous les besoins de nos clients en mati\u00e8re de produits. Chacun de nos postiches est soumis \u00e0 une s\u00e9rie de processus de contr\u00f4le de la qualit\u00e9. Cela comprend six s\u00e9ries d&rsquo;inspections de la qualit\u00e9 au cours du processus de production afin de garantir que chaque syst\u00e8me capillaire r\u00e9pond aux normes les plus strictes. Nos clients comptent sur notre usine pour produire en permanence des syst\u00e8mes capillaires de la plus haute qualit\u00e9 pour leurs entreprises.<\/p><\/div><figure class=\"wp-block-media-text__media\"><img loading=\"lazy\" decoding=\"async\" width=\"779\" height=\"551\" src=\"https:\/\/toupeewholesale.com\/fr\/\/wp-content\/uploads\/2023\/07\/factory1.jpg\" alt=\"\" class=\"wp-image-371 size-full\" srcset=\"https:\/\/toupeewholesale.com\/fr\/wp-content\/uploads\/2023\/07\/factory1.jpg 779w, https:\/\/toupeewholesale.com\/fr\/wp-content\/uploads\/2023\/07\/factory1-600x424.jpg 600w, https:\/\/toupeewholesale.com\/fr\/wp-content\/uploads\/2023\/07\/factory1-300x212.jpg 300w, https:\/\/toupeewholesale.com\/fr\/wp-content\/uploads\/2023\/07\/factory1-768x543.jpg 768w\" sizes=\"auto, (max-width: 779px) 100vw, 779px\" \/><\/figure><\/div><\/div><\/div><div class=\"wp-block-columns alignwide is-layout-flex wp-container-core-columns-is-layout-28f84493 wp-block-columns-is-layout-flex\"><div class=\"wp-block-column is-layout-flow wp-block-column-is-layout-flow\"><div class=\"wp-block-media-text alignwide is-stacked-on-mobile\"><figure class=\"wp-block-media-text__media\"><img loading=\"lazy\" decoding=\"async\" width=\"1024\" height=\"508\" src=\"https:\/\/toupeewholesale.com\/fr\/\/wp-content\/uploads\/2023\/07\/1-1024x508.jpg\" alt=\"\" class=\"wp-image-372 size-full\" srcset=\"https:\/\/toupeewholesale.com\/fr\/wp-content\/uploads\/2023\/07\/1-1024x508.jpg 1024w, https:\/\/toupeewholesale.com\/fr\/wp-content\/uploads\/2023\/07\/1-600x298.jpg 600w, https:\/\/toupeewholesale.com\/fr\/wp-content\/uploads\/2023\/07\/1-300x149.jpg 300w, https:\/\/toupeewholesale.com\/fr\/wp-content\/uploads\/2023\/07\/1-768x381.jpg 768w, https:\/\/toupeewholesale.com\/fr\/wp-content\/uploads\/2023\/07\/1.jpg 1160w\" sizes=\"auto, (max-width: 1024px) 100vw, 1024px\" \/><\/figure><div class=\"wp-block-media-text__content\"><p><strong>Si\u00e8ge<\/strong><\/p>\n\n<p>Notre si\u00e8ge social se compose de plusieurs d\u00e9partements, dont le contr\u00f4le de la qualit\u00e9, le service client\u00e8le, la conception, le support technique, la cha\u00eene d&rsquo;approvisionnement et une \u00e9quipe d&rsquo;exploitation. Notre \u00e9quipe de service \u00e0 la client\u00e8le, hautement sp\u00e9cialis\u00e9e, est disponible en permanence. Notre \u00e9quipe parle couramment l&rsquo;anglais, l&rsquo;espagnol, le fran\u00e7ais et l&rsquo;allemand. Vous pouvez vous attendre \u00e0 un service rapide et amical lorsque vous vous adressez \u00e0 eux.<\/p><\/div><\/div><\/div><\/div><div class=\"wp-block-columns alignwide is-layout-flex wp-container-core-columns-is-layout-28f84493 wp-block-columns-is-layout-flex\"><div class=\"wp-block-column is-layout-flow wp-block-column-is-layout-flow\"><div class=\"wp-block-media-text alignwide has-media-on-the-right is-stacked-on-mobile\"><div class=\"wp-block-media-text__content\"><p>Nous appr\u00e9cions nos clients internationaux et il est donc important que nous puissions communiquer avec eux quel que soit leur fuseau horaire ou leur lieu de r\u00e9sidence. Notre personnel professionnel veillera \u00e0 ce que vous trouviez les syst\u00e8mes capillaires dont vous avez besoin et \u00e0 ce que la commande soit ex\u00e9cut\u00e9e efficacement. Nous disposons d&rsquo;une excellente \u00e9quipe d&rsquo;inspection qui garantit une qualit\u00e9 \u00e9lev\u00e9e et constante tout au long de la production. En offrant nos produits \u00e0 vos clients, votre marque sera respect\u00e9e et c\u00e9l\u00e9br\u00e9e au fil du temps.<\/p><\/div><figure class=\"wp-block-media-text__media\"><img loading=\"lazy\" decoding=\"async\" width=\"779\" height=\"372\" src=\"https:\/\/toupeewholesale.com\/fr\/\/wp-content\/uploads\/2023\/07\/factory3.jpg\" alt=\"\" class=\"wp-image-373 size-full\" srcset=\"https:\/\/toupeewholesale.com\/fr\/wp-content\/uploads\/2023\/07\/factory3.jpg 779w, https:\/\/toupeewholesale.com\/fr\/wp-content\/uploads\/2023\/07\/factory3-600x287.jpg 600w, https:\/\/toupeewholesale.com\/fr\/wp-content\/uploads\/2023\/07\/factory3-300x143.jpg 300w, https:\/\/toupeewholesale.com\/fr\/wp-content\/uploads\/2023\/07\/factory3-768x367.jpg 768w\" sizes=\"auto, (max-width: 779px) 100vw, 779px\" \/><\/figure><\/div><\/div><\/div><div class=\"wp-block-columns alignwide is-layout-flex wp-container-core-columns-is-layout-28f84493 wp-block-columns-is-layout-flex\"><div class=\"wp-block-column is-layout-flow wp-block-column-is-layout-flow\"><div class=\"wp-block-media-text alignwide is-stacked-on-mobile\"><figure class=\"wp-block-media-text__media\"><img loading=\"lazy\" decoding=\"async\" width=\"779\" height=\"174\" src=\"https:\/\/toupeewholesale.com\/fr\/\/wp-content\/uploads\/2023\/07\/factory4.jpg\" alt=\"\" class=\"wp-image-374 size-full\" srcset=\"https:\/\/toupeewholesale.com\/fr\/wp-content\/uploads\/2023\/07\/factory4.jpg 779w, https:\/\/toupeewholesale.com\/fr\/wp-content\/uploads\/2023\/07\/factory4-600x134.jpg 600w, https:\/\/toupeewholesale.com\/fr\/wp-content\/uploads\/2023\/07\/factory4-300x67.jpg 300w, https:\/\/toupeewholesale.com\/fr\/wp-content\/uploads\/2023\/07\/factory4-768x172.jpg 768w\" sizes=\"auto, (max-width: 779px) 100vw, 779px\" \/><\/figure><div class=\"wp-block-media-text__content\"><p>En outre, nous disposons d&rsquo;une \u00e9quipe de coiffeurs professionnels dans notre studio de coiffure qui peut fournir des services complets de pose de toupets. Tous nos services sont transparents les uns envers les autres lorsqu&rsquo;il s&rsquo;agit de partager des informations. Cela permet au client de b\u00e9n\u00e9ficier d&rsquo;une exp\u00e9rience sans faille lorsqu&rsquo;il travaille avec nous. Les membres du personnel sont parfaitement qualifi\u00e9s pour r\u00e9pondre \u00e0 toutes les questions avant et apr\u00e8s chaque vente.<\/p><\/div><\/div><\/div><\/div><div class=\"wp-block-columns is-layout-flex wp-container-core-columns-is-layout-28f84493 wp-block-columns-is-layout-flex\"><div class=\"wp-block-column is-layout-flow wp-block-column-is-layout-flow\"><div class=\"wp-block-media-text alignwide has-media-on-the-right is-stacked-on-mobile\"><div class=\"wp-block-media-text__content\"><p>Toupeewholesale stocke plus de 30 000 syst\u00e8mes capillaires dans plus de 40 mod\u00e8les diff\u00e9rents et plus de 60 couleurs qui sont pr\u00eats \u00e0 \u00eatre exp\u00e9di\u00e9s imm\u00e9diatement. Il y a une grande vari\u00e9t\u00e9 de syst\u00e8mes capillaires pour vos clients, y compris les toupets en dentelle, en peau, mono pour les hommes, ainsi que les perruques compl\u00e8tes, les toppers, les int\u00e9grations de cheveux et les extensions de cheveux pour les femmes.<\/p>\n\n<p>Nous avons \u00e9galement de nombreux accessoires tels que des rubans, des anneaux de couleur, des tableaux de volume et de densit\u00e9 des cheveux, et m\u00eame des mannequins pour vous aider \u00e0 mieux g\u00e9rer votre entreprise. Tout peut \u00eatre livr\u00e9 dans les 3 \u00e0 5 jours ouvrables suivant la date d&rsquo;exp\u00e9dition.<\/p><\/div><figure class=\"wp-block-media-text__media\"><img loading=\"lazy\" decoding=\"async\" width=\"779\" height=\"461\" src=\"https:\/\/toupeewholesale.com\/fr\/\/wp-content\/uploads\/2023\/07\/factory5.jpg\" alt=\"\" class=\"wp-image-375 size-full\" srcset=\"https:\/\/toupeewholesale.com\/fr\/wp-content\/uploads\/2023\/07\/factory5.jpg 779w, https:\/\/toupeewholesale.com\/fr\/wp-content\/uploads\/2023\/07\/factory5-600x355.jpg 600w, https:\/\/toupeewholesale.com\/fr\/wp-content\/uploads\/2023\/07\/factory5-300x178.jpg 300w, https:\/\/toupeewholesale.com\/fr\/wp-content\/uploads\/2023\/07\/factory5-768x454.jpg 768w\" sizes=\"auto, (max-width: 779px) 100vw, 779px\" \/><\/figure><\/div><\/div><\/div>","protected":false},"excerpt":{"rendered":"<p>\u00c0 PROPOS DE TOUPEEWHOLESALE Fabricant de toupets et de syst\u00e8mes de coiffure en gros. Remplacement non chirurgical des cheveux OEM. Nous sommes \u00e9tablis \u00e0 Qingdao et fournissons l&rsquo;industrie capillaire depuis pr\u00e8s de 30 ans. Nous disposons de deux usines modernes dans la p\u00e9riph\u00e9rie de Qingdao. Depuis 30 ans, l&rsquo;usine est sp\u00e9cialis\u00e9e dans les proth\u00e8ses capillaires [&hellip;]<\/p>\n","protected":false},"author":1,"featured_media":0,"parent":0,"menu_order":0,"comment_status":"closed","ping_status":"closed","template":"","meta":{"rank_math_lock_modified_date":false,"site-sidebar-layout":"default","site-content-layout":"","ast-site-content-layout":"","site-content-style":"default","site-sidebar-style":"default","ast-global-header-display":"","ast-banner-title-visibility":"","ast-main-header-display":"","ast-hfb-above-header-display":"","ast-hfb-below-header-display":"","ast-hfb-mobile-header-display":"","site-post-title":"disabled","ast-breadcrumbs-content":"","ast-featured-img":"","footer-sml-layout":"","theme-transparent-header-meta":"","adv-header-id-meta":"","stick-header-meta":"","header-above-stick-meta":"","header-main-stick-meta":"","header-below-stick-meta":"","astra-migrate-meta-layouts":"default","ast-page-background-enabled":"default","ast-page-background-meta":{"desktop":{"background-color":"var(--ast-global-color-4)","background-image":"","background-repeat":"repeat","background-position":"center center","background-size":"auto","background-attachment":"scroll","background-type":"","background-media":"","overlay-type":"","overlay-color":"","overlay-opacity":"","overlay-gradient":""},"tablet":{"background-color":"","background-image":"","background-repeat":"repeat","background-position":"center center","background-size":"auto","background-attachment":"scroll","background-type":"","background-media":"","overlay-type":"","overlay-color":"","overlay-opacity":"","overlay-gradient":""},"mobile":{"background-color":"","background-image":"","background-repeat":"repeat","background-position":"center center","background-size":"auto","background-attachment":"scroll","background-type":"","background-media":"","overlay-type":"","overlay-color":"","overlay-opacity":"","overlay-gradient":""}},"ast-content-background-meta":{"desktop":{"background-color":"var(--ast-global-color-5)","background-image":"","background-repeat":"repeat","background-position":"center center","background-size":"auto","background-attachment":"scroll","background-type":"","background-media":"","overlay-type":"","overlay-color":"","overlay-opacity":"","overlay-gradient":""},"tablet":{"background-color":"var(--ast-global-color-5)","background-image":"","background-repeat":"repeat","background-position":"center center","background-size":"auto","background-attachment":"scroll","background-type":"","background-media":"","overlay-type":"","overlay-color":"","overlay-opacity":"","overlay-gradient":""},"mobile":{"background-color":"var(--ast-global-color-5)","background-image":"","background-repeat":"repeat","background-position":"center center","background-size":"auto","background-attachment":"scroll","background-type":"","background-media":"","overlay-type":"","overlay-color":"","overlay-opacity":"","overlay-gradient":""}},"footnotes":""},"class_list":["post-369","page","type-page","status-publish","hentry"],"_links":{"self":[{"href":"https:\/\/toupeewholesale.com\/fr\/wp-json\/wp\/v2\/pages\/369","targetHints":{"allow":["GET"]}}],"collection":[{"href":"https:\/\/toupeewholesale.com\/fr\/wp-json\/wp\/v2\/pages"}],"about":[{"href":"https:\/\/toupeewholesale.com\/fr\/wp-json\/wp\/v2\/types\/page"}],"author":[{"embeddable":true,"href":"https:\/\/toupeewholesale.com\/fr\/wp-json\/wp\/v2\/users\/1"}],"replies":[{"embeddable":true,"href":"https:\/\/toupeewholesale.com\/fr\/wp-json\/wp\/v2\/comments?post=369"}],"version-history":[{"count":1,"href":"https:\/\/toupeewholesale.com\/fr\/wp-json\/wp\/v2\/pages\/369\/revisions"}],"predecessor-version":[{"id":376,"href":"https:\/\/toupeewholesale.com\/fr\/wp-json\/wp\/v2\/pages\/369\/revisions\/376"}],"wp:attachment":[{"href":"https:\/\/toupeewholesale.com\/fr\/wp-json\/wp\/v2\/media?parent=369"}],"curies":[{"name":"wp","href":"https:\/\/api.w.org\/{rel}","templated":true}]}}