{"id":377,"date":"2023-07-01T07:29:09","date_gmt":"2023-07-01T05:29:09","guid":{"rendered":"https:\/\/toupeewholesale.com\/fr\/\/?page_id=377"},"modified":"2023-07-01T07:53:37","modified_gmt":"2023-07-01T05:53:37","slug":"contact-us","status":"publish","type":"page","link":"https:\/\/toupeewholesale.com\/fr\/contact-us\/","title":{"rendered":"Nous Contacter"},"content":{"rendered":"<h2 class=\"wp-block-heading has-text-align-center\" style=\"margin-top:var(--wp--preset--spacing--80);font-size:25px\">Le service client\u00e8le de toupeewholesale est disponible 24 heures sur 24<\/h2><p>Les exceptions \u00e0 notre service client\u00e8le 24 heures sur 24 sont les dimanches et tous les jours f\u00e9ri\u00e9s. Toutefois, l&rsquo;assistance par courrier \u00e9lectronique se poursuit pendant nos heures de travail normales et nous nous effor\u00e7ons de r\u00e9pondre \u00e0 tous les courriers \u00e9lectroniques dans un d\u00e9lai de 24 heures.<\/p><p><strong>Email: support@toupeewholesale.com<\/strong><\/p>","protected":false},"excerpt":{"rendered":"<p>Le service client\u00e8le de toupeewholesale est disponible 24 heures sur 24 Les exceptions \u00e0 notre service client\u00e8le 24 heures sur 24 sont les dimanches et tous les jours f\u00e9ri\u00e9s. Toutefois, l&rsquo;assistance par courrier \u00e9lectronique se poursuit pendant nos heures de travail normales et nous nous effor\u00e7ons de r\u00e9pondre \u00e0 tous les courriers \u00e9lectroniques dans un [&hellip;]<\/p>\n","protected":false},"author":1,"featured_media":0,"parent":0,"menu_order":0,"comment_status":"closed","ping_status":"closed","template":"","meta":{"rank_math_lock_modified_date":false,"site-sidebar-layout":"default","site-content-layout":"","ast-site-content-layout":"","site-content-style":"default","site-sidebar-style":"default","ast-global-header-display":"","ast-banner-title-visibility":"","ast-main-header-display":"","ast-hfb-above-header-display":"","ast-hfb-below-header-display":"","ast-hfb-mobile-header-display":"","site-post-title":"disabled","ast-breadcrumbs-content":"","ast-featured-img":"","footer-sml-layout":"","theme-transparent-header-meta":"","adv-header-id-meta":"","stick-header-meta":"","header-above-stick-meta":"","header-main-stick-meta":"","header-below-stick-meta":"","astra-migrate-meta-layouts":"default","ast-page-background-enabled":"default","ast-page-background-meta":{"desktop":{"background-color":"var(--ast-global-color-4)","background-image":"","background-repeat":"repeat","background-position":"center center","background-size":"auto","background-attachment":"scroll","background-type":"","background-media":"","overlay-type":"","overlay-color":"","overlay-opacity":"","overlay-gradient":""},"tablet":{"background-color":"","background-image":"","background-repeat":"repeat","background-position":"center center","background-size":"auto","background-attachment":"scroll","background-type":"","background-media":"","overlay-type":"","overlay-color":"","overlay-opacity":"","overlay-gradient":""},"mobile":{"background-color":"","background-image":"","background-repeat":"repeat","background-position":"center center","background-size":"auto","background-attachment":"scroll","background-type":"","background-media":"","overlay-type":"","overlay-color":"","overlay-opacity":"","overlay-gradient":""}},"ast-content-background-meta":{"desktop":{"background-color":"var(--ast-global-color-5)","background-image":"","background-repeat":"repeat","background-position":"center center","background-size":"auto","background-attachment":"scroll","background-type":"","background-media":"","overlay-type":"","overlay-color":"","overlay-opacity":"","overlay-gradient":""},"tablet":{"background-color":"var(--ast-global-color-5)","background-image":"","background-repeat":"repeat","background-position":"center center","background-size":"auto","background-attachment":"scroll","background-type":"","background-media":"","overlay-type":"","overlay-color":"","overlay-opacity":"","overlay-gradient":""},"mobile":{"background-color":"var(--ast-global-color-5)","background-image":"","background-repeat":"repeat","background-position":"center center","background-size":"auto","background-attachment":"scroll","background-type":"","background-media":"","overlay-type":"","overlay-color":"","overlay-opacity":"","overlay-gradient":""}},"footnotes":""},"class_list":["post-377","page","type-page","status-publish","hentry"],"_links":{"self":[{"href":"https:\/\/toupeewholesale.com\/fr\/wp-json\/wp\/v2\/pages\/377","targetHints":{"allow":["GET"]}}],"collection":[{"href":"https:\/\/toupeewholesale.com\/fr\/wp-json\/wp\/v2\/pages"}],"about":[{"href":"https:\/\/toupeewholesale.com\/fr\/wp-json\/wp\/v2\/types\/page"}],"author":[{"embeddable":true,"href":"https:\/\/toupeewholesale.com\/fr\/wp-json\/wp\/v2\/users\/1"}],"replies":[{"embeddable":true,"href":"https:\/\/toupeewholesale.com\/fr\/wp-json\/wp\/v2\/comments?post=377"}],"version-history":[{"count":2,"href":"https:\/\/toupeewholesale.com\/fr\/wp-json\/wp\/v2\/pages\/377\/revisions"}],"predecessor-version":[{"id":387,"href":"https:\/\/toupeewholesale.com\/fr\/wp-json\/wp\/v2\/pages\/377\/revisions\/387"}],"wp:attachment":[{"href":"https:\/\/toupeewholesale.com\/fr\/wp-json\/wp\/v2\/media?parent=377"}],"curies":[{"name":"wp","href":"https:\/\/api.w.org\/{rel}","templated":true}]}}