{"id":379,"date":"2023-07-01T07:31:26","date_gmt":"2023-07-01T05:31:26","guid":{"rendered":"https:\/\/toupeewholesale.com\/fr\/\/?page_id=379"},"modified":"2023-07-01T08:05:32","modified_gmt":"2023-07-01T06:05:32","slug":"mode-de-paiement","status":"publish","type":"page","link":"https:\/\/toupeewholesale.com\/fr\/mode-de-paiement\/","title":{"rendered":"Mode de paiement"},"content":{"rendered":"<p style=\"margin-top:var(--wp--preset--spacing--80)\"><strong>Quels sont les moyens de paiement s\u00fbrs accept\u00e9s ?<\/strong><\/p><p>Nous acceptons toutes les formes suivantes de paiement en ligne s\u00e9curis\u00e9 :<\/p><p><strong>PayPal<\/strong><\/p><figure class=\"wp-block-image size-full\"><img loading=\"lazy\" decoding=\"async\" width=\"293\" height=\"97\" src=\"https:\/\/toupeewholesale.com\/fr\/\/wp-content\/uploads\/2023\/07\/paypal.png\" alt=\"\" class=\"wp-image-380\"><\/figure><p>PayPal est une m\u00e9thode de paiement s\u00fbre et fiable pour les achats en ligne.<\/p><p>1) Avec PayPal, vous pouvez effectuer des paiements en ligne rapidement et en toute s\u00e9curit\u00e9.<\/p><p>2) Gr\u00e2ce \u00e0 PayPal, vous pouvez payer avec une carte de cr\u00e9dit, une carte de d\u00e9bit ou un compte bancaire, m\u00eame si vous n&rsquo;avez pas de compte PayPal.<\/p><p>3) une fois votre commande soumise, vous serez redirig\u00e9 vers paypal pour finaliser la transaction. vous pouvez suivre l&rsquo;\u00e9tat de votre paiement en utilisant votre compte paypal.<\/p>","protected":false},"excerpt":{"rendered":"<p>Quels sont les moyens de paiement s\u00fbrs accept\u00e9s ? Nous acceptons toutes les formes suivantes de paiement en ligne s\u00e9curis\u00e9 : PayPal PayPal est une m\u00e9thode de paiement s\u00fbre et fiable pour les achats en ligne. 1) Avec PayPal, vous pouvez effectuer des paiements en ligne rapidement et en toute s\u00e9curit\u00e9. 2) Gr\u00e2ce \u00e0 PayPal, [&hellip;]<\/p>\n","protected":false},"author":1,"featured_media":0,"parent":0,"menu_order":0,"comment_status":"closed","ping_status":"closed","template":"","meta":{"rank_math_lock_modified_date":false,"site-sidebar-layout":"default","site-content-layout":"","ast-site-content-layout":"","site-content-style":"default","site-sidebar-style":"default","ast-global-header-display":"","ast-banner-title-visibility":"","ast-main-header-display":"","ast-hfb-above-header-display":"","ast-hfb-below-header-display":"","ast-hfb-mobile-header-display":"","site-post-title":"disabled","ast-breadcrumbs-content":"","ast-featured-img":"","footer-sml-layout":"","theme-transparent-header-meta":"","adv-header-id-meta":"","stick-header-meta":"","header-above-stick-meta":"","header-main-stick-meta":"","header-below-stick-meta":"","astra-migrate-meta-layouts":"default","ast-page-background-enabled":"default","ast-page-background-meta":{"desktop":{"background-color":"var(--ast-global-color-4)","background-image":"","background-repeat":"repeat","background-position":"center center","background-size":"auto","background-attachment":"scroll","background-type":"","background-media":"","overlay-type":"","overlay-color":"","overlay-opacity":"","overlay-gradient":""},"tablet":{"background-color":"","background-image":"","background-repeat":"repeat","background-position":"center center","background-size":"auto","background-attachment":"scroll","background-type":"","background-media":"","overlay-type":"","overlay-color":"","overlay-opacity":"","overlay-gradient":""},"mobile":{"background-color":"","background-image":"","background-repeat":"repeat","background-position":"center center","background-size":"auto","background-attachment":"scroll","background-type":"","background-media":"","overlay-type":"","overlay-color":"","overlay-opacity":"","overlay-gradient":""}},"ast-content-background-meta":{"desktop":{"background-color":"var(--ast-global-color-5)","background-image":"","background-repeat":"repeat","background-position":"center center","background-size":"auto","background-attachment":"scroll","background-type":"","background-media":"","overlay-type":"","overlay-color":"","overlay-opacity":"","overlay-gradient":""},"tablet":{"background-color":"var(--ast-global-color-5)","background-image":"","background-repeat":"repeat","background-position":"center center","background-size":"auto","background-attachment":"scroll","background-type":"","background-media":"","overlay-type":"","overlay-color":"","overlay-opacity":"","overlay-gradient":""},"mobile":{"background-color":"var(--ast-global-color-5)","background-image":"","background-repeat":"repeat","background-position":"center center","background-size":"auto","background-attachment":"scroll","background-type":"","background-media":"","overlay-type":"","overlay-color":"","overlay-opacity":"","overlay-gradient":""}},"footnotes":""},"class_list":["post-379","page","type-page","status-publish","hentry"],"_links":{"self":[{"href":"https:\/\/toupeewholesale.com\/fr\/wp-json\/wp\/v2\/pages\/379","targetHints":{"allow":["GET"]}}],"collection":[{"href":"https:\/\/toupeewholesale.com\/fr\/wp-json\/wp\/v2\/pages"}],"about":[{"href":"https:\/\/toupeewholesale.com\/fr\/wp-json\/wp\/v2\/types\/page"}],"author":[{"embeddable":true,"href":"https:\/\/toupeewholesale.com\/fr\/wp-json\/wp\/v2\/users\/1"}],"replies":[{"embeddable":true,"href":"https:\/\/toupeewholesale.com\/fr\/wp-json\/wp\/v2\/comments?post=379"}],"version-history":[{"count":2,"href":"https:\/\/toupeewholesale.com\/fr\/wp-json\/wp\/v2\/pages\/379\/revisions"}],"predecessor-version":[{"id":392,"href":"https:\/\/toupeewholesale.com\/fr\/wp-json\/wp\/v2\/pages\/379\/revisions\/392"}],"wp:attachment":[{"href":"https:\/\/toupeewholesale.com\/fr\/wp-json\/wp\/v2\/media?parent=379"}],"curies":[{"name":"wp","href":"https:\/\/api.w.org\/{rel}","templated":true}]}}