{"id":382,"date":"2023-07-01T07:38:48","date_gmt":"2023-07-01T05:38:48","guid":{"rendered":"https:\/\/toupeewholesale.com\/fr\/\/?page_id=382"},"modified":"2023-07-01T07:38:53","modified_gmt":"2023-07-01T05:38:53","slug":"politique-de-confidentialite-2","status":"publish","type":"page","link":"https:\/\/toupeewholesale.com\/fr\/politique-de-confidentialite-2\/","title":{"rendered":"Politique de confidentialit\u00e9"},"content":{"rendered":"<p style=\"margin-top:var(--wp--preset--spacing--80)\">toupeewholesale respecte la vie priv\u00e9e de ses visiteurs\/clients, qui est importante pour nous. Nous prenons au s\u00e9rieux votre s\u00e9curit\u00e9 en ligne. Afin de mieux vous servir et de vous permettre de comprendre clairement les informations dont vous disposez sur notre site, nous expliquons ci-dessous notre politique de confidentialit\u00e9.<\/p><p><strong>S\u00e9curit\u00e9 de la vie priv\u00e9e<\/strong><\/p><p>Nous ne vendons (ni n&rsquo;\u00e9changeons ou ne louons) aucune information personnelle identifiable \u00e0 d&rsquo;autres soci\u00e9t\u00e9s dans le cadre de nos activit\u00e9s habituelles. Nous utilisons les derni\u00e8res technologies de cryptage SSL, nous collectons correctement les informations personnelles telles que les num\u00e9ros de carte de cr\u00e9dit sur des pages prot\u00e9g\u00e9es par la technologie SSL et tous nos employ\u00e9s signent un accord de confidentialit\u00e9 qui leur interdit de divulguer \u00e0 d&rsquo;autres personnes ou entit\u00e9s des informations priv\u00e9es relatives \u00e0 nos clients.<\/p><p><strong>Les informations que nous recueillons<\/strong><\/p><p>toupeewholesale estime qu&rsquo;il est important que vous sachiez quels types d&rsquo;informations nous recueillons lorsque vous utilisez notre site. Ces informations comprennent l&rsquo;adresse \u00e9lectronique, le nom, le nom de la soci\u00e9t\u00e9, l&rsquo;adresse, le code postal, la ville, le pays, le num\u00e9ro de t\u00e9l\u00e9phone, le mot de passe, etc. Nous collectons ces informations de diff\u00e9rentes mani\u00e8res. Tout d&rsquo;abord, nous utilisons des cookies qui sont n\u00e9cessaires pour compiler des informations agr\u00e9g\u00e9es non personnellement identifiables sur les visiteurs de notre site web. Les informations personnellement identifiables sont des informations qui vous sont propres, telles que les num\u00e9ros de carte de cr\u00e9dit et de compte bancaire.<\/p><p><strong>L&rsquo;utilisation de l&rsquo;information<\/strong><\/p><p>Faciliter l&rsquo;utilisation de ce site en vous \u00e9vitant d&rsquo;avoir \u00e0 saisir des informations plusieurs fois.<\/p><p>vous aider \u00e0 trouver rapidement des informations, des produits et des services<\/p><p>nous aider \u00e0 cr\u00e9er un contenu sur ce site qui soit le plus pertinent possible pour vous<\/p><p>vous alerter sur les nouvelles informations, les nouveaux produits et les nouveaux services que nous proposons.<\/p><p><strong>Inscription et commande :<\/strong><\/p><p>Lors de l&rsquo;enregistrement, vous serez invit\u00e9 \u00e0 nous fournir votre nom, votre adresse de livraison et de facturation, votre num\u00e9ro de t\u00e9l\u00e9phone, votre adresse \u00e9lectronique et votre num\u00e9ro de carte de cr\u00e9dit. En outre, il se peut que nous vous demandions votre pays afin de nous conformer aux lois et r\u00e9glementations en vigueur. Ces types d&rsquo;informations personnelles sont utilis\u00e9s \u00e0 des fins de facturation, pour ex\u00e9cuter vos commandes, pour communiquer avec vous au sujet de votre commande et de notre site, et \u00e0 des fins de marketing interne. Si nous rencontrons un probl\u00e8me lors du traitement de votre commande, nous pouvons utiliser les informations personnelles que vous nous avez fournies pour vous contacter.<\/p><p><strong>Adresses \u00e9lectroniques :<\/strong><\/p><p>Vous devez cr\u00e9er un compte pour passer une commande et recevoir des avis promotionnels gratuits. Nous vous informerons lorsque nous recevrons une nouvelle marque ou un nouveau style de produit si vous vous inscrivez \u00e0 notre bulletin d&rsquo;information \u00e9lectronique. Votre participation \u00e0 un concours est enti\u00e8rement volontaire et vous pouvez choisir d&rsquo;y participer ou non et de nous communiquer les informations pertinentes.<\/p><p><strong>Quel type d&rsquo;e-mail envoyez-vous au client ?<\/strong><\/p><p>Nous envoyons \u00e0 nos clients des courriels qui peuvent contenir les \u00e9l\u00e9ments suivants :<\/p><p>Informations sur les commandes, confirmation de paiement, notification d&rsquo;exp\u00e9dition, mises \u00e0 jour sur le traitement des commandes, offres hebdomadaires, promotions sp\u00e9ciales et activit\u00e9s comprenant \u00e9galement des concours et des cadeaux.<\/p><p><strong>Comment se d\u00e9sinscrire ?<\/strong><\/p><p>Vous pouvez vous d\u00e9sinscrire \u00e0 tout moment en utilisant le lien situ\u00e9 au bas de chaque lettre d&rsquo;information \u00e9lectronique.<\/p><p><strong>Remarque :<\/strong><\/p><p>Apr\u00e8s avoir cr\u00e9\u00e9 un compte, vous recevrez nos lettres d&rsquo;information hebdomadaires contenant des informations sur des offres exclusives, des remises sp\u00e9ciales, des coupons gratuits et des promotions th\u00e9matiques.<\/p>","protected":false},"excerpt":{"rendered":"<p>toupeewholesale respecte la vie priv\u00e9e de ses visiteurs\/clients, qui est importante pour nous. Nous prenons au s\u00e9rieux votre s\u00e9curit\u00e9 en ligne. Afin de mieux vous servir et de vous permettre de comprendre clairement les informations dont vous disposez sur notre site, nous expliquons ci-dessous notre politique de confidentialit\u00e9. S\u00e9curit\u00e9 de la vie priv\u00e9e Nous ne [&hellip;]<\/p>\n","protected":false},"author":1,"featured_media":0,"parent":0,"menu_order":0,"comment_status":"closed","ping_status":"closed","template":"","meta":{"rank_math_lock_modified_date":false,"site-sidebar-layout":"default","site-content-layout":"","ast-site-content-layout":"","site-content-style":"default","site-sidebar-style":"default","ast-global-header-display":"","ast-banner-title-visibility":"","ast-main-header-display":"","ast-hfb-above-header-display":"","ast-hfb-below-header-display":"","ast-hfb-mobile-header-display":"","site-post-title":"disabled","ast-breadcrumbs-content":"","ast-featured-img":"","footer-sml-layout":"","theme-transparent-header-meta":"","adv-header-id-meta":"","stick-header-meta":"","header-above-stick-meta":"","header-main-stick-meta":"","header-below-stick-meta":"","astra-migrate-meta-layouts":"default","ast-page-background-enabled":"default","ast-page-background-meta":{"desktop":{"background-color":"var(--ast-global-color-4)","background-image":"","background-repeat":"repeat","background-position":"center center","background-size":"auto","background-attachment":"scroll","background-type":"","background-media":"","overlay-type":"","overlay-color":"","overlay-opacity":"","overlay-gradient":""},"tablet":{"background-color":"","background-image":"","background-repeat":"repeat","background-position":"center center","background-size":"auto","background-attachment":"scroll","background-type":"","background-media":"","overlay-type":"","overlay-color":"","overlay-opacity":"","overlay-gradient":""},"mobile":{"background-color":"","background-image":"","background-repeat":"repeat","background-position":"center center","background-size":"auto","background-attachment":"scroll","background-type":"","background-media":"","overlay-type":"","overlay-color":"","overlay-opacity":"","overlay-gradient":""}},"ast-content-background-meta":{"desktop":{"background-color":"var(--ast-global-color-5)","background-image":"","background-repeat":"repeat","background-position":"center center","background-size":"auto","background-attachment":"scroll","background-type":"","background-media":"","overlay-type":"","overlay-color":"","overlay-opacity":"","overlay-gradient":""},"tablet":{"background-color":"var(--ast-global-color-5)","background-image":"","background-repeat":"repeat","background-position":"center center","background-size":"auto","background-attachment":"scroll","background-type":"","background-media":"","overlay-type":"","overlay-color":"","overlay-opacity":"","overlay-gradient":""},"mobile":{"background-color":"var(--ast-global-color-5)","background-image":"","background-repeat":"repeat","background-position":"center center","background-size":"auto","background-attachment":"scroll","background-type":"","background-media":"","overlay-type":"","overlay-color":"","overlay-opacity":"","overlay-gradient":""}},"footnotes":""},"class_list":["post-382","page","type-page","status-publish","hentry"],"_links":{"self":[{"href":"https:\/\/toupeewholesale.com\/fr\/wp-json\/wp\/v2\/pages\/382","targetHints":{"allow":["GET"]}}],"collection":[{"href":"https:\/\/toupeewholesale.com\/fr\/wp-json\/wp\/v2\/pages"}],"about":[{"href":"https:\/\/toupeewholesale.com\/fr\/wp-json\/wp\/v2\/types\/page"}],"author":[{"embeddable":true,"href":"https:\/\/toupeewholesale.com\/fr\/wp-json\/wp\/v2\/users\/1"}],"replies":[{"embeddable":true,"href":"https:\/\/toupeewholesale.com\/fr\/wp-json\/wp\/v2\/comments?post=382"}],"version-history":[{"count":1,"href":"https:\/\/toupeewholesale.com\/fr\/wp-json\/wp\/v2\/pages\/382\/revisions"}],"predecessor-version":[{"id":383,"href":"https:\/\/toupeewholesale.com\/fr\/wp-json\/wp\/v2\/pages\/382\/revisions\/383"}],"wp:attachment":[{"href":"https:\/\/toupeewholesale.com\/fr\/wp-json\/wp\/v2\/media?parent=382"}],"curies":[{"name":"wp","href":"https:\/\/api.w.org\/{rel}","templated":true}]}}