{"id":385,"date":"2023-07-01T07:51:24","date_gmt":"2023-07-01T05:51:24","guid":{"rendered":"https:\/\/toupeewholesale.com\/fr\/\/?page_id=385"},"modified":"2023-07-01T07:51:26","modified_gmt":"2023-07-01T05:51:26","slug":"politique-dexpedition","status":"publish","type":"page","link":"https:\/\/toupeewholesale.com\/fr\/politique-dexpedition\/","title":{"rendered":"Politique d&rsquo;exp\u00e9dition"},"content":{"rendered":"<p style=\"margin-top:var(--wp--preset--spacing--80)\">toupeewholesale est un d\u00e9taillant en ligne de premier plan. Nous avons l&rsquo;exp\u00e9rience de l&rsquo;exp\u00e9dition de commandes dans le monde entier. Nous travaillons en partenariat avec les principales soci\u00e9t\u00e9s d&rsquo;exp\u00e9dition internationales telles que DHL. Nos produits sont pr\u00e9-stock\u00e9s, ce qui fait que le d\u00e9lai de traitement est g\u00e9n\u00e9ralement tr\u00e8s rapide.<\/p><p><strong>Dans quel pays les livraisons sont-elles gratuites ?<\/strong><\/p><p>La livraison est gratuite dans le monde entier pour tous les produits du syst\u00e8me capillaire.<\/p><ul class=\"wp-block-list\"><li>Si la commande ne contient que des accessoires pour le syst\u00e8me capillaire, les frais d&rsquo;exp\u00e9dition seront de 29,9 $ si le colis p\u00e8se moins de 0,5 kg. Si le colis p\u00e8se plus de 0,5 kg, les frais d&rsquo;exp\u00e9dition s&rsquo;\u00e9l\u00e8veront \u00e0 10 $ pour chaque 0,5 kg suppl\u00e9mentaire.<\/li><\/ul><p><strong>Quel est le d\u00e9lai d&rsquo;exp\u00e9dition ?<\/strong><\/p><p>Les d\u00e9lais d&rsquo;exp\u00e9dition varient.<\/p><p>d\u00e9lai de traitement : 1 \u00e0 3 jours ouvrables.<\/p><p>d\u00e9lai d&rsquo;exp\u00e9dition (ce d\u00e9lai ne comprend pas les \u00e9ventuels retards de d\u00e9douanement, les week-ends, les jours f\u00e9ri\u00e9s et toute autre circonstance impr\u00e9visible).<\/p><p>\u00c9tats-Unis : 3-7 jours ouvrables<\/p><p>CANADA : 3-7 jours ouvrables<\/p><p>EUROPE:3-7 jours ouvrables<\/p><p>AFRIQUE:5-14 jours ouvrables<\/p><p>AUSTRALIE:3-7 jours ouvrables<\/p><p>Autres pays:5-14 jours ouvrables<\/p><p><strong>Site de suivi :<\/strong><\/p><p>http:\/\/www.dhl.com\/en.html DHL<\/p><p>Le d\u00e9lai pour les produits sur mesure est de 5 \u00e0 14 semaines.<\/p><p>Si l&rsquo;expression est retard\u00e9e et que les marchandises ne sont pas re\u00e7ues, veuillez nous contacter \u00e0 l&rsquo;adresse email:support@toupeewholesale.com.<\/p><p><strong>Comment puis-je modifier le mode d&rsquo;exp\u00e9dition ?<\/strong><\/p><p>Techniquement, il n&rsquo;est pas possible de modifier une commande une fois qu&rsquo;elle a \u00e9t\u00e9 pay\u00e9e. Veuillez nous contacter \u00e0 l&rsquo;adresse support@toupeewholesale.com si la commande est encore en cours de traitement, nous pourrons peut-\u00eatre modifier le mode d&rsquo;exp\u00e9dition pour vous.<\/p><p><strong>Y aura-t-il un num\u00e9ro de suivi ?<\/strong><\/p><p>Il y aura un num\u00e9ro de suivi pour votre commande. Une fois votre commande exp\u00e9di\u00e9e, nous vous enverrons les instructions de suivi \u00e0 l&rsquo;adresse \u00e9lectronique que vous nous avez communiqu\u00e9e. Il se peut que le num\u00e9ro de suivi ne puisse pas \u00eatre suivi dans un premier temps. Contactez-nous si votre num\u00e9ro de suivi n&rsquo;est pas mis \u00e0 jour apr\u00e8s 3 jours. Notre adresse \u00e9lectronique est support@toupeewholesale.com. Nous v\u00e9rifierons pour vous que le num\u00e9ro de suivi est correct.<\/p><p><strong>D\u00e9douanement<\/strong><\/p><p>Les frais de d\u00e9douanement sont \u00e0 la charge des clients. Veuillez contacter le service client\u00e8le si vous avez d&rsquo;autres questions \u00e0 poser \u00e0 questions.email:support@toupeewholesale.com.<\/p>","protected":false},"excerpt":{"rendered":"<p>toupeewholesale est un d\u00e9taillant en ligne de premier plan. Nous avons l&rsquo;exp\u00e9rience de l&rsquo;exp\u00e9dition de commandes dans le monde entier. Nous travaillons en partenariat avec les principales soci\u00e9t\u00e9s d&rsquo;exp\u00e9dition internationales telles que DHL. Nos produits sont pr\u00e9-stock\u00e9s, ce qui fait que le d\u00e9lai de traitement est g\u00e9n\u00e9ralement tr\u00e8s rapide. Dans quel pays les livraisons sont-elles [&hellip;]<\/p>\n","protected":false},"author":1,"featured_media":0,"parent":0,"menu_order":0,"comment_status":"closed","ping_status":"closed","template":"","meta":{"rank_math_lock_modified_date":false,"site-sidebar-layout":"default","site-content-layout":"","ast-site-content-layout":"","site-content-style":"default","site-sidebar-style":"default","ast-global-header-display":"","ast-banner-title-visibility":"","ast-main-header-display":"","ast-hfb-above-header-display":"","ast-hfb-below-header-display":"","ast-hfb-mobile-header-display":"","site-post-title":"disabled","ast-breadcrumbs-content":"","ast-featured-img":"","footer-sml-layout":"","theme-transparent-header-meta":"","adv-header-id-meta":"","stick-header-meta":"","header-above-stick-meta":"","header-main-stick-meta":"","header-below-stick-meta":"","astra-migrate-meta-layouts":"default","ast-page-background-enabled":"default","ast-page-background-meta":{"desktop":{"background-color":"var(--ast-global-color-4)","background-image":"","background-repeat":"repeat","background-position":"center center","background-size":"auto","background-attachment":"scroll","background-type":"","background-media":"","overlay-type":"","overlay-color":"","overlay-opacity":"","overlay-gradient":""},"tablet":{"background-color":"","background-image":"","background-repeat":"repeat","background-position":"center center","background-size":"auto","background-attachment":"scroll","background-type":"","background-media":"","overlay-type":"","overlay-color":"","overlay-opacity":"","overlay-gradient":""},"mobile":{"background-color":"","background-image":"","background-repeat":"repeat","background-position":"center center","background-size":"auto","background-attachment":"scroll","background-type":"","background-media":"","overlay-type":"","overlay-color":"","overlay-opacity":"","overlay-gradient":""}},"ast-content-background-meta":{"desktop":{"background-color":"var(--ast-global-color-5)","background-image":"","background-repeat":"repeat","background-position":"center center","background-size":"auto","background-attachment":"scroll","background-type":"","background-media":"","overlay-type":"","overlay-color":"","overlay-opacity":"","overlay-gradient":""},"tablet":{"background-color":"var(--ast-global-color-5)","background-image":"","background-repeat":"repeat","background-position":"center center","background-size":"auto","background-attachment":"scroll","background-type":"","background-media":"","overlay-type":"","overlay-color":"","overlay-opacity":"","overlay-gradient":""},"mobile":{"background-color":"var(--ast-global-color-5)","background-image":"","background-repeat":"repeat","background-position":"center center","background-size":"auto","background-attachment":"scroll","background-type":"","background-media":"","overlay-type":"","overlay-color":"","overlay-opacity":"","overlay-gradient":""}},"footnotes":""},"class_list":["post-385","page","type-page","status-publish","hentry"],"_links":{"self":[{"href":"https:\/\/toupeewholesale.com\/fr\/wp-json\/wp\/v2\/pages\/385","targetHints":{"allow":["GET"]}}],"collection":[{"href":"https:\/\/toupeewholesale.com\/fr\/wp-json\/wp\/v2\/pages"}],"about":[{"href":"https:\/\/toupeewholesale.com\/fr\/wp-json\/wp\/v2\/types\/page"}],"author":[{"embeddable":true,"href":"https:\/\/toupeewholesale.com\/fr\/wp-json\/wp\/v2\/users\/1"}],"replies":[{"embeddable":true,"href":"https:\/\/toupeewholesale.com\/fr\/wp-json\/wp\/v2\/comments?post=385"}],"version-history":[{"count":1,"href":"https:\/\/toupeewholesale.com\/fr\/wp-json\/wp\/v2\/pages\/385\/revisions"}],"predecessor-version":[{"id":386,"href":"https:\/\/toupeewholesale.com\/fr\/wp-json\/wp\/v2\/pages\/385\/revisions\/386"}],"wp:attachment":[{"href":"https:\/\/toupeewholesale.com\/fr\/wp-json\/wp\/v2\/media?parent=385"}],"curies":[{"name":"wp","href":"https:\/\/api.w.org\/{rel}","templated":true}]}}