{"id":26,"date":"2023-06-27T05:22:07","date_gmt":"2023-06-27T03:22:07","guid":{"rendered":"https:\/\/toupeewholesale.com\/fr\/\/?post_type=product&#038;p=26"},"modified":"2023-06-28T03:37:51","modified_gmt":"2023-06-28T01:37:51","slug":"0-08mm-complement-capillaire-invisible","status":"publish","type":"product","link":"https:\/\/toupeewholesale.com\/fr\/produit\/0-08mm-complement-capillaire-invisible\/","title":{"rendered":"0.08mm Compl\u00e9ment Capillaire Invisible"},"content":{"rendered":"<p>Notre compl\u00e9ment capillaire pour homme compl\u00e9tera parfaitement votre coupe de cheveux.<br \/>\nDite adieu \u00e0 votre calvitie ou une perte de cheveux avec ce compl\u00e9ment capillaire pour homme. Il est sp\u00e9cialement con\u00e7u pour s&rsquo;adapter parfaitement \u00e0 vos cheveux, pour un rendu invisible. De plus, sa base en polyur\u00e9thane est incroyablement confortable, vous ne sentirez pas votre proth\u00e8se, elle fera naturellement partie de votre chevelure.<\/p>\n<p>Aussi, vous pourrez pratiquer votre sport, aller nager, sans inqui\u00e9tude gr\u00e2ce \u00e0 sa conception solide, anti-transpiration. Moderne et chic, il fera ressortir et mettra en valeur votre charme naturel.<\/p>\n<table style=\"width: 100%; border: 1px solid #D7D7D7;\" data-ostyle=\"\">\n<tbody>\n<tr style=\"height: 50px;\">\n<td style=\"width: 30%; height: 35px; border-bottom: 1px solid #D7D7D7; border-right: 1px solid #D7D7D7; text-align: right; padding-left: 10px; padding-right: 10px;\"><b>Type de cheveux:<\/b><\/td>\n<td style=\"width: 70%; height: 35px; border-bottom: 1px solid #D7D7D7; padding-left: 10px; padding-right: 10px;\">Cheveux naturels Remy Hair<\/td>\n<\/tr>\n<tr style=\"height: 50px; background-color: #ececec;\">\n<td style=\"width: 30%; height: 35px; border-bottom: 1px solid #D7D7D7; border-right: 1px solid #D7D7D7; text-align: right; padding-left: 10px; padding-right: 10px;\"><b>Design Base<\/b><\/td>\n<td style=\"width: 70%; height: 35px; border-bottom: 1px solid #D7D7D7; padding-left: 10px; padding-right: 10px;\">0.08mm Compl\u00e9ment Capillaire Invisible<\/td>\n<\/tr>\n<tr style=\"height: 50px;\">\n<td style=\"width: 30%; height: 21px; border-bottom: 1px solid #D7D7D7; border-right: 1px solid #D7D7D7; text-align: right; padding-left: 10px; padding-right: 10px;\"><b>Misure della base<\/b><\/td>\n<td style=\"width: 70%; height: 21px; border-bottom: 1px solid #D7D7D7; padding-left: 10px; padding-right: 10px;\">longueur 25 cm x largeur 20 cm, longueur 25 cm x largeur 17 cm, longueur 22 cm x largeur 17 cm, longueur 20 cm x largeur 15 cm,peut \u00eatre coup\u00e9 \u00e0 n&rsquo;importe quelle taille<\/td>\n<\/tr>\n<tr style=\"height: 50px; background-color: #ececec;\">\n<td style=\"width: 30%; height: 21px; border-bottom: 1px solid #D7D7D7; border-right: 1px solid #D7D7D7; text-align: right; padding-left: 10px; padding-right: 10px;\"><b>Implantation<\/b><\/td>\n<td style=\"width: 70%; height: 21px; border-bottom: 1px solid #D7D7D7; padding-left: 10px; padding-right: 10px;\">Free Style<\/td>\n<\/tr>\n<tr style=\"height: 50px;\">\n<td style=\"width: 30%; height: 21px; border-bottom: 1px solid #D7D7D7; border-right: 1px solid #D7D7D7; text-align: right; padding-left: 10px; padding-right: 10px;\"><b>Base<\/b><\/td>\n<td style=\"width: 70%; height: 21px; border-bottom: 1px solid #D7D7D7; padding-left: 10px; padding-right: 10px;\">peau (film, poly)<\/td>\n<\/tr>\n<tr style=\"height: 50px; background-color: #ececec;\">\n<td style=\"width: 30%; height: 21px; border-bottom: 1px solid #D7D7D7; border-right: 1px solid #D7D7D7; text-align: right; padding-left: 10px; padding-right: 10px;\"><b>Epaisseur de la base<\/b><\/td>\n<td style=\"width: 70%; height: 21px; border-bottom: 1px solid #D7D7D7; padding-left: 10px; padding-right: 10px;\">0.08 mm<\/td>\n<\/tr>\n<tr style=\"height: 50px;\">\n<td style=\"width: 30%; height: 21px; border-bottom: 1px solid #D7D7D7; border-right: 1px solid #D7D7D7; text-align: right; padding-left: 10px; padding-right: 10px;\"><b>Longueur Cheveux<\/b><\/td>\n<td style=\"width: 70%; height: 21px; border-bottom: 1px solid #D7D7D7; padding-left: 10px; padding-right: 10px;\">15 cm<\/td>\n<\/tr>\n<tr style=\"height: 50px; background-color: #ececec;\">\n<td style=\"width: 30%; height: 21px; border-bottom: 1px solid #D7D7D7; border-right: 1px solid #D7D7D7; text-align: right; padding-left: 10px; padding-right: 10px;\"><b>Densit\u00e9<\/b><\/td>\n<td style=\"width: 70%; height: 21px; border-bottom: 1px solid #D7D7D7; padding-left: 10px; padding-right: 10px;\">120 %<\/td>\n<\/tr>\n<tr style=\"height: 50px;\">\n<td style=\"width: 30%; height: 21px; border-bottom: 1px solid #D7D7D7; border-right: 1px solid #D7D7D7; text-align: right; padding-left: 10px; padding-right: 10px;\"><b>Coloris Cheveux<\/b><\/td>\n<td style=\"width: 70%; height: 21px; border-bottom: 1px solid #D7D7D7; padding-left: 10px; padding-right: 10px;\">#1, #1A, #1B, #1B10, #1B20, #1B40, #1B50,#1B60, #2, #210, #220, #240,#250, #3, #310, #320, #340,#350, #4, #410, #420, #430, #440, #450, #4ASH, #5, #6, #7, #7ASH, #18, #22<\/td>\n<\/tr>\n<\/tbody>\n<\/table>\n","protected":false},"excerpt":{"rendered":"<p>Notre compl\u00e9ment capillaire pour homme compl\u00e9tera parfaitement votre coupe de cheveux. Dite adieu \u00e0 votre calvitie ou une perte de cheveux avec ce compl\u00e9ment capillaire pour homme. Il est sp\u00e9cialement con\u00e7u pour s&rsquo;adapter parfaitement \u00e0 vos cheveux, pour un rendu invisible. De plus, sa base en polyur\u00e9thane est incroyablement confortable, vous ne sentirez pas votre [&hellip;]<\/p>\n","protected":false},"featured_media":27,"comment_status":"open","ping_status":"closed","template":"","meta":{"rank_math_lock_modified_date":false,"site-sidebar-layout":"default","site-content-layout":"default","ast-site-content-layout":"","site-content-style":"default","site-sidebar-style":"default","ast-global-header-display":"","ast-banner-title-visibility":"","ast-main-header-display":"","ast-hfb-above-header-display":"","ast-hfb-below-header-display":"","ast-hfb-mobile-header-display":"","site-post-title":"","ast-breadcrumbs-content":"","ast-featured-img":"","footer-sml-layout":"","theme-transparent-header-meta":"default","adv-header-id-meta":"","stick-header-meta":"","header-above-stick-meta":"","header-main-stick-meta":"","header-below-stick-meta":"","astra-migrate-meta-layouts":"default","ast-page-background-enabled":"default","ast-page-background-meta":{"desktop":{"background-color":"var(--ast-global-color-4)","background-image":"","background-repeat":"repeat","background-position":"center center","background-size":"auto","background-attachment":"scroll","background-type":"","background-media":"","overlay-type":"","overlay-color":"","overlay-opacity":"","overlay-gradient":""},"tablet":{"background-color":"","background-image":"","background-repeat":"repeat","background-position":"center center","background-size":"auto","background-attachment":"scroll","background-type":"","background-media":"","overlay-type":"","overlay-color":"","overlay-opacity":"","overlay-gradient":""},"mobile":{"background-color":"","background-image":"","background-repeat":"repeat","background-position":"center center","background-size":"auto","background-attachment":"scroll","background-type":"","background-media":"","overlay-type":"","overlay-color":"","overlay-opacity":"","overlay-gradient":""}},"ast-content-background-meta":{"desktop":{"background-color":"var(--ast-global-color-5)","background-image":"","background-repeat":"repeat","background-position":"center center","background-size":"auto","background-attachment":"scroll","background-type":"","background-media":"","overlay-type":"","overlay-color":"","overlay-opacity":"","overlay-gradient":""},"tablet":{"background-color":"var(--ast-global-color-5)","background-image":"","background-repeat":"repeat","background-position":"center center","background-size":"auto","background-attachment":"scroll","background-type":"","background-media":"","overlay-type":"","overlay-color":"","overlay-opacity":"","overlay-gradient":""},"mobile":{"background-color":"var(--ast-global-color-5)","background-image":"","background-repeat":"repeat","background-position":"center center","background-size":"auto","background-attachment":"scroll","background-type":"","background-media":"","overlay-type":"","overlay-color":"","overlay-opacity":"","overlay-gradient":""}}},"product_cat":[17],"product_tag":[],"class_list":{"0":"post-26","1":"product","2":"type-product","3":"status-publish","4":"has-post-thumbnail","6":"product_cat-complement-capillaire-homme-micro-peau","7":"desktop-align-left","8":"tablet-align-left","9":"mobile-align-left","11":"first","12":"instock","13":"shipping-taxable","14":"purchasable","15":"product-type-variable"},"_links":{"self":[{"href":"https:\/\/toupeewholesale.com\/fr\/wp-json\/wp\/v2\/product\/26","targetHints":{"allow":["GET"]}}],"collection":[{"href":"https:\/\/toupeewholesale.com\/fr\/wp-json\/wp\/v2\/product"}],"about":[{"href":"https:\/\/toupeewholesale.com\/fr\/wp-json\/wp\/v2\/types\/product"}],"replies":[{"embeddable":true,"href":"https:\/\/toupeewholesale.com\/fr\/wp-json\/wp\/v2\/comments?post=26"}],"wp:featuredmedia":[{"embeddable":true,"href":"https:\/\/toupeewholesale.com\/fr\/wp-json\/wp\/v2\/media\/27"}],"wp:attachment":[{"href":"https:\/\/toupeewholesale.com\/fr\/wp-json\/wp\/v2\/media?parent=26"}],"wp:term":[{"taxonomy":"product_cat","embeddable":true,"href":"https:\/\/toupeewholesale.com\/fr\/wp-json\/wp\/v2\/product_cat?post=26"},{"taxonomy":"product_tag","embeddable":true,"href":"https:\/\/toupeewholesale.com\/fr\/wp-json\/wp\/v2\/product_tag?post=26"}],"curies":[{"name":"wp","href":"https:\/\/api.w.org\/{rel}","templated":true}]}}