{"id":63,"date":"2023-06-27T07:15:16","date_gmt":"2023-06-27T05:15:16","guid":{"rendered":"https:\/\/toupeewholesale.com\/fr\/\/?post_type=product&#038;p=63"},"modified":"2023-06-28T04:59:03","modified_gmt":"2023-06-28T02:59:03","slug":"complement-capillaire-pour-hommes-compose-totalement-en-tulle-francais","status":"publish","type":"product","link":"https:\/\/toupeewholesale.com\/fr\/produit\/complement-capillaire-pour-hommes-compose-totalement-en-tulle-francais\/","title":{"rendered":"Compl\u00e9ment Capillaire Pour Hommes Compos\u00e9 Totalement En Tulle Fran\u00e7ais"},"content":{"rendered":"<p>FFL est un standard tr\u00e8s appr\u00e9ci\u00e9. Ce compl\u00e9ment capillaire pour homme a une base a\u00e9r\u00e9e en tulle fran\u00e7ais qui offre \u00e0 la fois durabilit\u00e9 et confort, tout en restant tr\u00e8s discr\u00e8te. Elle s\u2019int\u00e8gre parfaitement dans le cuir chevelu permettant ainsi un rendu tr\u00e8s naturel sur la ligne frontale.<\/p>\n<p>Le compl\u00e9ment capillaire pour homme FFL est un standard appr\u00e9ci\u00e9 par les professionnels pour sa robustesse et son rendu incroyablement naturel. Pour la pose, nous recommandons l\u2019utilisation d\u2019adh\u00e9sifs capillaires sur le contour, et de colle capillaire sur la ligne frontale.<br \/>\nLes cheveux situ\u00e9s sur la base en tulle sont nou\u00e9s manuellement un par un. Les noeuds sont d\u00e9licatement blanchis et la densit\u00e9 est travaill\u00e9e graduellement.<\/p>\n<p>Votre compl\u00e9ment capillaire pour homme LCC au quotidien:<br \/>\nId\u00e9alement, r\u00e9aliser la premi\u00e8re pose et la coupe de votre compl\u00e9ment chez un professionnel.<br \/>\nSi vous devez couper la base de votre proth\u00e8se capillaire pour l\u2019adapter \u00e0 vos dimensions, toujours retailler par l\u2019arri\u00e8re, pour ne pas endommager la densit\u00e9 graduelle de la ligne frontale.<br \/>\nR\u00e9aliser la pose avec une colle capillaire adapt\u00e9e \u00e0 votre type de peau (test d\u2019allergie au pr\u00e9alable), au maximum tout les 2-3 semaines pour des raisons d\u2019hygi\u00e8ne.<br \/>\nRetirer et nettoyer les r\u00e9sidus de colle de votre compl\u00e9ment capillaire avec un solvant capillaire. Vous pouvez \u00e9galement un shampoing remover. Ne jamais retirer \u00ab \u00e0 sec \u00bb au risque de d\u00e9chirer la base.<br \/>\nLors des lavages, humidifier progressivement la chevelure \u00e0 l\u2019eau ti\u00e8de avant de la tremper int\u00e9gralement dans l\u2019eau.<br \/>\nUtiliser un shampoing doux, sans ammoniac et un conditionner r\u00e9guli\u00e8rement pour maintenir la chevelure de votre compl\u00e9ment capillaire hydrat\u00e9e.<br \/>\nLimitez l\u2019utilisation du s\u00e8che cheveux et favorisez le s\u00e9chage de votre chevelure \u00e0 l\u2019air libre.<br \/>\nLors des brossages, d\u00e9m\u00ealer uniquement les longueurs de la proth\u00e8se capillaire, sans contact avec la base pour ne pas l\u2019endommager.<br \/>\nEn \u00e9t\u00e9, utiliser r\u00e9guli\u00e8rement des produits sp\u00e9cifiques anti-UV pour pr\u00e9venir l\u2019\u00e9claircissement de la chevelure au soleil.<br \/>\nSi vous devez colorer votre compl\u00e9ment capillaire et que celui-ci contient des cheveux blancs, v\u00e9rifier qu\u2019il s\u2019agit bien de cheveux blanc synth\u00e9tiques<br \/>\nPr\u00e9venir la chute des cheveux : utiliser un Sealer apr\u00e8s chaque lavage pour renforcer la tenue des noeuds sur les base en tulle.<\/p>\n<table style=\"width: 100%; border: 1px solid #D7D7D7;\" data-ostyle=\"\">\n<tbody>\n<tr style=\"height: 50px;\">\n<td style=\"width: 30%; height: 35px; border-bottom: 1px solid #D7D7D7; border-right: 1px solid #D7D7D7; text-align: right; padding-left: 10px; padding-right: 10px;\"><b>Type de cheveux:<\/b><\/td>\n<td style=\"width: 70%; height: 35px; border-bottom: 1px solid #D7D7D7; padding-left: 10px; padding-right: 10px;\">Cheveux naturels Remy Hair<\/td>\n<\/tr>\n<tr style=\"height: 50px; background-color: #ececec;\">\n<td style=\"width: 30%; height: 35px; border-bottom: 1px solid #D7D7D7; border-right: 1px solid #D7D7D7; text-align: right; padding-left: 10px; padding-right: 10px;\"><b>Design Base<\/b><\/td>\n<td style=\"width: 70%; height: 35px; border-bottom: 1px solid #D7D7D7; padding-left: 10px; padding-right: 10px;\">Compl\u00e9ment Capillaire Pour Hommes Compos\u00e9 Totalement En Tulle Fran\u00e7ais<\/td>\n<\/tr>\n<tr style=\"height: 50px;\">\n<td style=\"width: 30%; height: 21px; border-bottom: 1px solid #D7D7D7; border-right: 1px solid #D7D7D7; text-align: right; padding-left: 10px; padding-right: 10px;\"><b>Misure della base<\/b><\/td>\n<td style=\"width: 70%; height: 21px; border-bottom: 1px solid #D7D7D7; padding-left: 10px; padding-right: 10px;\">longueur 25 cm x largeur 20 cm, longueur 25 cm x largeur 17 cm, longueur 22 cm x largeur 17 cm, longueur 20 cm x largeur 15 cm,peut \u00eatre coup\u00e9 \u00e0 n&rsquo;importe quelle taille<\/td>\n<\/tr>\n<tr style=\"height: 50px; background-color: #ececec;\">\n<td style=\"width: 30%; height: 21px; border-bottom: 1px solid #D7D7D7; border-right: 1px solid #D7D7D7; text-align: right; padding-left: 10px; padding-right: 10px;\"><b>Implantation<\/b><\/td>\n<td style=\"width: 70%; height: 21px; border-bottom: 1px solid #D7D7D7; padding-left: 10px; padding-right: 10px;\">Free Style<\/td>\n<\/tr>\n<tr style=\"height: 50px;\">\n<td style=\"width: 30%; height: 21px; border-bottom: 1px solid #D7D7D7; border-right: 1px solid #D7D7D7; text-align: right; padding-left: 10px; padding-right: 10px;\"><b>Base<\/b><\/td>\n<td style=\"width: 70%; height: 21px; border-bottom: 1px solid #D7D7D7; padding-left: 10px; padding-right: 10px;\">fran\u00e7aise lace<\/td>\n<\/tr>\n<tr style=\"height: 50px; background-color: #ececec;\">\n<td style=\"width: 30%; height: 21px; border-bottom: 1px solid #D7D7D7; border-right: 1px solid #D7D7D7; text-align: right; padding-left: 10px; padding-right: 10px;\"><b>Longueur Cheveux<\/b><\/td>\n<td style=\"width: 70%; height: 21px; border-bottom: 1px solid #D7D7D7; padding-left: 10px; padding-right: 10px;\">15 cm<\/td>\n<\/tr>\n<tr style=\"height: 50px;\">\n<td style=\"width: 30%; height: 21px; border-bottom: 1px solid #D7D7D7; border-right: 1px solid #D7D7D7; text-align: right; padding-left: 10px; padding-right: 10px;\"><b>Densit\u00e9<\/b><\/td>\n<td style=\"width: 70%; height: 21px; border-bottom: 1px solid #D7D7D7; padding-left: 10px; padding-right: 10px;\">120 %<\/td>\n<\/tr>\n<tr style=\"height: 50px; background-color: #ececec;\">\n<td style=\"width: 30%; height: 21px; border-bottom: 1px solid #D7D7D7; border-right: 1px solid #D7D7D7; text-align: right; padding-left: 10px; padding-right: 10px;\"><b>Coloris Cheveux<\/b><\/td>\n<td style=\"width: 70%; height: 21px; border-bottom: 1px solid #D7D7D7; padding-left: 10px; padding-right: 10px;\">#1, #1A, #1B, #1B10, #1B20, #1B40, #1B50,#1B60, #2, #210, #220, #240,#250, #3, #310, #320, #340,#350, #4, #410, #420, #430, #440, #450, #4ASH, #5, #6, #7, #7ASH, #18, #22<\/td>\n<\/tr>\n<\/tbody>\n<\/table>\n","protected":false},"excerpt":{"rendered":"<p>FFL est un standard tr\u00e8s appr\u00e9ci\u00e9. Ce compl\u00e9ment capillaire pour homme a une base a\u00e9r\u00e9e en tulle fran\u00e7ais qui offre \u00e0 la fois durabilit\u00e9 et confort, tout en restant tr\u00e8s discr\u00e8te. Elle s\u2019int\u00e8gre parfaitement dans le cuir chevelu permettant ainsi un rendu tr\u00e8s naturel sur la ligne frontale. Le compl\u00e9ment capillaire pour homme FFL est [&hellip;]<\/p>\n","protected":false},"featured_media":64,"comment_status":"open","ping_status":"closed","template":"","meta":{"rank_math_lock_modified_date":false,"site-sidebar-layout":"default","site-content-layout":"default","ast-site-content-layout":"","site-content-style":"default","site-sidebar-style":"default","ast-global-header-display":"","ast-banner-title-visibility":"","ast-main-header-display":"","ast-hfb-above-header-display":"","ast-hfb-below-header-display":"","ast-hfb-mobile-header-display":"","site-post-title":"","ast-breadcrumbs-content":"","ast-featured-img":"","footer-sml-layout":"","theme-transparent-header-meta":"default","adv-header-id-meta":"","stick-header-meta":"","header-above-stick-meta":"","header-main-stick-meta":"","header-below-stick-meta":"","astra-migrate-meta-layouts":"default","ast-page-background-enabled":"default","ast-page-background-meta":{"desktop":{"background-color":"var(--ast-global-color-4)","background-image":"","background-repeat":"repeat","background-position":"center center","background-size":"auto","background-attachment":"scroll","background-type":"","background-media":"","overlay-type":"","overlay-color":"","overlay-opacity":"","overlay-gradient":""},"tablet":{"background-color":"","background-image":"","background-repeat":"repeat","background-position":"center center","background-size":"auto","background-attachment":"scroll","background-type":"","background-media":"","overlay-type":"","overlay-color":"","overlay-opacity":"","overlay-gradient":""},"mobile":{"background-color":"","background-image":"","background-repeat":"repeat","background-position":"center center","background-size":"auto","background-attachment":"scroll","background-type":"","background-media":"","overlay-type":"","overlay-color":"","overlay-opacity":"","overlay-gradient":""}},"ast-content-background-meta":{"desktop":{"background-color":"var(--ast-global-color-5)","background-image":"","background-repeat":"repeat","background-position":"center center","background-size":"auto","background-attachment":"scroll","background-type":"","background-media":"","overlay-type":"","overlay-color":"","overlay-opacity":"","overlay-gradient":""},"tablet":{"background-color":"var(--ast-global-color-5)","background-image":"","background-repeat":"repeat","background-position":"center center","background-size":"auto","background-attachment":"scroll","background-type":"","background-media":"","overlay-type":"","overlay-color":"","overlay-opacity":"","overlay-gradient":""},"mobile":{"background-color":"var(--ast-global-color-5)","background-image":"","background-repeat":"repeat","background-position":"center center","background-size":"auto","background-attachment":"scroll","background-type":"","background-media":"","overlay-type":"","overlay-color":"","overlay-opacity":"","overlay-gradient":""}}},"product_cat":[15],"product_tag":[],"class_list":{"0":"post-63","1":"product","2":"type-product","3":"status-publish","4":"has-post-thumbnail","6":"product_cat-complements-capillaires-homme-en-dentelle","7":"desktop-align-left","8":"tablet-align-left","9":"mobile-align-left","11":"first","12":"instock","13":"shipping-taxable","14":"purchasable","15":"product-type-variable"},"_links":{"self":[{"href":"https:\/\/toupeewholesale.com\/fr\/wp-json\/wp\/v2\/product\/63","targetHints":{"allow":["GET"]}}],"collection":[{"href":"https:\/\/toupeewholesale.com\/fr\/wp-json\/wp\/v2\/product"}],"about":[{"href":"https:\/\/toupeewholesale.com\/fr\/wp-json\/wp\/v2\/types\/product"}],"replies":[{"embeddable":true,"href":"https:\/\/toupeewholesale.com\/fr\/wp-json\/wp\/v2\/comments?post=63"}],"wp:featuredmedia":[{"embeddable":true,"href":"https:\/\/toupeewholesale.com\/fr\/wp-json\/wp\/v2\/media\/64"}],"wp:attachment":[{"href":"https:\/\/toupeewholesale.com\/fr\/wp-json\/wp\/v2\/media?parent=63"}],"wp:term":[{"taxonomy":"product_cat","embeddable":true,"href":"https:\/\/toupeewholesale.com\/fr\/wp-json\/wp\/v2\/product_cat?post=63"},{"taxonomy":"product_tag","embeddable":true,"href":"https:\/\/toupeewholesale.com\/fr\/wp-json\/wp\/v2\/product_tag?post=63"}],"curies":[{"name":"wp","href":"https:\/\/api.w.org\/{rel}","templated":true}]}}