{"id":142,"date":"2023-06-17T11:07:51","date_gmt":"2023-06-17T09:07:51","guid":{"rendered":"https:\/\/toupeewholesale.com\/it\/\/?page_id=142"},"modified":"2023-06-30T05:14:31","modified_gmt":"2023-06-30T03:14:31","slug":"protesi-capelli-in-lace","status":"publish","type":"page","link":"https:\/\/toupeewholesale.com\/it\/protesi-capelli-in-lace\/","title":{"rendered":"lace"},"content":{"rendered":"<div class=\"wp-block-columns is-layout-flex wp-container-core-columns-is-layout-28f84493 wp-block-columns-is-layout-flex\"><div class=\"wp-block-column is-layout-flow wp-block-column-is-layout-flow\"><div class=\"wp-block-columns is-layout-flex wp-container-core-columns-is-layout-28f84493 wp-block-columns-is-layout-flex\"><div class=\"wp-block-column is-layout-flow wp-block-column-is-layout-flow\"><div class=\"wp-block-group is-vertical is-content-justification-center is-layout-flex wp-container-core-group-is-layout-ce155fab wp-block-group-is-layout-flex\"><figure class=\"wp-block-image size-full\"><a href=\"https:\/\/toupeewholesale.com\/it\/\/prodotto\/protesi-parziale-maschile-in-francese-lace\/\"><img loading=\"lazy\" decoding=\"async\" width=\"999\" height=\"999\" src=\"https:\/\/toupeewholesale.com\/it\/\/wp-content\/uploads\/2023\/06\/full-lace-3.jpg\" alt=\"Protesi Parziale Maschile in Francese Lace\" class=\"wp-image-71\" srcset=\"https:\/\/toupeewholesale.com\/it\/wp-content\/uploads\/2023\/06\/full-lace-3.jpg 999w, https:\/\/toupeewholesale.com\/it\/wp-content\/uploads\/2023\/06\/full-lace-3-600x600.jpg 600w, https:\/\/toupeewholesale.com\/it\/wp-content\/uploads\/2023\/06\/full-lace-3-100x100.jpg 100w, https:\/\/toupeewholesale.com\/it\/wp-content\/uploads\/2023\/06\/full-lace-3-300x300.jpg 300w, https:\/\/toupeewholesale.com\/it\/wp-content\/uploads\/2023\/06\/full-lace-3-150x150.jpg 150w, https:\/\/toupeewholesale.com\/it\/wp-content\/uploads\/2023\/06\/full-lace-3-768x768.jpg 768w\" sizes=\"auto, (max-width: 999px) 100vw, 999px\" \/><\/a><\/figure>\n\n<p class=\"has-text-align-center\"><a href=\"https:\/\/toupeewholesale.com\/it\/\/prodotto\/protesi-parziale-maschile-in-francese-lace\/\">Protesi Parziale Maschile in Francese Lace<\/a><\/p>\n\n<p class=\"has-vivid-red-color has-text-color\" style=\"font-size:25px\"><strong>\u20ac 279<\/strong><\/p><\/div><\/div>\n\n<div class=\"wp-block-column is-layout-flow wp-block-column-is-layout-flow\"><div class=\"wp-block-group is-vertical is-content-justification-center is-layout-flex wp-container-core-group-is-layout-ce155fab wp-block-group-is-layout-flex\"><figure class=\"wp-block-image size-full\"><a href=\"https:\/\/toupeewholesale.com\/it\/\/prodotto\/protesi-capillare-per-diradamento-capelli-in-lace-francese-e-pellicola-sottile\/\"><img loading=\"lazy\" decoding=\"async\" width=\"999\" height=\"999\" src=\"https:\/\/toupeewholesale.com\/it\/\/wp-content\/uploads\/2023\/06\/q6d-4.jpg\" alt=\"\" class=\"wp-image-82\" srcset=\"https:\/\/toupeewholesale.com\/it\/wp-content\/uploads\/2023\/06\/q6d-4.jpg 999w, https:\/\/toupeewholesale.com\/it\/wp-content\/uploads\/2023\/06\/q6d-4-600x600.jpg 600w, https:\/\/toupeewholesale.com\/it\/wp-content\/uploads\/2023\/06\/q6d-4-100x100.jpg 100w, https:\/\/toupeewholesale.com\/it\/wp-content\/uploads\/2023\/06\/q6d-4-300x300.jpg 300w, https:\/\/toupeewholesale.com\/it\/wp-content\/uploads\/2023\/06\/q6d-4-150x150.jpg 150w, https:\/\/toupeewholesale.com\/it\/wp-content\/uploads\/2023\/06\/q6d-4-768x768.jpg 768w\" sizes=\"auto, (max-width: 999px) 100vw, 999px\" \/><\/a><\/figure>\n\n<p class=\"has-text-align-center\"><a href=\"https:\/\/toupeewholesale.com\/it\/\/prodotto\/protesi-capillare-per-diradamento-capelli-in-lace-francese-e-pellicola-sottile\/\">Protesi Capillare per Diradamento Capelli in Lace Francese<\/a><\/p>\n\n<p class=\"has-vivid-red-color has-text-color\" style=\"font-size:25px\"><strong>\u20ac 279<\/strong><\/p><\/div><\/div><\/div><\/div>\n\n<div class=\"wp-block-column is-layout-flow wp-block-column-is-layout-flow\"><div class=\"wp-block-columns is-layout-flex wp-container-core-columns-is-layout-28f84493 wp-block-columns-is-layout-flex\"><div class=\"wp-block-column is-layout-flow wp-block-column-is-layout-flow\"><div class=\"wp-block-group is-vertical is-content-justification-center is-layout-flex wp-container-core-group-is-layout-ce155fab wp-block-group-is-layout-flex\"><figure class=\"wp-block-image size-full\"><a href=\"https:\/\/toupeewholesale.com\/it\/\/prodotto\/protesi-parziale-maschile-in-dura-lace\/\"><img loading=\"lazy\" decoding=\"async\" width=\"999\" height=\"999\" src=\"https:\/\/toupeewholesale.com\/it\/\/wp-content\/uploads\/2023\/06\/fdl-3.jpg\" alt=\"Protesi Parziale Maschile in Dura Lace\" class=\"wp-image-88\" srcset=\"https:\/\/toupeewholesale.com\/it\/wp-content\/uploads\/2023\/06\/fdl-3.jpg 999w, https:\/\/toupeewholesale.com\/it\/wp-content\/uploads\/2023\/06\/fdl-3-600x600.jpg 600w, https:\/\/toupeewholesale.com\/it\/wp-content\/uploads\/2023\/06\/fdl-3-100x100.jpg 100w, https:\/\/toupeewholesale.com\/it\/wp-content\/uploads\/2023\/06\/fdl-3-300x300.jpg 300w, https:\/\/toupeewholesale.com\/it\/wp-content\/uploads\/2023\/06\/fdl-3-150x150.jpg 150w, https:\/\/toupeewholesale.com\/it\/wp-content\/uploads\/2023\/06\/fdl-3-768x768.jpg 768w\" sizes=\"auto, (max-width: 999px) 100vw, 999px\" \/><\/a><\/figure>\n\n<p class=\"has-text-align-center\"><a href=\"https:\/\/toupeewholesale.com\/it\/\/prodotto\/protesi-parziale-maschile-in-dura-lace\/\">Protesi Parziale Maschile in Dura Lace<\/a><\/p>\n\n<p class=\"has-vivid-red-color has-text-color\" style=\"font-size:25px\"><strong>\u20ac 259<\/strong><\/p><\/div><\/div>\n\n<div class=\"wp-block-column is-layout-flow wp-block-column-is-layout-flow\"><div class=\"wp-block-group is-vertical is-content-justification-center is-layout-flex wp-container-core-group-is-layout-ce155fab wp-block-group-is-layout-flex\"><figure class=\"wp-block-image size-full\"><a href=\"https:\/\/toupeewholesale.com\/it\/\/prodotto\/dura-lace-con-cute-sottile-per-capelli-diradati\/\"><img loading=\"lazy\" decoding=\"async\" width=\"999\" height=\"999\" src=\"https:\/\/toupeewholesale.com\/it\/\/wp-content\/uploads\/2023\/06\/q6d-4.jpg\" alt=\"\" class=\"wp-image-82\" srcset=\"https:\/\/toupeewholesale.com\/it\/wp-content\/uploads\/2023\/06\/q6d-4.jpg 999w, https:\/\/toupeewholesale.com\/it\/wp-content\/uploads\/2023\/06\/q6d-4-600x600.jpg 600w, https:\/\/toupeewholesale.com\/it\/wp-content\/uploads\/2023\/06\/q6d-4-100x100.jpg 100w, https:\/\/toupeewholesale.com\/it\/wp-content\/uploads\/2023\/06\/q6d-4-300x300.jpg 300w, https:\/\/toupeewholesale.com\/it\/wp-content\/uploads\/2023\/06\/q6d-4-150x150.jpg 150w, https:\/\/toupeewholesale.com\/it\/wp-content\/uploads\/2023\/06\/q6d-4-768x768.jpg 768w\" sizes=\"auto, (max-width: 999px) 100vw, 999px\" \/><\/a><\/figure>\n\n<p class=\"has-text-align-center\"><a href=\"https:\/\/toupeewholesale.com\/it\/\/prodotto\/dura-lace-con-cute-sottile-per-capelli-diradati\/\">Dura Lace con cute sottile per capelli diradati<\/a><\/p>\n\n<p class=\"has-vivid-red-color has-text-color\" style=\"font-size:25px\"><strong>\u20ac 259<\/strong><\/p><\/div><\/div><\/div><\/div><\/div><h2 class=\"wp-block-heading has-text-align-center\" style=\"margin-top:var(--wp--preset--spacing--80);margin-right:0;font-size:25px;text-transform:capitalize\">PROTESI CAPELLI LACE: CARATTERISTICHE<\/h2><p>Il motivo per cui le protesi lace sono ad oggi le pi\u00f9 ricercate sta proprio nel fatto che si tratta di una base estremamente adattabile a diverse tipologie di individui.<\/p><p>In generale possiamo dire che la base in lace altro non \u00e8 che un sottilissimo strato di tulle sotto forma di retina; questa descrizione \u00e8 molto semplicistica ma \u00e8 forse l\u2019unica ad avvicinarsi all\u2019idea che si potrebbe avere vedendola e provandola fisicamente.<\/p><p>Le sue caratteristiche e peculiarit\u00e0 la rendono invisibile ad occhio umano; per questo, una volta applicata con dovizia, non sar\u00e0 possibile individuarla tra capelli (di qualsiasi colore essi siano) e la pelle della testa (per ogni tipo di carnagione).<\/p><h2 class=\"wp-block-heading has-text-align-center\" style=\"margin-top:var(--wp--preset--spacing--80);font-size:25px\">PERCH\u00c9 SCEGLIERE UNA PROTESI LACE<\/h2><p>I motivi per cui scegliere una protesi capelli in lace sono davvero moltissimi, ma cercheremo di elencare le principali ragioni che rendono questo materiale preferibile per la maggioranza dei trattamenti di infoltimento capelli:<\/p><p>Trasparenza: se si cerca la totale invisibilit\u00e0, il lace \u00e8 la base che fa per voi. Molti la scelgono per il fatto che la base lace permette di lasciare scoperto il front senza che si percepisca lo stacco (capelli tirati indietro).<br>Comfort: il lace \u00e8 il materiale adatto a voi se soffrite particolarmente il caldo e in ogni caso se avete bisogno di un sistema efficiente e totalmente traspirante. La retina permette il passaggio dell\u2019aria senza ostacolarlo, vi scorderete di indossare una protesi!<br>Volume: i capelli non saranno affatto appiattiti, anzi, il lace permette di sfoggiare un volume invidiabile che vi permetter\u00e0 di pettinare senza problemi i capelli in ogni direzione.<\/p><p>Categorie pi\u00f9 popolari: <a href=\"https:\/\/toupeewholesale.com\/it\/\/\">infoltimento capelli<\/a><\/p>","protected":false},"excerpt":{"rendered":"<p>Protesi Parziale Maschile in Francese Lace \u20ac 279 Protesi Capillare per Diradamento Capelli in Lace Francese \u20ac 279 Protesi Parziale Maschile in Dura Lace \u20ac 259 Dura Lace con cute sottile per capelli diradati \u20ac 259 PROTESI CAPELLI LACE: CARATTERISTICHE Il motivo per cui le protesi lace sono ad oggi le pi\u00f9 ricercate sta proprio [&hellip;]<\/p>\n","protected":false},"author":1,"featured_media":0,"parent":0,"menu_order":0,"comment_status":"closed","ping_status":"closed","template":"","meta":{"rank_math_lock_modified_date":false,"site-sidebar-layout":"default","site-content-layout":"","ast-site-content-layout":"","site-content-style":"default","site-sidebar-style":"default","ast-global-header-display":"","ast-banner-title-visibility":"","ast-main-header-display":"","ast-hfb-above-header-display":"","ast-hfb-below-header-display":"","ast-hfb-mobile-header-display":"","site-post-title":"disabled","ast-breadcrumbs-content":"","ast-featured-img":"","footer-sml-layout":"","theme-transparent-header-meta":"","adv-header-id-meta":"","stick-header-meta":"","header-above-stick-meta":"","header-main-stick-meta":"","header-below-stick-meta":"","astra-migrate-meta-layouts":"default","ast-page-background-enabled":"default","ast-page-background-meta":{"desktop":{"background-color":"var(--ast-global-color-4)","background-image":"","background-repeat":"repeat","background-position":"center center","background-size":"auto","background-attachment":"scroll","background-type":"","background-media":"","overlay-type":"","overlay-color":"","overlay-opacity":"","overlay-gradient":""},"tablet":{"background-color":"","background-image":"","background-repeat":"repeat","background-position":"center center","background-size":"auto","background-attachment":"scroll","background-type":"","background-media":"","overlay-type":"","overlay-color":"","overlay-opacity":"","overlay-gradient":""},"mobile":{"background-color":"","background-image":"","background-repeat":"repeat","background-position":"center center","background-size":"auto","background-attachment":"scroll","background-type":"","background-media":"","overlay-type":"","overlay-color":"","overlay-opacity":"","overlay-gradient":""}},"ast-content-background-meta":{"desktop":{"background-color":"var(--ast-global-color-5)","background-image":"","background-repeat":"repeat","background-position":"center center","background-size":"auto","background-attachment":"scroll","background-type":"","background-media":"","overlay-type":"","overlay-color":"","overlay-opacity":"","overlay-gradient":""},"tablet":{"background-color":"var(--ast-global-color-5)","background-image":"","background-repeat":"repeat","background-position":"center center","background-size":"auto","background-attachment":"scroll","background-type":"","background-media":"","overlay-type":"","overlay-color":"","overlay-opacity":"","overlay-gradient":""},"mobile":{"background-color":"var(--ast-global-color-5)","background-image":"","background-repeat":"repeat","background-position":"center center","background-size":"auto","background-attachment":"scroll","background-type":"","background-media":"","overlay-type":"","overlay-color":"","overlay-opacity":"","overlay-gradient":""}},"footnotes":""},"class_list":["post-142","page","type-page","status-publish","hentry"],"_links":{"self":[{"href":"https:\/\/toupeewholesale.com\/it\/wp-json\/wp\/v2\/pages\/142","targetHints":{"allow":["GET"]}}],"collection":[{"href":"https:\/\/toupeewholesale.com\/it\/wp-json\/wp\/v2\/pages"}],"about":[{"href":"https:\/\/toupeewholesale.com\/it\/wp-json\/wp\/v2\/types\/page"}],"author":[{"embeddable":true,"href":"https:\/\/toupeewholesale.com\/it\/wp-json\/wp\/v2\/users\/1"}],"replies":[{"embeddable":true,"href":"https:\/\/toupeewholesale.com\/it\/wp-json\/wp\/v2\/comments?post=142"}],"version-history":[{"count":2,"href":"https:\/\/toupeewholesale.com\/it\/wp-json\/wp\/v2\/pages\/142\/revisions"}],"predecessor-version":[{"id":392,"href":"https:\/\/toupeewholesale.com\/it\/wp-json\/wp\/v2\/pages\/142\/revisions\/392"}],"wp:attachment":[{"href":"https:\/\/toupeewholesale.com\/it\/wp-json\/wp\/v2\/media?parent=142"}],"curies":[{"name":"wp","href":"https:\/\/api.w.org\/{rel}","templated":true}]}}