{"id":26,"date":"2023-07-01T03:57:49","date_gmt":"2023-07-01T01:57:49","guid":{"rendered":"https:\/\/toupeewholesale.com\/it\/\/?page_id=26"},"modified":"2023-07-01T03:57:51","modified_gmt":"2023-07-01T01:57:51","slug":"rimborso_reso","status":"publish","type":"page","link":"https:\/\/toupeewholesale.com\/it\/rimborso_reso\/","title":{"rendered":"Politica di rimborso e reso"},"content":{"rendered":"<p style=\"margin-top:var(--wp--preset--spacing--80)\">Per noi \u00e8 importante che siate completamente soddisfatti del vostro acquisto. Per qualsiasi motivo non siate assolutamente soddisfatti della vostra selezione, siamo lieti di offrire resi e cambi gratuiti di articoli non alterati, non indossati, non lavati, non danneggiati e nella confezione originale, con timbro postale entro 30 giorni.<\/p><h2 class=\"wp-block-heading\" style=\"font-size:25px\">Ecco alcune domande frequenti sulla nostra politica di restituzione:<\/h2><h3 class=\"wp-block-heading\" style=\"font-size:25px\">1. COME SI EFFETTUA UNA RESTITUZIONE?<\/h3><p>Facile: inviateci un&#8217;e-mail all&#8217;indirizzo support@toupeewholesale.com e comunicateci il vostro numero d&#8217;ordine per evitare qualsiasi malinteso; nella mail che ci inviate spiegate dettagliatamente il problema riscontrato con il prodotto e aggiungete anche delle foto del prodotto che mostrino il danno. Vi forniremo quindi le istruzioni e l&#8217;indirizzo per la spedizione del prodotto da restituire. Tutti gli articoli restituiti saranno ispezionati per verificare se sono idonei per un rimborso, in quanto la merce usata non sar\u00e0 rimborsata. Gli ordini su misura non possono essere cambiati e restituiti, tranne che per i nostri errori.<\/p><h3 class=\"wp-block-heading\" style=\"font-size:25px\">2. QUANDO RICEVER\u00d2 IL RIMBORSO?<\/h3><p>Un rimborso completo sar\u00e0 fornito da PayPal dopo che avremo ricevuto, ispezionato e confermato che i capelli restituiti non sono stati utilizzati. Tutti i clienti devono contattarci dopo aver rispedito il pacco e fornirci le informazioni di tracciamento per poter elaborare il rimborso. L&#8217;elaborazione del rimborso richieder\u00e0 fino a 3-5 giorni lavorativi.<\/p><p><strong>Rimborsi in ritardo o mancanti (se applicabile)<\/strong><\/p><p>Se non avete ancora ricevuto il rimborso, controllate nuovamente il vostro conto bancario. Se i fondi non sono ancora stati ricevuti, contattate la societ\u00e0 della carta di credito: potrebbe volerci del tempo prima che il rimborso venga visualizzato sul vostro conto. Se ancora non vedete il vostro rimborso, contattate la vostra banca. Anche in questo caso, spesso ci vuole un certo tempo di elaborazione prima che il rimborso appaia. Se avete fatto tutto questo e non avete ancora ricevuto il rimborso, contattateci all&#8217;indirizzo email:support@toupeewholesale.com.<\/p><h3 class=\"wp-block-heading\">3. DEVO PAGARE LA SPEDIZIONE DEL MIO RESO?<\/h3><p>S\u00ec, le spese di spedizione per la restituzione sono a carico del cliente.<\/p><h3 class=\"wp-block-heading\" style=\"font-size:25px\">4. COME POSSO CONTATTARVI?<\/h3><p>Potete contattarci via e-mail all&#8217;indirizzo support@toupeewholesale.com. Il team del Servizio Clienti \u00e8 attivo sette giorni su sette, 24 ore al giorno. Garantiamo sempre una risposta entro 24 ore e saremo lieti di aiutarvi!<\/p><p>Ecco alcune FAQ relative alla nostra politica di sostituzione:<\/p><h2 class=\"wp-block-heading\" style=\"font-size:25px\">1. POSSO CAMBIARE IL MIO ORDINE?<\/h2><p>S\u00ec. Saremo lieti di accettare il vostro articolo per un cambio entro 30 giorni, a condizione che non sia stato tagliato, acconciato, colorato, lavato o indossato. Per eventuali differenze di prezzo tra gli articoli sostituiti, vi addebiteremo un supplemento o vi riaccrediteremo il sovrapprezzo. Gli ordini su misura non possono essere cambiati e restituiti, tranne che per nostri errori.<\/p><h3 class=\"wp-block-heading\">2. DEVO PAGARE LA SPEDIZIONE DEL MIO SCAMBIO?<\/h3><p>S\u00ec, le spese di spedizione per la sostituzione sono a carico del cliente.<\/p><h3 class=\"wp-block-heading\">3. QUANDO RICEVER\u00d2 IL MIO SCAMBIO?<\/h3><p>Vi invieremo i capelli sostituiti dopo aver ricevuto, ispezionato e confermato che i capelli restituiti non sono stati utilizzati. Tutti i clienti devono contattarci dopo aver rispedito il pacco e fornirci i dati di tracciabilit\u00e0 del set rispedito, per consentirci di effettuare l&#8217;ordine di sostituzione. L&#8217;elaborazione di tutti gli ordini richiede 1-2 giorni lavorativi dal momento in cui vengono inseriti nel nostro sistema.<\/p><h3 class=\"wp-block-heading\">4. COME POSSO RICEVERE VELOCEMENTE IL MIO SCAMBIO?<\/h3><p>\u00c8 possibile effettuare un nuovo ordine online; invieremo il nuovo acquisto dopo aver ricevuto il pagamento. Una volta ricevuto ed elaborato il prodotto restituito idoneo, emetteremo il rimborso o il credito di negozio senza data di scadenza.<\/p><h3 class=\"wp-block-heading\">5. Accessori:<\/h3><p>Il rimborso pu\u00f2 essere effettuato solo se la confezione \u00e8 integra.<\/p><h3 class=\"wp-block-heading\">6. Indirizzo di ritorno<\/h3><p>inviateci un&#8217;e-mail all&#8217;indirizzo support@toupeewholesale.com e vi forniremo le istruzioni e l&#8217;indirizzo di restituzione per spedire il vostro set.<\/p><h3 class=\"wp-block-heading\">7. Spese di gestione del reso<\/h3><p>Non addebitiamo alcuna spesa per la gestione dei resi, ma i clienti sono responsabili dei costi di sdoganamento. Si prega di contattare il Servizio Clienti per ulteriori questions.email:support@toupeewholesale.com<\/p><h3 class=\"wp-block-heading\">8. annullare l&#8217;ordine<\/h3><p>toupeewholesale accetta cancellazioni di ordini prima che il prodotto sia spedito o prodotto. Se l&#8217;ordine viene annullato, si otterr\u00e0 un rimborso completo. Non \u00e8 possibile annullare l&#8217;ordine se il prodotto \u00e8 gi\u00e0 stato spedito. Se l&#8217;ordine \u00e8 gi\u00e0 stato spedito, \u00e8 necessario attendere di ricevere il prodotto e quindi elaborare un reso.<\/p><p>Se si desidera annullare un ordine, si prega di inviare un&#8217;e-mail all&#8217;indirizzo support@toupeewholesale.com e noi provvederemo a informarvi e a elaborare l&#8217;annullamento, se possibile.<\/p><h3 class=\"wp-block-heading\">9. altri problemi<\/h3><p>Per ulteriori informazioni, contattare il Servizio clienti questions.email:support@toupeewholesale.com.<\/p>","protected":false},"excerpt":{"rendered":"<p>Per noi \u00e8 importante che siate completamente soddisfatti del vostro acquisto. Per qualsiasi motivo non siate assolutamente soddisfatti della vostra selezione, siamo lieti di offrire resi e cambi gratuiti di articoli non alterati, non indossati, non lavati, non danneggiati e nella confezione originale, con timbro postale entro 30 giorni. Ecco alcune domande frequenti sulla nostra [&hellip;]<\/p>\n","protected":false},"author":1,"featured_media":0,"parent":0,"menu_order":0,"comment_status":"closed","ping_status":"closed","template":"","meta":{"rank_math_lock_modified_date":false,"site-sidebar-layout":"default","site-content-layout":"","ast-site-content-layout":"","site-content-style":"default","site-sidebar-style":"default","ast-global-header-display":"","ast-banner-title-visibility":"","ast-main-header-display":"","ast-hfb-above-header-display":"","ast-hfb-below-header-display":"","ast-hfb-mobile-header-display":"","site-post-title":"","ast-breadcrumbs-content":"","ast-featured-img":"","footer-sml-layout":"","theme-transparent-header-meta":"","adv-header-id-meta":"","stick-header-meta":"","header-above-stick-meta":"","header-main-stick-meta":"","header-below-stick-meta":"","astra-migrate-meta-layouts":"default","ast-page-background-enabled":"default","ast-page-background-meta":{"desktop":{"background-color":"var(--ast-global-color-4)","background-image":"","background-repeat":"repeat","background-position":"center center","background-size":"auto","background-attachment":"scroll","background-type":"","background-media":"","overlay-type":"","overlay-color":"","overlay-opacity":"","overlay-gradient":""},"tablet":{"background-color":"","background-image":"","background-repeat":"repeat","background-position":"center center","background-size":"auto","background-attachment":"scroll","background-type":"","background-media":"","overlay-type":"","overlay-color":"","overlay-opacity":"","overlay-gradient":""},"mobile":{"background-color":"","background-image":"","background-repeat":"repeat","background-position":"center center","background-size":"auto","background-attachment":"scroll","background-type":"","background-media":"","overlay-type":"","overlay-color":"","overlay-opacity":"","overlay-gradient":""}},"ast-content-background-meta":{"desktop":{"background-color":"var(--ast-global-color-5)","background-image":"","background-repeat":"repeat","background-position":"center center","background-size":"auto","background-attachment":"scroll","background-type":"","background-media":"","overlay-type":"","overlay-color":"","overlay-opacity":"","overlay-gradient":""},"tablet":{"background-color":"var(--ast-global-color-5)","background-image":"","background-repeat":"repeat","background-position":"center center","background-size":"auto","background-attachment":"scroll","background-type":"","background-media":"","overlay-type":"","overlay-color":"","overlay-opacity":"","overlay-gradient":""},"mobile":{"background-color":"var(--ast-global-color-5)","background-image":"","background-repeat":"repeat","background-position":"center center","background-size":"auto","background-attachment":"scroll","background-type":"","background-media":"","overlay-type":"","overlay-color":"","overlay-opacity":"","overlay-gradient":""}},"footnotes":""},"class_list":["post-26","page","type-page","status-publish","hentry"],"_links":{"self":[{"href":"https:\/\/toupeewholesale.com\/it\/wp-json\/wp\/v2\/pages\/26","targetHints":{"allow":["GET"]}}],"collection":[{"href":"https:\/\/toupeewholesale.com\/it\/wp-json\/wp\/v2\/pages"}],"about":[{"href":"https:\/\/toupeewholesale.com\/it\/wp-json\/wp\/v2\/types\/page"}],"author":[{"embeddable":true,"href":"https:\/\/toupeewholesale.com\/it\/wp-json\/wp\/v2\/users\/1"}],"replies":[{"embeddable":true,"href":"https:\/\/toupeewholesale.com\/it\/wp-json\/wp\/v2\/comments?post=26"}],"version-history":[{"count":1,"href":"https:\/\/toupeewholesale.com\/it\/wp-json\/wp\/v2\/pages\/26\/revisions"}],"predecessor-version":[{"id":396,"href":"https:\/\/toupeewholesale.com\/it\/wp-json\/wp\/v2\/pages\/26\/revisions\/396"}],"wp:attachment":[{"href":"https:\/\/toupeewholesale.com\/it\/wp-json\/wp\/v2\/media?parent=26"}],"curies":[{"name":"wp","href":"https:\/\/api.w.org\/{rel}","templated":true}]}}