{"id":398,"date":"2023-07-01T04:26:05","date_gmt":"2023-07-01T02:26:05","guid":{"rendered":"https:\/\/toupeewholesale.com\/it\/\/?page_id=398"},"modified":"2023-07-01T04:26:07","modified_gmt":"2023-07-01T02:26:07","slug":"chi-siamo","status":"publish","type":"page","link":"https:\/\/toupeewholesale.com\/it\/chi-siamo\/","title":{"rendered":"Chi Siamo"},"content":{"rendered":"<h2 class=\"wp-block-heading has-text-align-center\">SU TOUPEEWHOLESALE<\/h2><p class=\"has-text-align-center\">Ingrosso di parrucchini e sistemi per capelli Fabbricazione.<\/p><div class=\"wp-block-columns is-layout-flex wp-container-core-columns-is-layout-28f84493 wp-block-columns-is-layout-flex\"><div class=\"wp-block-column is-layout-flow wp-block-column-is-layout-flow\"><div class=\"wp-block-media-text alignwide is-stacked-on-mobile\"><figure class=\"wp-block-media-text__media\"><img loading=\"lazy\" decoding=\"async\" width=\"779\" height=\"472\" src=\"https:\/\/toupeewholesale.com\/it\/\/wp-content\/uploads\/2023\/07\/factory.jpg\" alt=\"\" class=\"wp-image-399 size-full\" srcset=\"https:\/\/toupeewholesale.com\/it\/wp-content\/uploads\/2023\/07\/factory.jpg 779w, https:\/\/toupeewholesale.com\/it\/wp-content\/uploads\/2023\/07\/factory-600x364.jpg 600w, https:\/\/toupeewholesale.com\/it\/wp-content\/uploads\/2023\/07\/factory-300x182.jpg 300w, https:\/\/toupeewholesale.com\/it\/wp-content\/uploads\/2023\/07\/factory-768x465.jpg 768w\" sizes=\"auto, (max-width: 779px) 100vw, 779px\" \/><\/figure><div class=\"wp-block-media-text__content\"><p>OEM per la sostituzione non chirurgica dei capelli.<\/p>\n\n<p>Siamo stabiliti a Qingdao e forniamo l&#8217;industria dei capelli da quasi 30 anni, abbiamo 2 moderne strutture di fabbrica nella periferia di Qingdao.<\/p>\n\n<p>30 anni sul campo, la fabbrica si sta specializzando in pezzi di capelli da uomo, dal momento che i nostri professionisti hanno pi\u00f9 esperienze su questo campo in termini di essere in grado di fare pi\u00f9 alta qualit\u00e0.<\/p>\n\n<p>toupeewholesale hair system \u00e8 orgogliosa di utilizzare materiale di provenienza etica e personale altamente esperto che crea bellissimi sistemi di capelli per molti grandi marchi in tutto il mondo. Naturalmente possiamo anche effettuare ordini personalizzati o preparare in anticipo l&#8217;inventario secondo le vostre specifiche in base alle vostre esigenze.<\/p>\n\n<p>Ordine personalizzato: i nostri clienti preferiscono specificare le unit\u00e0 per capelli in base al loro mercato o al loro designer specializzato. Ordini in stock: per una spedizione immediata, disponiamo di circa 80.000 unit\u00e0 in stock, selezionate tra le pi\u00f9 vendute e quelle pi\u00f9 frequentemente richieste dai nostri membri.<\/p>\n\n<p>Se c&#8217;\u00e8 qualcosa che possiamo organizzare per voi o se avete ulteriori domande, non esitate a contattarmi direttamente.<\/p><\/div><\/div><\/div><\/div><h2 class=\"wp-block-heading has-text-align-center\" style=\"margin-top:var(--wp--preset--spacing--80)\">SU DI NOI<\/h2><div class=\"wp-block-columns is-layout-flex wp-container-core-columns-is-layout-28f84493 wp-block-columns-is-layout-flex\"><div class=\"wp-block-column is-layout-flow wp-block-column-is-layout-flow\"><div class=\"wp-block-media-text alignwide has-media-on-the-right is-stacked-on-mobile\"><div class=\"wp-block-media-text__content\"><p><strong>pezzo Fabbrica<\/strong><\/p>\n\n<ol class=\"wp-block-list\"><\/ol>\n\n<p>Essendo uno dei maggiori produttori di sistemi di capelli e parrucche per i distributori, la nostra fabbrica copre un&#8217;area di 4000 km\u00b2. Impieghiamo oltre 100 artigiani qualificati. Il nostro team di esperti lavora con le attrezzature pi\u00f9 moderne per realizzare prodotti di alta qualit\u00e0. L&#8217;investimento nella nostra fabbrica ci ha permesso di raggiungere un alto livello di produzione per produrre oltre 15.000 sistemi di capelli al mese.<\/p>\n\n<p>Questo ci permette di soddisfare tutte le esigenze dei nostri clienti. Ciascuna delle nostre acconciature viene sottoposta a una serie di processi di controllo della qualit\u00e0. Questo include sei cicli di ispezioni di qualit\u00e0 nel processo di produzione per garantire che ogni sistema di capelli soddisfi gli standard pi\u00f9 elevati. I nostri clienti contano sul fatto che la nostra fabbrica produca costantemente sistemi di capelli della massima qualit\u00e0 per le loro aziende.<\/p><\/div><figure class=\"wp-block-media-text__media\"><img loading=\"lazy\" decoding=\"async\" width=\"779\" height=\"551\" src=\"https:\/\/toupeewholesale.com\/it\/\/wp-content\/uploads\/2023\/07\/factory1.jpg\" alt=\"\" class=\"wp-image-400 size-full\" srcset=\"https:\/\/toupeewholesale.com\/it\/wp-content\/uploads\/2023\/07\/factory1.jpg 779w, https:\/\/toupeewholesale.com\/it\/wp-content\/uploads\/2023\/07\/factory1-600x424.jpg 600w, https:\/\/toupeewholesale.com\/it\/wp-content\/uploads\/2023\/07\/factory1-300x212.jpg 300w, https:\/\/toupeewholesale.com\/it\/wp-content\/uploads\/2023\/07\/factory1-768x543.jpg 768w\" sizes=\"auto, (max-width: 779px) 100vw, 779px\" \/><\/figure><\/div><\/div><\/div><div class=\"wp-block-columns is-layout-flex wp-container-core-columns-is-layout-28f84493 wp-block-columns-is-layout-flex\"><div class=\"wp-block-column is-layout-flow wp-block-column-is-layout-flow\"><div class=\"wp-block-media-text alignwide is-stacked-on-mobile\"><figure class=\"wp-block-media-text__media\"><img loading=\"lazy\" decoding=\"async\" width=\"1024\" height=\"508\" src=\"https:\/\/toupeewholesale.com\/it\/\/wp-content\/uploads\/2023\/07\/1-1024x508.jpg\" alt=\"\" class=\"wp-image-401 size-full\" srcset=\"https:\/\/toupeewholesale.com\/it\/wp-content\/uploads\/2023\/07\/1-1024x508.jpg 1024w, https:\/\/toupeewholesale.com\/it\/wp-content\/uploads\/2023\/07\/1-600x298.jpg 600w, https:\/\/toupeewholesale.com\/it\/wp-content\/uploads\/2023\/07\/1-300x149.jpg 300w, https:\/\/toupeewholesale.com\/it\/wp-content\/uploads\/2023\/07\/1-768x381.jpg 768w, https:\/\/toupeewholesale.com\/it\/wp-content\/uploads\/2023\/07\/1.jpg 1160w\" sizes=\"auto, (max-width: 1024px) 100vw, 1024px\" \/><\/figure><div class=\"wp-block-media-text__content\"><p><strong>Sede centrale<\/strong><\/p>\n\n<ol class=\"wp-block-list\" start=\"2\"><\/ol>\n\n<p>La nostra sede centrale \u00e8 composta da numerosi reparti, tra cui il controllo qualit\u00e0, il servizio clienti, la progettazione, l&#8217;assistenza tecnica, la catena di fornitura e un team operativo. Il nostro team di assistenza clienti altamente specializzato \u00e8 disponibile 24 ore su 24. Il nostro team parla correntemente inglese, spagnolo, francese e tedesco. Potete aspettarvi un servizio rapido e cordiale quando vi rivolgete a loro.<\/p><\/div><\/div><\/div><\/div><div class=\"wp-block-columns is-layout-flex wp-container-core-columns-is-layout-28f84493 wp-block-columns-is-layout-flex\"><div class=\"wp-block-column is-layout-flow wp-block-column-is-layout-flow\"><div class=\"wp-block-media-text alignwide has-media-on-the-right is-stacked-on-mobile\"><div class=\"wp-block-media-text__content\"><p>Apprezziamo i nostri clienti internazionali, per cui \u00e8 importante essere in grado di comunicare con i nostri clienti indipendentemente dal loro fuso orario o dalla loro posizione. Il nostro personale professionale vi garantir\u00e0 di trovare i sistemi per capelli di cui avete bisogno e di eseguire l&#8217;ordine in modo efficiente. Abbiamo un eccellente team di controllo che garantisce una qualit\u00e0 elevata e costante durante tutta la produzione. Offrendo i nostri prodotti ai vostri clienti, il vostro marchio sar\u00e0 rispettato e celebrato nel tempo.<\/p><\/div><figure class=\"wp-block-media-text__media\"><img loading=\"lazy\" decoding=\"async\" width=\"779\" height=\"372\" src=\"https:\/\/toupeewholesale.com\/it\/\/wp-content\/uploads\/2023\/07\/factory3.jpg\" alt=\"\" class=\"wp-image-402 size-full\" srcset=\"https:\/\/toupeewholesale.com\/it\/wp-content\/uploads\/2023\/07\/factory3.jpg 779w, https:\/\/toupeewholesale.com\/it\/wp-content\/uploads\/2023\/07\/factory3-600x287.jpg 600w, https:\/\/toupeewholesale.com\/it\/wp-content\/uploads\/2023\/07\/factory3-300x143.jpg 300w, https:\/\/toupeewholesale.com\/it\/wp-content\/uploads\/2023\/07\/factory3-768x367.jpg 768w\" sizes=\"auto, (max-width: 779px) 100vw, 779px\" \/><\/figure><\/div><\/div><\/div><div class=\"wp-block-columns is-layout-flex wp-container-core-columns-is-layout-28f84493 wp-block-columns-is-layout-flex\"><div class=\"wp-block-column is-layout-flow wp-block-column-is-layout-flow\"><div class=\"wp-block-media-text alignwide is-stacked-on-mobile\"><figure class=\"wp-block-media-text__media\"><img loading=\"lazy\" decoding=\"async\" width=\"779\" height=\"174\" src=\"https:\/\/toupeewholesale.com\/it\/\/wp-content\/uploads\/2023\/07\/factory4.jpg\" alt=\"\" class=\"wp-image-403 size-full\" srcset=\"https:\/\/toupeewholesale.com\/it\/wp-content\/uploads\/2023\/07\/factory4.jpg 779w, https:\/\/toupeewholesale.com\/it\/wp-content\/uploads\/2023\/07\/factory4-600x134.jpg 600w, https:\/\/toupeewholesale.com\/it\/wp-content\/uploads\/2023\/07\/factory4-300x67.jpg 300w, https:\/\/toupeewholesale.com\/it\/wp-content\/uploads\/2023\/07\/factory4-768x172.jpg 768w\" sizes=\"auto, (max-width: 779px) 100vw, 779px\" \/><\/figure><div class=\"wp-block-media-text__content\"><p>Inoltre, nel nostro studio disponiamo di un team di parrucchieri professionisti in grado di fornire servizi completi di parrucchino. Tutti i nostri reparti sono trasparenti quando si tratta di condividere le informazioni. Questo permette al cliente di avere un&#8217;esperienza senza soluzione di continuit\u00e0 quando lavora con noi. I membri del personale sono pienamente qualificati per gestire qualsiasi domanda prima e dopo ogni vendita.<\/p><\/div><\/div><\/div><\/div><div class=\"wp-block-columns is-layout-flex wp-container-core-columns-is-layout-28f84493 wp-block-columns-is-layout-flex\"><div class=\"wp-block-column is-layout-flow wp-block-column-is-layout-flow\"><div class=\"wp-block-media-text alignwide has-media-on-the-right is-stacked-on-mobile\"><div class=\"wp-block-media-text__content\"><p>Toupeewholesale dispone di oltre 30.000 sistemi per capelli in pi\u00f9 di 40 modelli diversi e oltre 60 colori, pronti per la spedizione immediata. Per i vostri clienti \u00e8 disponibile una grande variet\u00e0 di modelli di sistemi per capelli, tra cui toupet in pizzo, skin e mono per gli uomini, nonch\u00e9 parrucche a calotta intera, topper per capelli, integrazioni per capelli ed estensioni per capelli per le donne.<\/p>\n\n<p>Abbiamo anche molti tipi di accessori come nastri, anelli di colore, tabelle del volume dei capelli, tabelle della densit\u00e0 dei capelli e persino manichini per aiutarvi a gestire meglio la vostra attivit\u00e0. Tutto pu\u00f2 essere consegnato entro 3-5 giorni lavorativi dalla data di spedizione.<\/p><\/div><figure class=\"wp-block-media-text__media\"><img loading=\"lazy\" decoding=\"async\" width=\"779\" height=\"461\" src=\"https:\/\/toupeewholesale.com\/it\/\/wp-content\/uploads\/2023\/07\/factory5.jpg\" alt=\"\" class=\"wp-image-405 size-full\" srcset=\"https:\/\/toupeewholesale.com\/it\/wp-content\/uploads\/2023\/07\/factory5.jpg 779w, https:\/\/toupeewholesale.com\/it\/wp-content\/uploads\/2023\/07\/factory5-600x355.jpg 600w, https:\/\/toupeewholesale.com\/it\/wp-content\/uploads\/2023\/07\/factory5-300x178.jpg 300w, https:\/\/toupeewholesale.com\/it\/wp-content\/uploads\/2023\/07\/factory5-768x454.jpg 768w\" sizes=\"auto, (max-width: 779px) 100vw, 779px\" \/><\/figure><\/div><\/div><\/div>","protected":false},"excerpt":{"rendered":"<p>SU TOUPEEWHOLESALE Ingrosso di parrucchini e sistemi per capelli Fabbricazione. OEM per la sostituzione non chirurgica dei capelli. Siamo stabiliti a Qingdao e forniamo l&#8217;industria dei capelli da quasi 30 anni, abbiamo 2 moderne strutture di fabbrica nella periferia di Qingdao. 30 anni sul campo, la fabbrica si sta specializzando in pezzi di capelli da [&hellip;]<\/p>\n","protected":false},"author":1,"featured_media":0,"parent":0,"menu_order":0,"comment_status":"closed","ping_status":"closed","template":"","meta":{"rank_math_lock_modified_date":false,"site-sidebar-layout":"default","site-content-layout":"","ast-site-content-layout":"","site-content-style":"default","site-sidebar-style":"default","ast-global-header-display":"","ast-banner-title-visibility":"","ast-main-header-display":"","ast-hfb-above-header-display":"","ast-hfb-below-header-display":"","ast-hfb-mobile-header-display":"","site-post-title":"","ast-breadcrumbs-content":"","ast-featured-img":"","footer-sml-layout":"","theme-transparent-header-meta":"","adv-header-id-meta":"","stick-header-meta":"","header-above-stick-meta":"","header-main-stick-meta":"","header-below-stick-meta":"","astra-migrate-meta-layouts":"default","ast-page-background-enabled":"default","ast-page-background-meta":{"desktop":{"background-color":"var(--ast-global-color-4)","background-image":"","background-repeat":"repeat","background-position":"center center","background-size":"auto","background-attachment":"scroll","background-type":"","background-media":"","overlay-type":"","overlay-color":"","overlay-opacity":"","overlay-gradient":""},"tablet":{"background-color":"","background-image":"","background-repeat":"repeat","background-position":"center center","background-size":"auto","background-attachment":"scroll","background-type":"","background-media":"","overlay-type":"","overlay-color":"","overlay-opacity":"","overlay-gradient":""},"mobile":{"background-color":"","background-image":"","background-repeat":"repeat","background-position":"center center","background-size":"auto","background-attachment":"scroll","background-type":"","background-media":"","overlay-type":"","overlay-color":"","overlay-opacity":"","overlay-gradient":""}},"ast-content-background-meta":{"desktop":{"background-color":"var(--ast-global-color-5)","background-image":"","background-repeat":"repeat","background-position":"center center","background-size":"auto","background-attachment":"scroll","background-type":"","background-media":"","overlay-type":"","overlay-color":"","overlay-opacity":"","overlay-gradient":""},"tablet":{"background-color":"var(--ast-global-color-5)","background-image":"","background-repeat":"repeat","background-position":"center center","background-size":"auto","background-attachment":"scroll","background-type":"","background-media":"","overlay-type":"","overlay-color":"","overlay-opacity":"","overlay-gradient":""},"mobile":{"background-color":"var(--ast-global-color-5)","background-image":"","background-repeat":"repeat","background-position":"center center","background-size":"auto","background-attachment":"scroll","background-type":"","background-media":"","overlay-type":"","overlay-color":"","overlay-opacity":"","overlay-gradient":""}},"footnotes":""},"class_list":["post-398","page","type-page","status-publish","hentry"],"_links":{"self":[{"href":"https:\/\/toupeewholesale.com\/it\/wp-json\/wp\/v2\/pages\/398","targetHints":{"allow":["GET"]}}],"collection":[{"href":"https:\/\/toupeewholesale.com\/it\/wp-json\/wp\/v2\/pages"}],"about":[{"href":"https:\/\/toupeewholesale.com\/it\/wp-json\/wp\/v2\/types\/page"}],"author":[{"embeddable":true,"href":"https:\/\/toupeewholesale.com\/it\/wp-json\/wp\/v2\/users\/1"}],"replies":[{"embeddable":true,"href":"https:\/\/toupeewholesale.com\/it\/wp-json\/wp\/v2\/comments?post=398"}],"version-history":[{"count":1,"href":"https:\/\/toupeewholesale.com\/it\/wp-json\/wp\/v2\/pages\/398\/revisions"}],"predecessor-version":[{"id":406,"href":"https:\/\/toupeewholesale.com\/it\/wp-json\/wp\/v2\/pages\/398\/revisions\/406"}],"wp:attachment":[{"href":"https:\/\/toupeewholesale.com\/it\/wp-json\/wp\/v2\/media?parent=398"}],"curies":[{"name":"wp","href":"https:\/\/api.w.org\/{rel}","templated":true}]}}