{"id":409,"date":"2023-07-01T04:31:56","date_gmt":"2023-07-01T02:31:56","guid":{"rendered":"https:\/\/toupeewholesale.com\/it\/\/?page_id=409"},"modified":"2023-07-01T04:31:57","modified_gmt":"2023-07-01T02:31:57","slug":"metodo-di-pagamento","status":"publish","type":"page","link":"https:\/\/toupeewholesale.com\/it\/metodo-di-pagamento\/","title":{"rendered":"Metodo di Pagamento"},"content":{"rendered":"<p><strong>Quali sono i metodi di pagamento sicuri accettati?<\/strong><\/p><p>Accettiamo tutte le seguenti forme di pagamento online sicuro:<\/p><p><strong>PayPal<\/strong><\/p><figure class=\"wp-block-image size-full\"><img loading=\"lazy\" decoding=\"async\" width=\"293\" height=\"97\" src=\"https:\/\/toupeewholesale.com\/it\/\/wp-content\/uploads\/2023\/07\/paypal.png\" alt=\"\" class=\"wp-image-410\"><\/figure><p>PayPal \u00e8 un metodo di pagamento sicuro e affidabile per gli acquisti online.<\/p><p>1) con paypal \u00e8 possibile inviare pagamenti online in modo rapido e sicuro.<\/p><p>2) attraverso paypal, \u00e8 possibile pagare con carta di credito, carta di debito o conto corrente bancario anche se non si dispone di un conto paypal.<\/p><p>3) una volta inviato l&#8217;ordine, sarete reindirizzati a paypal per completare la transazione. potete seguire lo stato del vostro pagamento utilizzando il vostro conto paypal.<\/p>","protected":false},"excerpt":{"rendered":"<p>Quali sono i metodi di pagamento sicuri accettati? Accettiamo tutte le seguenti forme di pagamento online sicuro: PayPal PayPal \u00e8 un metodo di pagamento sicuro e affidabile per gli acquisti online. 1) con paypal \u00e8 possibile inviare pagamenti online in modo rapido e sicuro. 2) attraverso paypal, \u00e8 possibile pagare con carta di credito, carta [&hellip;]<\/p>\n","protected":false},"author":1,"featured_media":0,"parent":0,"menu_order":0,"comment_status":"closed","ping_status":"closed","template":"","meta":{"rank_math_lock_modified_date":false,"site-sidebar-layout":"default","site-content-layout":"","ast-site-content-layout":"","site-content-style":"default","site-sidebar-style":"default","ast-global-header-display":"","ast-banner-title-visibility":"","ast-main-header-display":"","ast-hfb-above-header-display":"","ast-hfb-below-header-display":"","ast-hfb-mobile-header-display":"","site-post-title":"disabled","ast-breadcrumbs-content":"","ast-featured-img":"","footer-sml-layout":"","theme-transparent-header-meta":"","adv-header-id-meta":"","stick-header-meta":"","header-above-stick-meta":"","header-main-stick-meta":"","header-below-stick-meta":"","astra-migrate-meta-layouts":"default","ast-page-background-enabled":"default","ast-page-background-meta":{"desktop":{"background-color":"var(--ast-global-color-4)","background-image":"","background-repeat":"repeat","background-position":"center center","background-size":"auto","background-attachment":"scroll","background-type":"","background-media":"","overlay-type":"","overlay-color":"","overlay-opacity":"","overlay-gradient":""},"tablet":{"background-color":"","background-image":"","background-repeat":"repeat","background-position":"center center","background-size":"auto","background-attachment":"scroll","background-type":"","background-media":"","overlay-type":"","overlay-color":"","overlay-opacity":"","overlay-gradient":""},"mobile":{"background-color":"","background-image":"","background-repeat":"repeat","background-position":"center center","background-size":"auto","background-attachment":"scroll","background-type":"","background-media":"","overlay-type":"","overlay-color":"","overlay-opacity":"","overlay-gradient":""}},"ast-content-background-meta":{"desktop":{"background-color":"var(--ast-global-color-5)","background-image":"","background-repeat":"repeat","background-position":"center center","background-size":"auto","background-attachment":"scroll","background-type":"","background-media":"","overlay-type":"","overlay-color":"","overlay-opacity":"","overlay-gradient":""},"tablet":{"background-color":"var(--ast-global-color-5)","background-image":"","background-repeat":"repeat","background-position":"center center","background-size":"auto","background-attachment":"scroll","background-type":"","background-media":"","overlay-type":"","overlay-color":"","overlay-opacity":"","overlay-gradient":""},"mobile":{"background-color":"var(--ast-global-color-5)","background-image":"","background-repeat":"repeat","background-position":"center center","background-size":"auto","background-attachment":"scroll","background-type":"","background-media":"","overlay-type":"","overlay-color":"","overlay-opacity":"","overlay-gradient":""}},"footnotes":""},"class_list":["post-409","page","type-page","status-publish","hentry"],"_links":{"self":[{"href":"https:\/\/toupeewholesale.com\/it\/wp-json\/wp\/v2\/pages\/409","targetHints":{"allow":["GET"]}}],"collection":[{"href":"https:\/\/toupeewholesale.com\/it\/wp-json\/wp\/v2\/pages"}],"about":[{"href":"https:\/\/toupeewholesale.com\/it\/wp-json\/wp\/v2\/types\/page"}],"author":[{"embeddable":true,"href":"https:\/\/toupeewholesale.com\/it\/wp-json\/wp\/v2\/users\/1"}],"replies":[{"embeddable":true,"href":"https:\/\/toupeewholesale.com\/it\/wp-json\/wp\/v2\/comments?post=409"}],"version-history":[{"count":1,"href":"https:\/\/toupeewholesale.com\/it\/wp-json\/wp\/v2\/pages\/409\/revisions"}],"predecessor-version":[{"id":411,"href":"https:\/\/toupeewholesale.com\/it\/wp-json\/wp\/v2\/pages\/409\/revisions\/411"}],"wp:attachment":[{"href":"https:\/\/toupeewholesale.com\/it\/wp-json\/wp\/v2\/media?parent=409"}],"curies":[{"name":"wp","href":"https:\/\/api.w.org\/{rel}","templated":true}]}}