{"id":412,"date":"2023-07-01T05:05:57","date_gmt":"2023-07-01T03:05:57","guid":{"rendered":"https:\/\/toupeewholesale.com\/it\/\/?page_id=412"},"modified":"2023-07-01T05:05:59","modified_gmt":"2023-07-01T03:05:59","slug":"politica-di-spedizione","status":"publish","type":"page","link":"https:\/\/toupeewholesale.com\/it\/politica-di-spedizione\/","title":{"rendered":"Politica di Spedizione"},"content":{"rendered":"<p>Politica di spedizione<\/p><p>toupeewholesale \u00e8 un rivenditore online leader a livello mondiale. Siamo esperti nella spedizione di ordini in tutto il mondo. Collaboriamo con le principali societ\u00e0 di spedizione internazionali come DHL. I nostri prodotti sono in pre-stock, quindi i tempi di elaborazione sono solitamente molto rapidi.<\/p><p><strong>In quale paese spedite gratuitamente?<\/strong><\/p><p>Abbiamo la spedizione gratuita in tutto il mondo per tutti i prodotti del sistema per capelli.<\/p><ul class=\"wp-block-list\"><li>Se nell&#8217;ordine ci sono solo accessori del sistema per capelli, il costo della spedizione \u00e8 di 29,9 dollari se il pacco pesa meno di 0,5 kg. Se il peso \u00e8 superiore a 0,5 kg, si applica un supplemento di 10 dollari per ogni 0,5 kg in pi\u00f9.<\/li><\/ul><p><strong>Quanto dura la spedizione?<\/strong><\/p><p>I tempi di spedizione variano.<\/p><p>tempi di elaborazione: 1-3 giorni lavorativi.<\/p><p>tempi di spedizione (non sono compresi eventuali ritardi nello sdoganamento, fine settimana, giorni festivi e circostanze imprevedibili).<\/p><p>USA: 3-7 giorni lavorativi<\/p><p>CANADA: 3-7 giorni lavorativi<\/p><p>EUROPA:3-7 giorni lavorativi<\/p><p>AFRICA:5-14 giorni lavorativi<\/p><p>AUSTRALIA:3-7 giorni lavorativi<\/p><p>Altri Paesi:5-14 giorni lavorativi<\/p><p><strong>Sito di Tracciamento:<\/strong><\/p><p>http:\/\/www.dhl.com\/en.html DHL<\/p><p>Prodotto personalizzato \u00e8 5-14 settimane<\/p><p>Se l&#8217;espressione \u00e8 in ritardo e le merci non sono ricevute, si prega di contattarci via email:support@toupeewholesale.com<\/p><p><strong>Come posso cambiare il metodo di spedizione?<\/strong><\/p><p>Tecnicamente non \u00e8 possibile modificare un ordine una volta effettuato il pagamento. Se l&#8217;ordine \u00e8 ancora in fase di elaborazione, contattateci all&#8217;indirizzo support@toupeewholesale.com: potremmo essere in grado di modificare il metodo di spedizione.<\/p><p><strong>Ci sar\u00e0 un numero di tracciamento?<\/strong><\/p><p>Il vostro ordine sar\u00e0 accompagnato da un numero di tracciamento. Una volta spedito l&#8217;ordine, vi invieremo le istruzioni per il tracciamento al vostro indirizzo e-mail in archivio. Inizialmente il numero di tracking potrebbe non essere rintracciabile. Contattateci se il vostro tracking non mostra alcun aggiornamento dopo 3 giorni. Il nostro indirizzo e-mail \u00e8 support@toupeewholesale.com. Controlleremo due volte per voi e ci assicureremo che il numero di tracking sia corretto.<\/p><p><strong>Sdoganamento<\/strong><\/p><p>I clienti sono responsabili delle spese di sdoganamento. Si prega di contattare il Servizio Clienti per ulteriori questions.email:support@toupeewholesale.com<\/p>","protected":false},"excerpt":{"rendered":"<p>Politica di spedizione toupeewholesale \u00e8 un rivenditore online leader a livello mondiale. Siamo esperti nella spedizione di ordini in tutto il mondo. Collaboriamo con le principali societ\u00e0 di spedizione internazionali come DHL. I nostri prodotti sono in pre-stock, quindi i tempi di elaborazione sono solitamente molto rapidi. In quale paese spedite gratuitamente? Abbiamo la spedizione [&hellip;]<\/p>\n","protected":false},"author":1,"featured_media":0,"parent":0,"menu_order":0,"comment_status":"closed","ping_status":"closed","template":"","meta":{"rank_math_lock_modified_date":false,"site-sidebar-layout":"default","site-content-layout":"","ast-site-content-layout":"","site-content-style":"default","site-sidebar-style":"default","ast-global-header-display":"","ast-banner-title-visibility":"","ast-main-header-display":"","ast-hfb-above-header-display":"","ast-hfb-below-header-display":"","ast-hfb-mobile-header-display":"","site-post-title":"disabled","ast-breadcrumbs-content":"","ast-featured-img":"","footer-sml-layout":"","theme-transparent-header-meta":"","adv-header-id-meta":"","stick-header-meta":"","header-above-stick-meta":"","header-main-stick-meta":"","header-below-stick-meta":"","astra-migrate-meta-layouts":"default","ast-page-background-enabled":"default","ast-page-background-meta":{"desktop":{"background-color":"var(--ast-global-color-4)","background-image":"","background-repeat":"repeat","background-position":"center center","background-size":"auto","background-attachment":"scroll","background-type":"","background-media":"","overlay-type":"","overlay-color":"","overlay-opacity":"","overlay-gradient":""},"tablet":{"background-color":"","background-image":"","background-repeat":"repeat","background-position":"center center","background-size":"auto","background-attachment":"scroll","background-type":"","background-media":"","overlay-type":"","overlay-color":"","overlay-opacity":"","overlay-gradient":""},"mobile":{"background-color":"","background-image":"","background-repeat":"repeat","background-position":"center center","background-size":"auto","background-attachment":"scroll","background-type":"","background-media":"","overlay-type":"","overlay-color":"","overlay-opacity":"","overlay-gradient":""}},"ast-content-background-meta":{"desktop":{"background-color":"var(--ast-global-color-5)","background-image":"","background-repeat":"repeat","background-position":"center center","background-size":"auto","background-attachment":"scroll","background-type":"","background-media":"","overlay-type":"","overlay-color":"","overlay-opacity":"","overlay-gradient":""},"tablet":{"background-color":"var(--ast-global-color-5)","background-image":"","background-repeat":"repeat","background-position":"center center","background-size":"auto","background-attachment":"scroll","background-type":"","background-media":"","overlay-type":"","overlay-color":"","overlay-opacity":"","overlay-gradient":""},"mobile":{"background-color":"var(--ast-global-color-5)","background-image":"","background-repeat":"repeat","background-position":"center center","background-size":"auto","background-attachment":"scroll","background-type":"","background-media":"","overlay-type":"","overlay-color":"","overlay-opacity":"","overlay-gradient":""}},"footnotes":""},"class_list":["post-412","page","type-page","status-publish","hentry"],"_links":{"self":[{"href":"https:\/\/toupeewholesale.com\/it\/wp-json\/wp\/v2\/pages\/412","targetHints":{"allow":["GET"]}}],"collection":[{"href":"https:\/\/toupeewholesale.com\/it\/wp-json\/wp\/v2\/pages"}],"about":[{"href":"https:\/\/toupeewholesale.com\/it\/wp-json\/wp\/v2\/types\/page"}],"author":[{"embeddable":true,"href":"https:\/\/toupeewholesale.com\/it\/wp-json\/wp\/v2\/users\/1"}],"replies":[{"embeddable":true,"href":"https:\/\/toupeewholesale.com\/it\/wp-json\/wp\/v2\/comments?post=412"}],"version-history":[{"count":1,"href":"https:\/\/toupeewholesale.com\/it\/wp-json\/wp\/v2\/pages\/412\/revisions"}],"predecessor-version":[{"id":413,"href":"https:\/\/toupeewholesale.com\/it\/wp-json\/wp\/v2\/pages\/412\/revisions\/413"}],"wp:attachment":[{"href":"https:\/\/toupeewholesale.com\/it\/wp-json\/wp\/v2\/media?parent=412"}],"curies":[{"name":"wp","href":"https:\/\/api.w.org\/{rel}","templated":true}]}}