{"id":49,"date":"2023-06-17T05:29:17","date_gmt":"2023-06-17T03:29:17","guid":{"rendered":"https:\/\/toupeewholesale.com\/it\/\/?post_type=product&#038;p=49"},"modified":"2023-06-26T05:28:20","modified_gmt":"2023-06-26T03:28:20","slug":"0-12mm-protesi-capelli-uomo-in-pellicola","status":"publish","type":"product","link":"https:\/\/toupeewholesale.com\/it\/prodotto\/0-12mm-protesi-capelli-uomo-in-pellicola\/","title":{"rendered":"0.12mm protesi capelli uomo in pellicola"},"content":{"rendered":"<p>0.12mm protesi capelli uomo in pellicola<\/p>\n<p>Lo spessore della base \u00e8 di circa 0,12 mm. Si tratta di un sistema per capelli a pelle intera. Rispetto alle basi a pelle sottile, ha una forma migliore e pu\u00f2 durare pi\u00f9 a lungo. Pu\u00f2 durare almeno 6-9 mesi.<\/p>\n<p>STSV &#8211; 12 \u00e8 uno dei modelli di hair system pi\u00f9 popolari tra i saloni perch\u00e9 \u00e8 molto resistente e pu\u00f2 essere tagliato e acconciato in qualsiasi acconciatura dall&#8217;aspetto naturale.<\/p>\n<p>Per un&#8217;unit\u00e0 di base cutanea, non ci sono nodi, quindi l&#8217;aspetto \u00e8 naturale. Un inconveniente della base in pelle \u00e8 che non \u00e8 molto traspirante.<\/p>\n<p>Per essere bello e avere un aspetto accattivante come uomo per le donne che ti vedono, devi curare di pi\u00f9 i tuoi capelli. Con una bella chioma, sarete pi\u00f9 sicuri di voi stessi di fronte alle persone e potrete sempre ottenere ci\u00f2 che cercate.<\/p>\n<p>Domande frequenti per STSV &#8211; 12:<\/p>\n<p>D: Posso tagliare la base se \u00e8 troppo grande per me?<\/p>\n<p>R: S\u00ec, \u00e8 assolutamente possibile. Per questo modello, \u00e8 possibile tagliare quanto si desidera.<\/p>\n<p>D: Ci sono altri colori disponibili per questo modello?<\/p>\n<p>R: S\u00ec, Mirage ha 65 colori in magazzino che vanno dal nero, al castano, al biondo, al grigio. Se non riuscite a trovare il colore che desiderate nell&#8217;elenco a discesa dei colori, contattate support@toupeewholesale.com e il nostro personale controller\u00e0 per voi.<\/p>\n<table style=\"width: 100%; border: 1px solid #D7D7D7;\" data-ostyle=\"\">\n<tbody>\n<tr style=\"height: 50px;\">\n<td style=\"width: 30%; height: 35px; border-bottom: 1px solid #D7D7D7; border-right: 1px solid #D7D7D7; text-align: right; padding-left: 10px; padding-right: 10px;\"><b>Tipo Capelli:<\/b><\/td>\n<td style=\"width: 70%; height: 35px; border-bottom: 1px solid #D7D7D7; padding-left: 10px; padding-right: 10px;\">Indiani<\/td>\n<\/tr>\n<tr style=\"height: 50px; background-color: #ececec;\">\n<td style=\"width: 30%; height: 35px; border-bottom: 1px solid #D7D7D7; border-right: 1px solid #D7D7D7; text-align: right; padding-left: 10px; padding-right: 10px;\"><b>Costruzione del Tappo<\/b><\/td>\n<td style=\"width: 70%; height: 35px; border-bottom: 1px solid #D7D7D7; padding-left: 10px; padding-right: 10px;\">0.12mm Vloop protesi in pellicola uomo<\/td>\n<\/tr>\n<tr style=\"height: 50px;\">\n<td style=\"width: 30%; height: 21px; border-bottom: 1px solid #D7D7D7; border-right: 1px solid #D7D7D7; text-align: right; padding-left: 10px; padding-right: 10px;\"><b>Misure della base<\/b><\/td>\n<td style=\"width: 70%; height: 21px; border-bottom: 1px solid #D7D7D7; padding-left: 10px; padding-right: 10px;\">lunghezza 25 cm x larghezza 20 cm, lunghezza 25 cm x larghezza 17 cm, lunghezza 22 cm x larghezza 17 cm, lunghezza 20 cm x larghezza 15 cm,pu\u00f2 essere tagliato a qualsiasi dimensione pi\u00f9 piccola<\/td>\n<\/tr>\n<tr style=\"height: 50px; background-color: #ececec;\">\n<td style=\"width: 30%; height: 21px; border-bottom: 1px solid #D7D7D7; border-right: 1px solid #D7D7D7; text-align: right; padding-left: 10px; padding-right: 10px;\"><b>Stile<\/b><\/td>\n<td style=\"width: 70%; height: 21px; border-bottom: 1px solid #D7D7D7; padding-left: 10px; padding-right: 10px;\">stile libero<\/td>\n<\/tr>\n<tr style=\"height: 50px;\">\n<td style=\"width: 30%; height: 21px; border-bottom: 1px solid #D7D7D7; border-right: 1px solid #D7D7D7; text-align: right; padding-left: 10px; padding-right: 10px;\"><b>Base<\/b><\/td>\n<td style=\"width: 70%; height: 21px; border-bottom: 1px solid #D7D7D7; padding-left: 10px; padding-right: 10px;\">skin (pellicola, poly)<\/td>\n<\/tr>\n<tr style=\"height: 50px; background-color: #ececec;\">\n<td style=\"width: 30%; height: 21px; border-bottom: 1px solid #D7D7D7; border-right: 1px solid #D7D7D7; text-align: right; padding-left: 10px; padding-right: 10px;\"><b>Spessore della base<\/b><\/td>\n<td style=\"width: 70%; height: 21px; border-bottom: 1px solid #D7D7D7; padding-left: 10px; padding-right: 10px;\">0.12mm<\/td>\n<\/tr>\n<tr style=\"height: 50px;\">\n<td style=\"width: 30%; height: 21px; border-bottom: 1px solid #D7D7D7; border-right: 1px solid #D7D7D7; text-align: right; padding-left: 10px; padding-right: 10px;\"><b>Lunghezza capelli<\/b><\/td>\n<td style=\"width: 70%; height: 21px; border-bottom: 1px solid #D7D7D7; padding-left: 10px; padding-right: 10px;\">15 cm<\/td>\n<\/tr>\n<tr style=\"height: 50px; background-color: #ececec;\">\n<td style=\"width: 30%; height: 21px; border-bottom: 1px solid #D7D7D7; border-right: 1px solid #D7D7D7; text-align: right; padding-left: 10px; padding-right: 10px;\"><b>Densit\u00e0<\/b><\/td>\n<td style=\"width: 70%; height: 21px; border-bottom: 1px solid #D7D7D7; padding-left: 10px; padding-right: 10px;\">110-120 %<\/td>\n<\/tr>\n<tr style=\"height: 50px;\">\n<td style=\"width: 30%; height: 21px; border-bottom: 1px solid #D7D7D7; border-right: 1px solid #D7D7D7; text-align: right; padding-left: 10px; padding-right: 10px;\"><b>Colore Capelli<\/b><\/td>\n<td style=\"width: 70%; height: 21px; border-bottom: 1px solid #D7D7D7; padding-left: 10px; padding-right: 10px;\">#1, #1A, #1B, #1B10, #1B20, #1B40, #1B50,#1B60, #2, #210, #220, #240,#250, #3, #310, #320, #340,#350, #4, #410, #420, #430, #440, #450, #4ASH, #5, #6, #7, #7ASH, #18, #22<\/td>\n<\/tr>\n<\/tbody>\n<\/table>\n<p><b>cura e manutenzione<\/b><\/p>\n<p>Il toupet pu\u00f2 essere tranquillamente lavato indossato o meno, di seguito vi diamo alcune indicazioni a procedere:<\/p>\n<p>Istruzioni per il lavaggio con toupet indossato:<\/p>\n<p>Applicate uno shampoo neutro e fate schiumare massaggiando delicatamente i capelli<\/p>\n<p>Risciacquate bene e se ritenete opportuno ripetete una seconda volta lo shampoo<\/p>\n<p>Per mantenere il toupet luminoso e morbido vi consigliamo di applicare un balsamo delicato per capelli trattati sulle lunghezze<\/p>\n<p>pettinare delicatamente i capelli con un pettine a denti larghi<\/p>\n<p>Lasciate agire il balsamo per 5\/6 minuti<\/p>\n<p>Risciacquate bene<\/p>\n<p>Tamponare con un asciugamano dolcemente per togliere l&#8217;acqua in eccesso senza strofinare<\/p>\n<p>Procedete ad asciugarlo con il phon dando quindi la piega desiderata<\/p>\n<p>Istruzioni per il lavaggio con toupet non indossato (consigliato almeno 1 volta al mese in quanto permette una pulizia pi\u00f9 profonda):<\/p>\n<p>Prima di lavare il toupet pettinatelo con delicatezza con un pettine a denti larghi.<\/p>\n<p>Bagnatelo delicatamente con acqua TIEPIDA, tenendolo con una mano all&#8217;interno della calottina, utilizzando un docciatore se disponibile.<\/p>\n<p>Applicate uno shampoo neutro e pettinate delicatamente SENZA AGGROVIGLIARE I CAPELLI.<\/p>\n<p>Fatto questo risciacquate bene con acqua TIEPIDA senza strizzare, continuando a pettinarlo con un pettine a denti larghi.<\/p>\n<p>Ripetere il lavaggio e il risciacquo una seconda volta procedendo come descritto sopra.<\/p>\n<p>Per mantenere il toupet luminoso e morbido vi consigliamo di applicare un balsamo delicato per capelli trattati sulle lunghezze continuando a pettinare delicatamente i capelli.<\/p>\n<p>Lasciate agire il balsamo per 5\/6 minuti.<\/p>\n<p>Fatto questo risciacquate bene con acqua TIEPIDA senza strizzare, continuando a pettinare i capelli.<\/p>\n<p>Avvolgete il toupet con un asciugamano morbido tamponandolo dolcemente per togliere l&#8217;acqua in eccesso senza strofinare.<\/p>\n<p>Per l&#8217;asciugatura potete procedere in due modi: lasciarlo asciugare all&#8217;aria a temperatura ambiente appoggiandolo su una testina, oppure potete asciugarlo con il phon dando quindi la piega desiderata, \u00e8 possibile utilizzare gel o prodotti fissativi che aiutano a proteggere i capelli e a mantenere la piega purch\u00e8 non siano aggressivi e contengano alcool.<\/p>\n<p><b>Attenzione:<\/b><\/p>\n<p>NON usare il phon alla massima temperatura e NON tenerlo troppo vicino alla calottina interna per non ustionarla e per evitare di compromettere la lucentezza e la morbidezza del capello. E&#8217; sconsigliato l&#8217;uso della piastra per capelli. Sconsigliamo inoltre di utilizzare ferri arricciacapelli, bigodini a caldo o altri strumenti che utilizzano calore in quanto l&#8217;elevata temperatura rischia di compromettere la qualit\u00e0 del capello.<\/p>\n<p>Pettinate il toupet sempre con la massima delicatezza utilizzando un pettine a denti larghi per evitare di allentare l&#8217;annodatura dei capelli. Potete utilizzare prodotti per capelli in minime quantit\u00e0. Si sconsiglia in ogni caso di applicare lacca o schiuma per capelli o altri prodotti che contengono gas, alcool o altri ingredienti aggressivi.<\/p>\n","protected":false},"excerpt":{"rendered":"<p>0.12mm protesi capelli uomo in pellicola Lo spessore della base \u00e8 di circa 0,12 mm. Si tratta di un sistema per capelli a pelle intera. Rispetto alle basi a pelle sottile, ha una forma migliore e pu\u00f2 durare pi\u00f9 a lungo. Pu\u00f2 durare almeno 6-9 mesi. STSV &#8211; 12 \u00e8 uno dei modelli di hair [&hellip;]<\/p>\n","protected":false},"featured_media":50,"comment_status":"open","ping_status":"closed","template":"","meta":{"rank_math_lock_modified_date":false,"site-sidebar-layout":"default","site-content-layout":"default","ast-site-content-layout":"","site-content-style":"default","site-sidebar-style":"default","ast-global-header-display":"","ast-banner-title-visibility":"","ast-main-header-display":"","ast-hfb-above-header-display":"","ast-hfb-below-header-display":"","ast-hfb-mobile-header-display":"","site-post-title":"","ast-breadcrumbs-content":"","ast-featured-img":"","footer-sml-layout":"","theme-transparent-header-meta":"default","adv-header-id-meta":"","stick-header-meta":"","header-above-stick-meta":"","header-main-stick-meta":"","header-below-stick-meta":"","astra-migrate-meta-layouts":"default","ast-page-background-enabled":"default","ast-page-background-meta":{"desktop":{"background-color":"var(--ast-global-color-4)","background-image":"","background-repeat":"repeat","background-position":"center center","background-size":"auto","background-attachment":"scroll","background-type":"","background-media":"","overlay-type":"","overlay-color":"","overlay-opacity":"","overlay-gradient":""},"tablet":{"background-color":"","background-image":"","background-repeat":"repeat","background-position":"center center","background-size":"auto","background-attachment":"scroll","background-type":"","background-media":"","overlay-type":"","overlay-color":"","overlay-opacity":"","overlay-gradient":""},"mobile":{"background-color":"","background-image":"","background-repeat":"repeat","background-position":"center center","background-size":"auto","background-attachment":"scroll","background-type":"","background-media":"","overlay-type":"","overlay-color":"","overlay-opacity":"","overlay-gradient":""}},"ast-content-background-meta":{"desktop":{"background-color":"var(--ast-global-color-5)","background-image":"","background-repeat":"repeat","background-position":"center center","background-size":"auto","background-attachment":"scroll","background-type":"","background-media":"","overlay-type":"","overlay-color":"","overlay-opacity":"","overlay-gradient":""},"tablet":{"background-color":"var(--ast-global-color-5)","background-image":"","background-repeat":"repeat","background-position":"center center","background-size":"auto","background-attachment":"scroll","background-type":"","background-media":"","overlay-type":"","overlay-color":"","overlay-opacity":"","overlay-gradient":""},"mobile":{"background-color":"var(--ast-global-color-5)","background-image":"","background-repeat":"repeat","background-position":"center center","background-size":"auto","background-attachment":"scroll","background-type":"","background-media":"","overlay-type":"","overlay-color":"","overlay-opacity":"","overlay-gradient":""}}},"product_cat":[17],"product_tag":[],"class_list":{"0":"post-49","1":"product","2":"type-product","3":"status-publish","4":"has-post-thumbnail","6":"product_cat-patch-cutanea","7":"desktop-align-left","8":"tablet-align-left","9":"mobile-align-left","11":"first","12":"instock","13":"shipping-taxable","14":"purchasable","15":"product-type-variable"},"_links":{"self":[{"href":"https:\/\/toupeewholesale.com\/it\/wp-json\/wp\/v2\/product\/49","targetHints":{"allow":["GET"]}}],"collection":[{"href":"https:\/\/toupeewholesale.com\/it\/wp-json\/wp\/v2\/product"}],"about":[{"href":"https:\/\/toupeewholesale.com\/it\/wp-json\/wp\/v2\/types\/product"}],"replies":[{"embeddable":true,"href":"https:\/\/toupeewholesale.com\/it\/wp-json\/wp\/v2\/comments?post=49"}],"wp:featuredmedia":[{"embeddable":true,"href":"https:\/\/toupeewholesale.com\/it\/wp-json\/wp\/v2\/media\/50"}],"wp:attachment":[{"href":"https:\/\/toupeewholesale.com\/it\/wp-json\/wp\/v2\/media?parent=49"}],"wp:term":[{"taxonomy":"product_cat","embeddable":true,"href":"https:\/\/toupeewholesale.com\/it\/wp-json\/wp\/v2\/product_cat?post=49"},{"taxonomy":"product_tag","embeddable":true,"href":"https:\/\/toupeewholesale.com\/it\/wp-json\/wp\/v2\/product_tag?post=49"}],"curies":[{"name":"wp","href":"https:\/\/api.w.org\/{rel}","templated":true}]}}