{"id":97,"date":"2023-06-17T08:31:52","date_gmt":"2023-06-17T06:31:52","guid":{"rendered":"https:\/\/toupeewholesale.com\/it\/\/?post_type=product&#038;p=97"},"modified":"2023-06-26T09:10:15","modified_gmt":"2023-06-26T07:10:15","slug":"27-protesi-capelli-forte-ed-invisibile","status":"publish","type":"product","link":"https:\/\/toupeewholesale.com\/it\/prodotto\/27-protesi-capelli-forte-ed-invisibile\/","title":{"rendered":"27+ | Protesi capelli Forte ed Invisibile"},"content":{"rendered":"<p>Protesi capelli composta da una base invisibile nel frontale e resistente dietro, la giusta opzione per chi cerca una patch cutanea forte ma al contempo invisibile nel suo perimetro ed in particolare nella zona della fronte.<\/p>\n<p>Potrai pettinarti con i capelli tutti indietro ma al contempo avere una base molto resistente nel tempo.<\/p>\n<p>Una ottima opzione per chi cerca una protesi di capelli moderna ma forte.<\/p>\n<p>Analizziamo per bene la sua base, cosi da capirne i vari pregi.<\/p>\n<p>1 Abbiamo nella zona del front un lace di origine Europea, invisibile e trasparente, con capelli annodati singolarmente e sbiancati ad arte, l\u2019effetto \u00e8 un frontale totalmente invisibile anche guardandolo a pochi centimetri di distanza.<\/p>\n<p>2 Dietro poi abbiamo una tira di skin che va su tutto il perimetro e pure dietro il pezzo in lace del frontale e si divide poi sul dietro in differenti tire .<\/p>\n<p>Questa line di poliuretano assicura forza, facilit\u00e0 di pulizia, la possibilit\u00e0 di usare tapes e quindi maggiore adesione,. il fatto che dietro si divide in differenti tire da forza, maggiore adesione ed anche la possibilit\u00e0 di ritagliare il sistema in misure diverse, se la vostra calvizie \u00e8 pi\u00f9 piccola .<\/p>\n<p>3 Nel centro poi abbiamo un lace forte ma morbido, sempre con capelli inseriti a mano, individualmente.<\/p>\n<p>Questo lace ti assicurer\u00e0 traspirazione, e la possibilit\u00e0 che quando ti laverai sentirai l\u2019acqua sulla tua pelle.<\/p>\n<p>Potrai fare sport, anche agonistico, dormire con essa, pettinarti con i capelli tutti indietro, insomma riavere la chioma che tanto cerchi.<\/p>\n<p>Il sistema \u00e8 totalmente fatto a mano, dai migliori tecnici della nostra fabbrica e soddisfer\u00e0 le tue esigenze di portatore.<\/p>\n<p>Una protesi capillare, forte, invisibile, facile da usare (quindi adatta anche a chi non \u00e8 esperto in fatto di protesi capelli e loro manutenzione) ed adatta per chi fa molto sport e necessita di traspirazione ma al contempo forte adesione del sistema alla cute.<\/p>\n<table style=\"width: 100%; border: 1px solid #D7D7D7;\" data-ostyle=\"\">\n<tbody>\n<tr style=\"height: 50px;\">\n<td style=\"width: 30%; height: 35px; border-bottom: 1px solid #D7D7D7; border-right: 1px solid #D7D7D7; text-align: right; padding-left: 10px; padding-right: 10px;\"><b>Tipo Capelli:<\/b><\/td>\n<td style=\"width: 70%; height: 35px; border-bottom: 1px solid #D7D7D7; padding-left: 10px; padding-right: 10px;\">Indiani<\/td>\n<\/tr>\n<tr style=\"height: 50px; background-color: #ececec;\">\n<td style=\"width: 30%; height: 35px; border-bottom: 1px solid #D7D7D7; border-right: 1px solid #D7D7D7; text-align: right; padding-left: 10px; padding-right: 10px;\"><b>Costruzione del Tappo<\/b><\/td>\n<td style=\"width: 70%; height: 35px; border-bottom: 1px solid #D7D7D7; padding-left: 10px; padding-right: 10px;\">Protesi capelli Forte ed Invisibile<\/td>\n<\/tr>\n<tr style=\"height: 50px;\">\n<td style=\"width: 30%; height: 21px; border-bottom: 1px solid #D7D7D7; border-right: 1px solid #D7D7D7; text-align: right; padding-left: 10px; padding-right: 10px;\"><b>Misure della base<\/b><\/td>\n<td style=\"width: 70%; height: 21px; border-bottom: 1px solid #D7D7D7; padding-left: 10px; padding-right: 10px;\">lunghezza 25 cm x larghezza 20 cm, lunghezza 25 cm x larghezza 17 cm, lunghezza 22 cm x larghezza 17 cm, lunghezza 20 cm x larghezza 15 cm,pu\u00f2 essere tagliato a qualsiasi dimensione pi\u00f9 piccola<\/td>\n<\/tr>\n<tr style=\"height: 50px; background-color: #ececec;\">\n<td style=\"width: 30%; height: 21px; border-bottom: 1px solid #D7D7D7; border-right: 1px solid #D7D7D7; text-align: right; padding-left: 10px; padding-right: 10px;\"><b>Stile<\/b><\/td>\n<td style=\"width: 70%; height: 21px; border-bottom: 1px solid #D7D7D7; padding-left: 10px; padding-right: 10px;\">stile libero<\/td>\n<\/tr>\n<tr style=\"height: 50px;\">\n<td style=\"width: 30%; height: 21px; border-bottom: 1px solid #D7D7D7; border-right: 1px solid #D7D7D7; text-align: right; padding-left: 10px; padding-right: 10px;\"><b>Base<\/b><\/td>\n<td style=\"width: 70%; height: 21px; border-bottom: 1px solid #D7D7D7; padding-left: 10px; padding-right: 10px;\">skin (pellicola, poly),mono e lace<\/td>\n<\/tr>\n<tr style=\"height: 50px; background-color: #ececec;\">\n<td style=\"width: 30%; height: 21px; border-bottom: 1px solid #D7D7D7; border-right: 1px solid #D7D7D7; text-align: right; padding-left: 10px; padding-right: 10px;\"><b>Lunghezza capelli<\/b><\/td>\n<td style=\"width: 70%; height: 21px; border-bottom: 1px solid #D7D7D7; padding-left: 10px; padding-right: 10px;\">15 cm<\/td>\n<\/tr>\n<tr style=\"height: 50px;\">\n<td style=\"width: 30%; height: 21px; border-bottom: 1px solid #D7D7D7; border-right: 1px solid #D7D7D7; text-align: right; padding-left: 10px; padding-right: 10px;\"><b>Densit\u00e0<\/b><\/td>\n<td style=\"width: 70%; height: 21px; border-bottom: 1px solid #D7D7D7; padding-left: 10px; padding-right: 10px;\">110-120 %<\/td>\n<\/tr>\n<tr style=\"height: 50px; background-color: #ececec;\">\n<td style=\"width: 30%; height: 21px; border-bottom: 1px solid #D7D7D7; border-right: 1px solid #D7D7D7; text-align: right; padding-left: 10px; padding-right: 10px;\"><b>Colore Capelli<\/b><\/td>\n<td style=\"width: 70%; height: 21px; border-bottom: 1px solid #D7D7D7; padding-left: 10px; padding-right: 10px;\">#1, #1A, #1B, #1B10, #1B20, #1B40, #1B50,#1B60, #2, #210, #220, #240,#250, #3, #310, #320, #340,#350, #4, #410, #420, #430, #440, #450, #4ASH, #5, #6, #7, #7ASH, #18, #22<\/td>\n<\/tr>\n<\/tbody>\n<\/table>\n<p><b>cura e manutenzione<\/b><\/p>\n<p>Il toupet pu\u00f2 essere tranquillamente lavato indossato o meno, di seguito vi diamo alcune indicazioni a procedere:<\/p>\n<p>Istruzioni per il lavaggio con toupet indossato:<\/p>\n<p>Applicate uno shampoo neutro e fate schiumare massaggiando delicatamente i capelli<\/p>\n<p>Risciacquate bene e se ritenete opportuno ripetete una seconda volta lo shampoo<\/p>\n<p>Per mantenere il toupet luminoso e morbido vi consigliamo di applicare un balsamo delicato per capelli trattati sulle lunghezze<\/p>\n<p>pettinare delicatamente i capelli con un pettine a denti larghi<\/p>\n<p>Lasciate agire il balsamo per 5\/6 minuti<\/p>\n<p>Risciacquate bene<\/p>\n<p>Tamponare con un asciugamano dolcemente per togliere l&#8217;acqua in eccesso senza strofinare<\/p>\n<p>Procedete ad asciugarlo con il phon dando quindi la piega desiderata<\/p>\n<p>Istruzioni per il lavaggio con toupet non indossato (consigliato almeno 1 volta al mese in quanto permette una pulizia pi\u00f9 profonda):<\/p>\n<p>Prima di lavare il toupet pettinatelo con delicatezza con un pettine a denti larghi.<\/p>\n<p>Bagnatelo delicatamente con acqua TIEPIDA, tenendolo con una mano all&#8217;interno della calottina, utilizzando un docciatore se disponibile.<\/p>\n<p>Applicate uno shampoo neutro e pettinate delicatamente SENZA AGGROVIGLIARE I CAPELLI.<\/p>\n<p>Fatto questo risciacquate bene con acqua TIEPIDA senza strizzare, continuando a pettinarlo con un pettine a denti larghi.<\/p>\n<p>Ripetere il lavaggio e il risciacquo una seconda volta procedendo come descritto sopra.<\/p>\n<p>Per mantenere il toupet luminoso e morbido vi consigliamo di applicare un balsamo delicato per capelli trattati sulle lunghezze continuando a pettinare delicatamente i capelli.<\/p>\n<p>Lasciate agire il balsamo per 5\/6 minuti.<\/p>\n<p>Fatto questo risciacquate bene con acqua TIEPIDA senza strizzare, continuando a pettinare i capelli.<\/p>\n<p>Avvolgete il toupet con un asciugamano morbido tamponandolo dolcemente per togliere l&#8217;acqua in eccesso senza strofinare.<\/p>\n<p>Per l&#8217;asciugatura potete procedere in due modi: lasciarlo asciugare all&#8217;aria a temperatura ambiente appoggiandolo su una testina, oppure potete asciugarlo con il phon dando quindi la piega desiderata, \u00e8 possibile utilizzare gel o prodotti fissativi che aiutano a proteggere i capelli e a mantenere la piega purch\u00e8 non siano aggressivi e contengano alcool.<\/p>\n<p><b>Attenzione:<\/b><\/p>\n<p>NON usare il phon alla massima temperatura e NON tenerlo troppo vicino alla calottina interna per non ustionarla e per evitare di compromettere la lucentezza e la morbidezza del capello. E&#8217; sconsigliato l&#8217;uso della piastra per capelli. Sconsigliamo inoltre di utilizzare ferri arricciacapelli, bigodini a caldo o altri strumenti che utilizzano calore in quanto l&#8217;elevata temperatura rischia di compromettere la qualit\u00e0 del capello.<\/p>\n<p>Pettinate il toupet sempre con la massima delicatezza utilizzando un pettine a denti larghi per evitare di allentare l&#8217;annodatura dei capelli. Potete utilizzare prodotti per capelli in minime quantit\u00e0. Si sconsiglia in ogni caso di applicare lacca o schiuma per capelli o altri prodotti che contengono gas, alcool o altri ingredienti aggressivi.<\/p>\n","protected":false},"excerpt":{"rendered":"<p>Protesi capelli composta da una base invisibile nel frontale e resistente dietro, la giusta opzione per chi cerca una patch cutanea forte ma al contempo invisibile nel suo perimetro ed in particolare nella zona della fronte. Potrai pettinarti con i capelli tutti indietro ma al contempo avere una base molto resistente nel tempo. Una ottima [&hellip;]<\/p>\n","protected":false},"featured_media":98,"comment_status":"open","ping_status":"closed","template":"","meta":{"rank_math_lock_modified_date":false,"site-sidebar-layout":"default","site-content-layout":"default","ast-site-content-layout":"","site-content-style":"default","site-sidebar-style":"default","ast-global-header-display":"","ast-banner-title-visibility":"","ast-main-header-display":"","ast-hfb-above-header-display":"","ast-hfb-below-header-display":"","ast-hfb-mobile-header-display":"","site-post-title":"","ast-breadcrumbs-content":"","ast-featured-img":"","footer-sml-layout":"","theme-transparent-header-meta":"default","adv-header-id-meta":"","stick-header-meta":"","header-above-stick-meta":"","header-main-stick-meta":"","header-below-stick-meta":"","astra-migrate-meta-layouts":"default","ast-page-background-enabled":"default","ast-page-background-meta":{"desktop":{"background-color":"var(--ast-global-color-4)","background-image":"","background-repeat":"repeat","background-position":"center center","background-size":"auto","background-attachment":"scroll","background-type":"","background-media":"","overlay-type":"","overlay-color":"","overlay-opacity":"","overlay-gradient":""},"tablet":{"background-color":"","background-image":"","background-repeat":"repeat","background-position":"center center","background-size":"auto","background-attachment":"scroll","background-type":"","background-media":"","overlay-type":"","overlay-color":"","overlay-opacity":"","overlay-gradient":""},"mobile":{"background-color":"","background-image":"","background-repeat":"repeat","background-position":"center center","background-size":"auto","background-attachment":"scroll","background-type":"","background-media":"","overlay-type":"","overlay-color":"","overlay-opacity":"","overlay-gradient":""}},"ast-content-background-meta":{"desktop":{"background-color":"var(--ast-global-color-5)","background-image":"","background-repeat":"repeat","background-position":"center center","background-size":"auto","background-attachment":"scroll","background-type":"","background-media":"","overlay-type":"","overlay-color":"","overlay-opacity":"","overlay-gradient":""},"tablet":{"background-color":"var(--ast-global-color-5)","background-image":"","background-repeat":"repeat","background-position":"center center","background-size":"auto","background-attachment":"scroll","background-type":"","background-media":"","overlay-type":"","overlay-color":"","overlay-opacity":"","overlay-gradient":""},"mobile":{"background-color":"var(--ast-global-color-5)","background-image":"","background-repeat":"repeat","background-position":"center center","background-size":"auto","background-attachment":"scroll","background-type":"","background-media":"","overlay-type":"","overlay-color":"","overlay-opacity":"","overlay-gradient":""}}},"product_cat":[19],"product_tag":[],"class_list":{"0":"post-97","1":"product","2":"type-product","3":"status-publish","4":"has-post-thumbnail","6":"product_cat-sistemi-di-capelli-mono","7":"desktop-align-left","8":"tablet-align-left","9":"mobile-align-left","11":"first","12":"instock","13":"shipping-taxable","14":"purchasable","15":"product-type-variable"},"_links":{"self":[{"href":"https:\/\/toupeewholesale.com\/it\/wp-json\/wp\/v2\/product\/97","targetHints":{"allow":["GET"]}}],"collection":[{"href":"https:\/\/toupeewholesale.com\/it\/wp-json\/wp\/v2\/product"}],"about":[{"href":"https:\/\/toupeewholesale.com\/it\/wp-json\/wp\/v2\/types\/product"}],"replies":[{"embeddable":true,"href":"https:\/\/toupeewholesale.com\/it\/wp-json\/wp\/v2\/comments?post=97"}],"wp:featuredmedia":[{"embeddable":true,"href":"https:\/\/toupeewholesale.com\/it\/wp-json\/wp\/v2\/media\/98"}],"wp:attachment":[{"href":"https:\/\/toupeewholesale.com\/it\/wp-json\/wp\/v2\/media?parent=97"}],"wp:term":[{"taxonomy":"product_cat","embeddable":true,"href":"https:\/\/toupeewholesale.com\/it\/wp-json\/wp\/v2\/product_cat?post=97"},{"taxonomy":"product_tag","embeddable":true,"href":"https:\/\/toupeewholesale.com\/it\/wp-json\/wp\/v2\/product_tag?post=97"}],"curies":[{"name":"wp","href":"https:\/\/api.w.org\/{rel}","templated":true}]}}